{"id":985,"date":"2025-07-03T09:27:50","date_gmt":"2025-07-03T09:27:50","guid":{"rendered":"https:\/\/vaughanadvisors.com\/cms\/?page_id=985"},"modified":"2026-02-09T19:34:48","modified_gmt":"2026-02-09T19:34:48","slug":"home","status":"publish","type":"page","link":"https:\/\/vaughanadvisors.com\/cms\/","title":{"rendered":"Home"},"content":{"rendered":"\t\t<div data-elementor-type=\"wp-page\" data-elementor-id=\"985\" class=\"elementor elementor-985\">\n\t\t\t\t<div class=\"elementor-element elementor-element-dfa34fa e-flex e-con-boxed e-con e-parent\" data-id=\"dfa34fa\" data-element_type=\"container\" data-e-type=\"container\" data-settings=\"{&quot;background_background&quot;:&quot;classic&quot;}\">\n\t\t\t\t\t<div class=\"e-con-inner\">\n\t\t\t\t<div class=\"elementor-element elementor-element-614e69c elementor-widget elementor-widget-spacer\" data-id=\"614e69c\" data-element_type=\"widget\" data-e-type=\"widget\" data-widget_type=\"spacer.default\">\n\t\t\t\t\t\t\t<div class=\"elementor-spacer\">\n\t\t\t<div class=\"elementor-spacer-inner\"><\/div>\n\t\t<\/div>\n\t\t\t\t\t\t<\/div>\n\t\t\t\t\t<\/div>\n\t\t\t\t<\/div>\n\t\t<div class=\"elementor-element elementor-element-b381124 e-con-full e-flex e-con e-parent\" data-id=\"b381124\" data-element_type=\"container\" data-e-type=\"container\" data-settings=\"{&quot;background_background&quot;:&quot;classic&quot;}\">\n\t\t<div class=\"elementor-element elementor-element-ef73a7d e-con-full e-flex e-con e-child\" data-id=\"ef73a7d\" data-element_type=\"container\" data-e-type=\"container\">\n\t\t\t\t<div class=\"elementor-element elementor-element-7d6889d elementor-invisible elementor-widget elementor-widget-text-editor\" data-id=\"7d6889d\" data-element_type=\"widget\" data-e-type=\"widget\" data-settings=\"{&quot;_animation&quot;:&quot;slideInLeft&quot;}\" data-widget_type=\"text-editor.default\">\n\t\t\t\t\t\t\t\t\t<p><strong>\u00bfYa entr\u00f3 en el nuevo orden mundial de la IA?\u00a0 !Implem<span data-huuid=\"8457427897472582191\">\u00e9<\/span>ntela ya para evitar perder m<span data-huuid=\"17562537016158403643\">\u00e1<\/span>s y mas bien ganar!<\/strong><\/p>\t\t\t\t\t\t\t\t<\/div>\n\t\t\t\t<\/div>\n\t\t<div class=\"elementor-element elementor-element-333e38d e-con-full e-flex e-con e-child\" data-id=\"333e38d\" data-element_type=\"container\" data-e-type=\"container\">\n\t\t\t\t<div class=\"elementor-element elementor-element-6347d4f elementor-align-left elementor-mobile-align-center elementor-invisible elementor-widget elementor-widget-button\" data-id=\"6347d4f\" data-element_type=\"widget\" data-e-type=\"widget\" data-settings=\"{&quot;_animation&quot;:&quot;slideInRight&quot;}\" data-widget_type=\"button.default\">\n\t\t\t\t\t\t\t\t\t\t<a class=\"elementor-button elementor-button-link elementor-size-sm\" href=\"https:\/\/wa.link\/u898f0\">\n\t\t\t\t\t\t<span class=\"elementor-button-content-wrapper\">\n\t\t\t\t\t\t\t\t\t<span class=\"elementor-button-text\">\u00a1Agende Consulta Gratuita!<\/span>\n\t\t\t\t\t<\/span>\n\t\t\t\t\t<\/a>\n\t\t\t\t\t\t\t\t<\/div>\n\t\t\t\t<\/div>\n\t\t\t\t<\/div>\n\t\t<div class=\"elementor-element elementor-element-1b1dce4 e-flex e-con-boxed e-con e-parent\" data-id=\"1b1dce4\" data-element_type=\"container\" data-e-type=\"container\">\n\t\t\t\t\t<div class=\"e-con-inner\">\n\t\t\t\t<div class=\"elementor-element elementor-element-1d0b067 elementor-widget elementor-widget-menu-anchor\" data-id=\"1d0b067\" data-element_type=\"widget\" data-e-type=\"widget\" data-widget_type=\"menu-anchor.default\">\n\t\t\t\t\t\t\t<div class=\"elementor-menu-anchor\" id=\"out\"><\/div>\n\t\t\t\t\t\t<\/div>\n\t\t\t\t\t<\/div>\n\t\t\t\t<\/div>\n\t\t<div class=\"elementor-element elementor-element-b963813 e-flex e-con-boxed e-con e-parent\" data-id=\"b963813\" data-element_type=\"container\" data-e-type=\"container\" data-settings=\"{&quot;background_background&quot;:&quot;classic&quot;}\">\n\t\t\t\t\t<div class=\"e-con-inner\">\n\t\t\t\t<div class=\"elementor-element elementor-element-5765486 elementor-widget elementor-widget-spacer\" data-id=\"5765486\" data-element_type=\"widget\" data-e-type=\"widget\" data-widget_type=\"spacer.default\">\n\t\t\t\t\t\t\t<div class=\"elementor-spacer\">\n\t\t\t<div class=\"elementor-spacer-inner\"><\/div>\n\t\t<\/div>\n\t\t\t\t\t\t<\/div>\n\t\t\t\t\t<\/div>\n\t\t\t\t<\/div>\n\t\t<div class=\"elementor-element elementor-element-cf57521 e-flex e-con-boxed e-con e-parent\" data-id=\"cf57521\" data-element_type=\"container\" data-e-type=\"container\" data-settings=\"{&quot;shape_divider_top&quot;:&quot;tilt&quot;}\">\n\t\t\t\t\t<div class=\"e-con-inner\">\n\t\t\t\t<div class=\"elementor-shape elementor-shape-top\" aria-hidden=\"true\" data-negative=\"false\">\n\t\t\t<svg xmlns=\"http:\/\/www.w3.org\/2000\/svg\" viewBox=\"0 0 1000 100\" preserveAspectRatio=\"none\">\n\t<path class=\"elementor-shape-fill\" d=\"M0,6V0h1000v100L0,6z\"\/>\n<\/svg>\t\t<\/div>\n\t\t<div class=\"elementor-element elementor-element-816e951 e-con-full e-flex e-con e-child\" data-id=\"816e951\" data-element_type=\"container\" data-e-type=\"container\">\n\t\t\t\t<div class=\"elementor-element elementor-element-6592665 elementor-invisible elementor-widget elementor-widget-text-editor\" data-id=\"6592665\" data-element_type=\"widget\" data-e-type=\"widget\" data-settings=\"{&quot;_animation&quot;:&quot;slideInLeft&quot;}\" data-widget_type=\"text-editor.default\">\n\t\t\t\t\t\t\t\t\t<h1>\u00a1Nos retiramos del Mercado Obsoleto!<\/h1><p>Ya no podemos atenderles y desarrollar mercado dentro de lo que denominamos el viejo orden mundial, o sea, antes de la IA, por esa raz\u00f3n entramos de lleno a investigar desde que se populariz\u00f3 la tecnolog<span class=\"ILfuVd\" lang=\"es\"><span class=\"hgKElc\">\u00ed<\/span><\/span>a conocida como IA.<\/p><p>Descubrimos que es vital para el manejo de los negocios en el nuevo orden mundial. Siempre evolucionamos para servirles y apoyarles en \u00f3ptimizar el rendimiento de sus empresas, estamos brindando seminarios en los cuales les ofrecemos capacitaciones integrales, estrat\u00e9gicas, t\u00e1cticas y operativas, totalmente actualizadas, con un nivel de inversi\u00f3n razonable y con una calidad y utilidad de primera.<\/p><p>Vamos a proporcionarles conocimientos pr\u00e1cticos, todos con la incorporaci\u00f3n de la IA, 2025. Les apoyaremos en consolidar con visi\u00f3n hol\u00edstica el desarrollo de todas las \u00e1reas de su empresa, resultando en excelentes rendimientos del capital y una solvencia ideal, para tener capacidad de maniobra que le permmita competir eficiente y agresivamente.<\/p><div>\u00a0<\/div>\t\t\t\t\t\t\t\t<\/div>\n\t\t\t\t<div class=\"elementor-element elementor-element-099197e elementor-align-left elementor-mobile-align-center elementor-invisible elementor-widget elementor-widget-button\" data-id=\"099197e\" data-element_type=\"widget\" data-e-type=\"widget\" data-settings=\"{&quot;_animation&quot;:&quot;slideInLeft&quot;}\" data-widget_type=\"button.default\">\n\t\t\t\t\t\t\t\t\t\t<a class=\"elementor-button elementor-button-link elementor-size-sm\" href=\"https:\/\/wa.link\/u898f0\">\n\t\t\t\t\t\t<span class=\"elementor-button-content-wrapper\">\n\t\t\t\t\t\t\t\t\t<span class=\"elementor-button-text\">\u00a1Agende Consulta Gratuita!<\/span>\n\t\t\t\t\t<\/span>\n\t\t\t\t\t<\/a>\n\t\t\t\t\t\t\t\t<\/div>\n\t\t\t\t<\/div>\n\t\t<div class=\"elementor-element elementor-element-e8c9fe1 e-con-full e-flex e-con e-child\" data-id=\"e8c9fe1\" data-element_type=\"container\" data-e-type=\"container\">\n\t\t\t\t<div class=\"elementor-element elementor-element-e3b20ad elementor-invisible elementor-widget elementor-widget-image\" data-id=\"e3b20ad\" data-element_type=\"widget\" data-e-type=\"widget\" data-settings=\"{&quot;_animation&quot;:&quot;slideInRight&quot;}\" data-widget_type=\"image.default\">\n\t\t\t\t\t\t\t\t\t\t\t\t\t\t\t<img fetchpriority=\"high\" decoding=\"async\" width=\"768\" height=\"1152\" src=\"https:\/\/vaughanadvisors.com\/cms\/wp-content\/uploads\/2026\/02\/newhomeimg2ready-768x1152.webp\" class=\"attachment-medium_large size-medium_large wp-image-1959\" alt=\"newhomeimg2ready\" srcset=\"https:\/\/vaughanadvisors.com\/cms\/wp-content\/uploads\/2026\/02\/newhomeimg2ready-768x1152.webp 768w, https:\/\/vaughanadvisors.com\/cms\/wp-content\/uploads\/2026\/02\/newhomeimg2ready-200x300.webp 200w, https:\/\/vaughanadvisors.com\/cms\/wp-content\/uploads\/2026\/02\/newhomeimg2ready-683x1024.webp 683w, https:\/\/vaughanadvisors.com\/cms\/wp-content\/uploads\/2026\/02\/newhomeimg2ready.webp 1024w\" sizes=\"(max-width: 768px) 100vw, 768px\" \/>\t\t\t\t\t\t\t\t\t\t\t\t\t\t\t<\/div>\n\t\t\t\t<\/div>\n\t\t\t\t\t<\/div>\n\t\t\t\t<\/div>\n\t\t<div class=\"elementor-element elementor-element-2dce720 e-flex e-con-boxed e-con e-parent\" data-id=\"2dce720\" data-element_type=\"container\" data-e-type=\"container\" data-settings=\"{&quot;shape_divider_top&quot;:&quot;tilt&quot;,&quot;background_background&quot;:&quot;classic&quot;}\">\n\t\t\t\t\t<div class=\"e-con-inner\">\n\t\t\t\t<div class=\"elementor-shape elementor-shape-top\" aria-hidden=\"true\" data-negative=\"false\">\n\t\t\t<svg xmlns=\"http:\/\/www.w3.org\/2000\/svg\" viewBox=\"0 0 1000 100\" preserveAspectRatio=\"none\">\n\t<path class=\"elementor-shape-fill\" d=\"M0,6V0h1000v100L0,6z\"\/>\n<\/svg>\t\t<\/div>\n\t\t<div class=\"elementor-element elementor-element-d5ec78c e-con-full e-flex e-con e-child\" data-id=\"d5ec78c\" data-element_type=\"container\" data-e-type=\"container\">\n\t\t\t\t<div class=\"elementor-element elementor-element-cffcfc6 elementor-invisible elementor-widget elementor-widget-text-editor\" data-id=\"cffcfc6\" data-element_type=\"widget\" data-e-type=\"widget\" data-settings=\"{&quot;_animation&quot;:&quot;slideInRight&quot;}\" data-widget_type=\"text-editor.default\">\n\t\t\t\t\t\t\t\t\t<h2 style=\"color: white;\">\u00a1La estrategia y la t\u00e1ctica nos result\u00f3 un gran \u00e9xito!<\/h2><p>Los clientes estan muy satisfechos con esta evoluci\u00f3n estrategia y t\u00e1ctica, que se produjo despues de un minucioso e intensivo trabajo de investigacion y desarrollo. Todo con el objetivo de darle poder competitivo a nuestros clientes.<\/p><p>\u00a0<\/p><p>Nuestra experiencia de d\u00e9cadas se transformo, ya que algunos principios b\u00e1sicos no cambian, simplemente se transforman al apoyarlos con IA las cuales abordaremos tanto en los seminarios presenciales abiertos o cerrados, as\u00ed como en los webinars Zoom Live y grabados con el objetivo de que los puedan acceder cuando tengan espacio de tiempo, para lo cual contar\u00e1n con un c\u00f3digo para unirse a los webinars.<\/p><p>\u00a0<\/p><p>Estamos a la orden para brindarle expertas asesorias para facilitar la implementaci\u00f3n por etapas. Estamos plenamente seguros de que ustedes apreciar\u00e1n el gran valor de los conocimientos contenidos tanto en los presenciales como en los virtuales, asi como en nuestras asesor\u00edas especializadas para su implementaci\u00f3n.<\/p>\t\t\t\t\t\t\t\t<\/div>\n\t\t\t\t<div class=\"elementor-element elementor-element-c173f66 elementor-align-left elementor-mobile-align-center elementor-invisible elementor-widget elementor-widget-button\" data-id=\"c173f66\" data-element_type=\"widget\" data-e-type=\"widget\" data-settings=\"{&quot;_animation&quot;:&quot;slideInRight&quot;}\" data-widget_type=\"button.default\">\n\t\t\t\t\t\t\t\t\t\t<a class=\"elementor-button elementor-button-link elementor-size-sm\" href=\"https:\/\/wa.link\/u898f0\">\n\t\t\t\t\t\t<span class=\"elementor-button-content-wrapper\">\n\t\t\t\t\t\t\t\t\t<span class=\"elementor-button-text\">\u00a1Agende Consulta Gratuita!<\/span>\n\t\t\t\t\t<\/span>\n\t\t\t\t\t<\/a>\n\t\t\t\t\t\t\t\t<\/div>\n\t\t\t\t<\/div>\n\t\t<div class=\"elementor-element elementor-element-213b1a7 e-con-full e-flex e-con e-child\" data-id=\"213b1a7\" data-element_type=\"container\" data-e-type=\"container\">\n\t\t\t\t<div class=\"elementor-element elementor-element-0be6b7c elementor-invisible elementor-widget elementor-widget-image\" data-id=\"0be6b7c\" data-element_type=\"widget\" data-e-type=\"widget\" data-settings=\"{&quot;_animation&quot;:&quot;slideInLeft&quot;}\" data-widget_type=\"image.default\">\n\t\t\t\t\t\t\t\t\t\t\t\t\t\t\t<img decoding=\"async\" width=\"768\" height=\"1152\" src=\"https:\/\/vaughanadvisors.com\/cms\/wp-content\/uploads\/2026\/02\/newservicesnew1.webp\" class=\"attachment-medium_large size-medium_large wp-image-1963\" alt=\"newservicesnew1\" srcset=\"https:\/\/vaughanadvisors.com\/cms\/wp-content\/uploads\/2026\/02\/newservicesnew1.webp 768w, https:\/\/vaughanadvisors.com\/cms\/wp-content\/uploads\/2026\/02\/newservicesnew1-200x300.webp 200w, https:\/\/vaughanadvisors.com\/cms\/wp-content\/uploads\/2026\/02\/newservicesnew1-683x1024.webp 683w\" sizes=\"(max-width: 768px) 100vw, 768px\" \/>\t\t\t\t\t\t\t\t\t\t\t\t\t\t\t<\/div>\n\t\t\t\t<\/div>\n\t\t\t\t\t<\/div>\n\t\t\t\t<\/div>\n\t\t<div class=\"elementor-element elementor-element-c792c5f e-flex e-con-boxed e-con e-parent\" data-id=\"c792c5f\" data-element_type=\"container\" data-e-type=\"container\" data-settings=\"{&quot;shape_divider_top&quot;:&quot;tilt&quot;}\">\n\t\t\t\t\t<div class=\"e-con-inner\">\n\t\t\t\t<div class=\"elementor-shape elementor-shape-top\" aria-hidden=\"true\" data-negative=\"false\">\n\t\t\t<svg xmlns=\"http:\/\/www.w3.org\/2000\/svg\" viewBox=\"0 0 1000 100\" preserveAspectRatio=\"none\">\n\t<path class=\"elementor-shape-fill\" d=\"M0,6V0h1000v100L0,6z\"\/>\n<\/svg>\t\t<\/div>\n\t\t<div class=\"elementor-element elementor-element-20349b9 e-con-full e-flex e-con e-child\" data-id=\"20349b9\" data-element_type=\"container\" data-e-type=\"container\">\n\t\t\t\t<div class=\"elementor-element elementor-element-080ea3d elementor-invisible elementor-widget elementor-widget-text-editor\" data-id=\"080ea3d\" data-element_type=\"widget\" data-e-type=\"widget\" data-settings=\"{&quot;_animation&quot;:&quot;slideInLeft&quot;}\" data-widget_type=\"text-editor.default\">\n\t\t\t\t\t\t\t\t\t<h2>\u00a1Domine la IA y a su competencia!<\/h2><p>Nos aseguraremos de que todos nuestros clientes logren m\u00e1s y mejores ventas B2C &#8211; B2B &#8211; B24B, ofrezcan un servicio memorable y trascendente, trabajen mejor en equipo, bajen costos y gastos, optimicen las operaciones y la log\u00edstica en todos los procesos, con todo ello lograr\u00e1n mejores rendimientos sobre el capital y obtendr\u00e1n niveles de solvencia ideales para penetrar m\u00e1s mercado con alta capacidad de maniobra.<\/p><p>\u00a0<\/p><p>Estamos a la orden para brindarles asesor\u00edas integrales que incluyen una planificaci\u00f3n de corto, mediano y largo plazo, as\u00ed como, estudios de mercado, de factibilidad, planes de negocios y Desarrollo de Estrategias de Finanzas y Ventas.<\/p>\t\t\t\t\t\t\t\t<\/div>\n\t\t\t\t<div class=\"elementor-element elementor-element-9bfbf97 elementor-align-left elementor-mobile-align-center elementor-invisible elementor-widget elementor-widget-button\" data-id=\"9bfbf97\" data-element_type=\"widget\" data-e-type=\"widget\" data-settings=\"{&quot;_animation&quot;:&quot;slideInLeft&quot;}\" data-widget_type=\"button.default\">\n\t\t\t\t\t\t\t\t\t\t<a class=\"elementor-button elementor-button-link elementor-size-sm\" href=\"https:\/\/wa.link\/u898f0\">\n\t\t\t\t\t\t<span class=\"elementor-button-content-wrapper\">\n\t\t\t\t\t\t\t\t\t<span class=\"elementor-button-text\">\u00a1Agende Consulta Gratuita!<\/span>\n\t\t\t\t\t<\/span>\n\t\t\t\t\t<\/a>\n\t\t\t\t\t\t\t\t<\/div>\n\t\t\t\t<\/div>\n\t\t<div class=\"elementor-element elementor-element-7388cab e-con-full e-flex e-con e-child\" data-id=\"7388cab\" data-element_type=\"container\" data-e-type=\"container\">\n\t\t\t\t<div class=\"elementor-element elementor-element-31bc889 elementor-invisible elementor-widget elementor-widget-image\" data-id=\"31bc889\" data-element_type=\"widget\" data-e-type=\"widget\" data-settings=\"{&quot;_animation&quot;:&quot;slideInRight&quot;}\" data-widget_type=\"image.default\">\n\t\t\t\t\t\t\t\t\t\t\t\t\t\t\t<img decoding=\"async\" width=\"768\" height=\"1152\" src=\"https:\/\/vaughanadvisors.com\/cms\/wp-content\/uploads\/2026\/02\/roivadsa.webp\" class=\"attachment-medium_large size-medium_large wp-image-1967\" alt=\"roivadsa\" srcset=\"https:\/\/vaughanadvisors.com\/cms\/wp-content\/uploads\/2026\/02\/roivadsa.webp 768w, https:\/\/vaughanadvisors.com\/cms\/wp-content\/uploads\/2026\/02\/roivadsa-200x300.webp 200w, https:\/\/vaughanadvisors.com\/cms\/wp-content\/uploads\/2026\/02\/roivadsa-683x1024.webp 683w\" sizes=\"(max-width: 768px) 100vw, 768px\" \/>\t\t\t\t\t\t\t\t\t\t\t\t\t\t\t<\/div>\n\t\t\t\t<\/div>\n\t\t\t\t\t<\/div>\n\t\t\t\t<\/div>\n\t\t\t\t<\/div>\n\t\t","protected":false},"excerpt":{"rendered":"<p>\u00bfYa entr\u00f3 en el nuevo orden mundial de la IA?\u00a0 !Implem\u00e9ntela ya para evitar perder m\u00e1s y mas bien ganar! [&hellip;]<\/p>\n","protected":false},"author":1,"featured_media":0,"parent":0,"menu_order":0,"comment_status":"closed","ping_status":"closed","template":"","meta":{"sfsi_plus_gutenberg_text_before_share":"","sfsi_plus_gutenberg_show_text_before_share":"","sfsi_plus_gutenberg_icon_type":"","sfsi_plus_gutenberg_icon_alignemt":"","sfsi_plus_gutenburg_max_per_row":"","site-sidebar-layout":"no-sidebar","site-content-layout":"","ast-site-content-layout":"full-width-container","site-content-style":"default","site-sidebar-style":"default","ast-global-header-display":"","ast-banner-title-visibility":"","ast-main-header-display":"","ast-hfb-above-header-display":"","ast-hfb-below-header-display":"","ast-hfb-mobile-header-display":"","site-post-title":"disabled","ast-breadcrumbs-content":"","ast-featured-img":"disabled","footer-sml-layout":"","ast-disable-related-posts":"","theme-transparent-header-meta":"","adv-header-id-meta":"","stick-header-meta":"","header-above-stick-meta":"","header-main-stick-meta":"","header-below-stick-meta":"","astra-migrate-meta-layouts":"default","ast-page-background-enabled":"default","ast-page-background-meta":{"desktop":{"background-color":"var(--ast-global-color-5)","background-image":"","background-repeat":"repeat","background-position":"center center","background-size":"auto","background-attachment":"scroll","background-type":"","background-media":"","overlay-type":"","overlay-color":"","overlay-opacity":"","overlay-gradient":""},"tablet":{"background-color":"","background-image":"","background-repeat":"repeat","background-position":"center center","background-size":"auto","background-attachment":"scroll","background-type":"","background-media":"","overlay-type":"","overlay-color":"","overlay-opacity":"","overlay-gradient":""},"mobile":{"background-color":"","background-image":"","background-repeat":"repeat","background-position":"center center","background-size":"auto","background-attachment":"scroll","background-type":"","background-media":"","overlay-type":"","overlay-color":"","overlay-opacity":"","overlay-gradient":""}},"ast-content-background-meta":{"desktop":{"background-color":"var(--ast-global-color-4)","background-image":"","background-repeat":"repeat","background-position":"center center","background-size":"auto","background-attachment":"scroll","background-type":"","background-media":"","overlay-type":"","overlay-color":"","overlay-opacity":"","overlay-gradient":""},"tablet":{"background-color":"var(--ast-global-color-4)","background-image":"","background-repeat":"repeat","background-position":"center center","background-size":"auto","background-attachment":"scroll","background-type":"","background-media":"","overlay-type":"","overlay-color":"","overlay-opacity":"","overlay-gradient":""},"mobile":{"background-color":"var(--ast-global-color-4)","background-image":"","background-repeat":"repeat","background-position":"center center","background-size":"auto","background-attachment":"scroll","background-type":"","background-media":"","overlay-type":"","overlay-color":"","overlay-opacity":"","overlay-gradient":""}},"footnotes":""},"class_list":["post-985","page","type-page","status-publish","hentry"],"yoast_head":"<!-- This site is optimized with the Yoast SEO plugin v27.4 - https:\/\/yoast.com\/product\/yoast-seo-wordpress\/ -->\n<title>Home - Vaughan Advisors<\/title>\n<meta name=\"robots\" content=\"index, follow, max-snippet:-1, max-image-preview:large, max-video-preview:-1\" \/>\n<link rel=\"canonical\" href=\"https:\/\/vaughanadvisors.com\/cms\/\" \/>\n<meta property=\"og:locale\" content=\"en_US\" \/>\n<meta property=\"og:type\" content=\"article\" \/>\n<meta property=\"og:title\" content=\"Home - Vaughan Advisors\" \/>\n<meta property=\"og:description\" content=\"\u00bfYa entr\u00f3 en el nuevo orden mundial de la IA?\u00a0 !Implem\u00e9ntela ya para evitar perder m\u00e1s y mas bien ganar! [&hellip;]\" \/>\n<meta property=\"og:url\" content=\"https:\/\/vaughanadvisors.com\/cms\/\" \/>\n<meta property=\"og:site_name\" content=\"Vaughan Advisors\" \/>\n<meta property=\"article:modified_time\" content=\"2026-02-09T19:34:48+00:00\" \/>\n<meta property=\"og:image\" content=\"https:\/\/vaughanadvisors.com\/cms\/wp-content\/uploads\/2026\/02\/newhomeimg2ready.webp\" \/>\n\t<meta property=\"og:image:width\" content=\"1024\" \/>\n\t<meta property=\"og:image:height\" content=\"1536\" \/>\n\t<meta property=\"og:image:type\" content=\"image\/webp\" \/>\n<meta name=\"twitter:card\" content=\"summary_large_image\" \/>\n<meta name=\"twitter:label1\" content=\"Est. reading time\" \/>\n\t<meta name=\"twitter:data1\" content=\"2 minutes\" \/>\n<script type=\"application\/ld+json\" class=\"yoast-schema-graph\">{\"@context\":\"https:\\\/\\\/schema.org\",\"@graph\":[{\"@type\":\"WebPage\",\"@id\":\"https:\\\/\\\/vaughanadvisors.com\\\/cms\\\/\",\"url\":\"https:\\\/\\\/vaughanadvisors.com\\\/cms\\\/\",\"name\":\"Home - Vaughan Advisors\",\"isPartOf\":{\"@id\":\"https:\\\/\\\/vaughanadvisors.com\\\/cms\\\/#website\"},\"primaryImageOfPage\":{\"@id\":\"https:\\\/\\\/vaughanadvisors.com\\\/cms\\\/#primaryimage\"},\"image\":{\"@id\":\"https:\\\/\\\/vaughanadvisors.com\\\/cms\\\/#primaryimage\"},\"thumbnailUrl\":\"https:\\\/\\\/vaughanadvisors.com\\\/cms\\\/wp-content\\\/uploads\\\/2026\\\/02\\\/newhomeimg2ready-768x1152.webp\",\"datePublished\":\"2025-07-03T09:27:50+00:00\",\"dateModified\":\"2026-02-09T19:34:48+00:00\",\"breadcrumb\":{\"@id\":\"https:\\\/\\\/vaughanadvisors.com\\\/cms\\\/#breadcrumb\"},\"inLanguage\":\"en-US\",\"potentialAction\":[{\"@type\":\"ReadAction\",\"target\":[\"https:\\\/\\\/vaughanadvisors.com\\\/cms\\\/\"]}]},{\"@type\":\"ImageObject\",\"inLanguage\":\"en-US\",\"@id\":\"https:\\\/\\\/vaughanadvisors.com\\\/cms\\\/#primaryimage\",\"url\":\"https:\\\/\\\/vaughanadvisors.com\\\/cms\\\/wp-content\\\/uploads\\\/2026\\\/02\\\/newhomeimg2ready.webp\",\"contentUrl\":\"https:\\\/\\\/vaughanadvisors.com\\\/cms\\\/wp-content\\\/uploads\\\/2026\\\/02\\\/newhomeimg2ready.webp\",\"width\":1024,\"height\":1536,\"caption\":\"newhomeimg2ready\"},{\"@type\":\"BreadcrumbList\",\"@id\":\"https:\\\/\\\/vaughanadvisors.com\\\/cms\\\/#breadcrumb\",\"itemListElement\":[{\"@type\":\"ListItem\",\"position\":1,\"name\":\"Home\",\"item\":\"https:\\\/\\\/vaughanadvisors.com\\\/cms\\\/\"},{\"@type\":\"ListItem\",\"position\":2,\"name\":\"Home\"}]},{\"@type\":\"WebSite\",\"@id\":\"https:\\\/\\\/vaughanadvisors.com\\\/cms\\\/#website\",\"url\":\"https:\\\/\\\/vaughanadvisors.com\\\/cms\\\/\",\"name\":\"Vaughan Advisors\",\"description\":\"Asesores\",\"potentialAction\":[{\"@type\":\"SearchAction\",\"target\":{\"@type\":\"EntryPoint\",\"urlTemplate\":\"https:\\\/\\\/vaughanadvisors.com\\\/cms\\\/?s={search_term_string}\"},\"query-input\":{\"@type\":\"PropertyValueSpecification\",\"valueRequired\":true,\"valueName\":\"search_term_string\"}}],\"inLanguage\":\"en-US\"}]}<\/script>\n<!-- \/ Yoast SEO plugin. -->","yoast_head_json":{"title":"Home - Vaughan Advisors","robots":{"index":"index","follow":"follow","max-snippet":"max-snippet:-1","max-image-preview":"max-image-preview:large","max-video-preview":"max-video-preview:-1"},"canonical":"https:\/\/vaughanadvisors.com\/cms\/","og_locale":"en_US","og_type":"article","og_title":"Home - Vaughan Advisors","og_description":"\u00bfYa entr\u00f3 en el nuevo orden mundial de la IA?\u00a0 !Implem\u00e9ntela ya para evitar perder m\u00e1s y mas bien ganar! [&hellip;]","og_url":"https:\/\/vaughanadvisors.com\/cms\/","og_site_name":"Vaughan Advisors","article_modified_time":"2026-02-09T19:34:48+00:00","og_image":[{"width":1024,"height":1536,"url":"https:\/\/vaughanadvisors.com\/cms\/wp-content\/uploads\/2026\/02\/newhomeimg2ready.webp","type":"image\/webp"}],"twitter_card":"summary_large_image","twitter_misc":{"Est. reading time":"2 minutes"},"schema":{"@context":"https:\/\/schema.org","@graph":[{"@type":"WebPage","@id":"https:\/\/vaughanadvisors.com\/cms\/","url":"https:\/\/vaughanadvisors.com\/cms\/","name":"Home - Vaughan Advisors","isPartOf":{"@id":"https:\/\/vaughanadvisors.com\/cms\/#website"},"primaryImageOfPage":{"@id":"https:\/\/vaughanadvisors.com\/cms\/#primaryimage"},"image":{"@id":"https:\/\/vaughanadvisors.com\/cms\/#primaryimage"},"thumbnailUrl":"https:\/\/vaughanadvisors.com\/cms\/wp-content\/uploads\/2026\/02\/newhomeimg2ready-768x1152.webp","datePublished":"2025-07-03T09:27:50+00:00","dateModified":"2026-02-09T19:34:48+00:00","breadcrumb":{"@id":"https:\/\/vaughanadvisors.com\/cms\/#breadcrumb"},"inLanguage":"en-US","potentialAction":[{"@type":"ReadAction","target":["https:\/\/vaughanadvisors.com\/cms\/"]}]},{"@type":"ImageObject","inLanguage":"en-US","@id":"https:\/\/vaughanadvisors.com\/cms\/#primaryimage","url":"https:\/\/vaughanadvisors.com\/cms\/wp-content\/uploads\/2026\/02\/newhomeimg2ready.webp","contentUrl":"https:\/\/vaughanadvisors.com\/cms\/wp-content\/uploads\/2026\/02\/newhomeimg2ready.webp","width":1024,"height":1536,"caption":"newhomeimg2ready"},{"@type":"BreadcrumbList","@id":"https:\/\/vaughanadvisors.com\/cms\/#breadcrumb","itemListElement":[{"@type":"ListItem","position":1,"name":"Home","item":"https:\/\/vaughanadvisors.com\/cms\/"},{"@type":"ListItem","position":2,"name":"Home"}]},{"@type":"WebSite","@id":"https:\/\/vaughanadvisors.com\/cms\/#website","url":"https:\/\/vaughanadvisors.com\/cms\/","name":"Vaughan Advisors","description":"Asesores","potentialAction":[{"@type":"SearchAction","target":{"@type":"EntryPoint","urlTemplate":"https:\/\/vaughanadvisors.com\/cms\/?s={search_term_string}"},"query-input":{"@type":"PropertyValueSpecification","valueRequired":true,"valueName":"search_term_string"}}],"inLanguage":"en-US"}]}},"_links":{"self":[{"href":"https:\/\/vaughanadvisors.com\/cms\/wp-json\/wp\/v2\/pages\/985","targetHints":{"allow":["GET"]}}],"collection":[{"href":"https:\/\/vaughanadvisors.com\/cms\/wp-json\/wp\/v2\/pages"}],"about":[{"href":"https:\/\/vaughanadvisors.com\/cms\/wp-json\/wp\/v2\/types\/page"}],"author":[{"embeddable":true,"href":"https:\/\/vaughanadvisors.com\/cms\/wp-json\/wp\/v2\/users\/1"}],"replies":[{"embeddable":true,"href":"https:\/\/vaughanadvisors.com\/cms\/wp-json\/wp\/v2\/comments?post=985"}],"version-history":[{"count":421,"href":"https:\/\/vaughanadvisors.com\/cms\/wp-json\/wp\/v2\/pages\/985\/revisions"}],"predecessor-version":[{"id":1970,"href":"https:\/\/vaughanadvisors.com\/cms\/wp-json\/wp\/v2\/pages\/985\/revisions\/1970"}],"wp:attachment":[{"href":"https:\/\/vaughanadvisors.com\/cms\/wp-json\/wp\/v2\/media?parent=985"}],"curies":[{"name":"wp","href":"https:\/\/api.w.org\/{rel}","templated":true}]}}