{"id":981,"date":"2025-07-03T09:26:20","date_gmt":"2025-07-03T09:26:20","guid":{"rendered":"https:\/\/vaughanadvisors.com\/cms\/?page_id=981"},"modified":"2025-09-26T02:32:54","modified_gmt":"2025-09-26T02:32:54","slug":"mission-and-vision","status":"publish","type":"page","link":"https:\/\/vaughanadvisors.com\/cms\/mission-and-vision\/","title":{"rendered":"Mission and vision"},"content":{"rendered":"\t\t<div data-elementor-type=\"wp-page\" data-elementor-id=\"981\" class=\"elementor elementor-981\">\n\t\t\t\t<div class=\"elementor-element elementor-element-52e3263 e-flex e-con-boxed e-con e-parent\" data-id=\"52e3263\" data-element_type=\"container\" data-e-type=\"container\">\n\t\t\t\t\t<div class=\"e-con-inner\">\n\t\t<div class=\"elementor-element elementor-element-4443ae2 e-con-full e-flex e-con e-child\" data-id=\"4443ae2\" data-element_type=\"container\" data-e-type=\"container\">\n\t\t\t\t<div class=\"elementor-element elementor-element-57276e8 elementor-widget elementor-widget-text-editor\" data-id=\"57276e8\" data-element_type=\"widget\" data-e-type=\"widget\" data-widget_type=\"text-editor.default\">\n\t\t\t\t\t\t\t\t\t<h3>Misi\u00f3n<\/h3><p>Generar con hechos en nuestros clientes la seguridad de que con la IA obtendr\u00e1n un retorno superior al hist\u00f3rico.<\/p><h3>Visi\u00f3n<\/h3><p>Que todos tengan en este nuevo orden mundial la gran oportunidad de crear riquezas con el poder de la IA, a precios accesibles.<\/p>\t\t\t\t\t\t\t\t<\/div>\n\t\t\t\t<\/div>\n\t\t<div class=\"elementor-element elementor-element-a0394d6 e-con-full e-flex e-con e-child\" data-id=\"a0394d6\" data-element_type=\"container\" data-e-type=\"container\">\n\t\t\t\t<div class=\"elementor-element elementor-element-9fa27af elementor-widget elementor-widget-image\" data-id=\"9fa27af\" data-element_type=\"widget\" data-e-type=\"widget\" data-widget_type=\"image.default\">\n\t\t\t\t\t\t\t\t\t\t\t\t\t\t\t<img fetchpriority=\"high\" decoding=\"async\" width=\"768\" height=\"512\" src=\"https:\/\/vaughanadvisors.com\/cms\/wp-content\/uploads\/2025\/07\/mission-768x512.jpg\" class=\"attachment-medium_large size-medium_large wp-image-1295\" alt=\"\" srcset=\"https:\/\/vaughanadvisors.com\/cms\/wp-content\/uploads\/2025\/07\/mission-768x512.jpg 768w, https:\/\/vaughanadvisors.com\/cms\/wp-content\/uploads\/2025\/07\/mission-300x200.jpg 300w, https:\/\/vaughanadvisors.com\/cms\/wp-content\/uploads\/2025\/07\/mission-1024x683.jpg 1024w, https:\/\/vaughanadvisors.com\/cms\/wp-content\/uploads\/2025\/07\/mission.jpg 1536w\" sizes=\"(max-width: 768px) 100vw, 768px\" \/>\t\t\t\t\t\t\t\t\t\t\t\t\t\t\t<\/div>\n\t\t\t\t<\/div>\n\t\t\t\t\t<\/div>\n\t\t\t\t<\/div>\n\t\t\t\t<\/div>\n\t\t","protected":false},"excerpt":{"rendered":"<p>Misi\u00f3n Generar con hechos en nuestros clientes la seguridad de que con la IA obtendr\u00e1n un retorno superior al hist\u00f3rico. [&hellip;]<\/p>\n","protected":false},"author":1,"featured_media":0,"parent":0,"menu_order":0,"comment_status":"closed","ping_status":"closed","template":"","meta":{"sfsi_plus_gutenberg_text_before_share":"","sfsi_plus_gutenberg_show_text_before_share":"","sfsi_plus_gutenberg_icon_type":"","sfsi_plus_gutenberg_icon_alignemt":"","sfsi_plus_gutenburg_max_per_row":"","site-sidebar-layout":"no-sidebar","site-content-layout":"","ast-site-content-layout":"full-width-container","site-content-style":"default","site-sidebar-style":"default","ast-global-header-display":"","ast-banner-title-visibility":"","ast-main-header-display":"","ast-hfb-above-header-display":"","ast-hfb-below-header-display":"","ast-hfb-mobile-header-display":"","site-post-title":"disabled","ast-breadcrumbs-content":"","ast-featured-img":"disabled","footer-sml-layout":"","ast-disable-related-posts":"","theme-transparent-header-meta":"","adv-header-id-meta":"","stick-header-meta":"","header-above-stick-meta":"","header-main-stick-meta":"","header-below-stick-meta":"","astra-migrate-meta-layouts":"default","ast-page-background-enabled":"default","ast-page-background-meta":{"desktop":{"background-color":"var(--ast-global-color-5)","background-image":"","background-repeat":"repeat","background-position":"center center","background-size":"auto","background-attachment":"scroll","background-type":"","background-media":"","overlay-type":"","overlay-color":"","overlay-opacity":"","overlay-gradient":""},"tablet":{"background-color":"","background-image":"","background-repeat":"repeat","background-position":"center center","background-size":"auto","background-attachment":"scroll","background-type":"","background-media":"","overlay-type":"","overlay-color":"","overlay-opacity":"","overlay-gradient":""},"mobile":{"background-color":"","background-image":"","background-repeat":"repeat","background-position":"center center","background-size":"auto","background-attachment":"scroll","background-type":"","background-media":"","overlay-type":"","overlay-color":"","overlay-opacity":"","overlay-gradient":""}},"ast-content-background-meta":{"desktop":{"background-color":"var(--ast-global-color-4)","background-image":"","background-repeat":"repeat","background-position":"center center","background-size":"auto","background-attachment":"scroll","background-type":"","background-media":"","overlay-type":"","overlay-color":"","overlay-opacity":"","overlay-gradient":""},"tablet":{"background-color":"var(--ast-global-color-4)","background-image":"","background-repeat":"repeat","background-position":"center center","background-size":"auto","background-attachment":"scroll","background-type":"","background-media":"","overlay-type":"","overlay-color":"","overlay-opacity":"","overlay-gradient":""},"mobile":{"background-color":"var(--ast-global-color-4)","background-image":"","background-repeat":"repeat","background-position":"center center","background-size":"auto","background-attachment":"scroll","background-type":"","background-media":"","overlay-type":"","overlay-color":"","overlay-opacity":"","overlay-gradient":""}},"footnotes":""},"class_list":["post-981","page","type-page","status-publish","hentry"],"yoast_head":"<!-- This site is optimized with the Yoast SEO plugin v27.4 - https:\/\/yoast.com\/product\/yoast-seo-wordpress\/ -->\n<title>Mission and vision - Vaughan Advisors<\/title>\n<meta name=\"robots\" content=\"index, follow, max-snippet:-1, max-image-preview:large, max-video-preview:-1\" \/>\n<link rel=\"canonical\" href=\"https:\/\/vaughanadvisors.com\/cms\/mission-and-vision\/\" \/>\n<meta property=\"og:locale\" content=\"en_US\" \/>\n<meta property=\"og:type\" content=\"article\" \/>\n<meta property=\"og:title\" content=\"Mission and vision - Vaughan Advisors\" \/>\n<meta property=\"og:description\" content=\"Misi\u00f3n Generar con hechos en nuestros clientes la seguridad de que con la IA obtendr\u00e1n un retorno superior al hist\u00f3rico. [&hellip;]\" \/>\n<meta property=\"og:url\" content=\"https:\/\/vaughanadvisors.com\/cms\/mission-and-vision\/\" \/>\n<meta property=\"og:site_name\" content=\"Vaughan Advisors\" \/>\n<meta property=\"article:modified_time\" content=\"2025-09-26T02:32:54+00:00\" \/>\n<meta property=\"og:image\" content=\"http:\/\/vaughanadvisors.com\/cms\/wp-content\/uploads\/2025\/07\/mission-768x512.jpg\" \/>\n<meta name=\"twitter:card\" content=\"summary_large_image\" \/>\n<script type=\"application\/ld+json\" class=\"yoast-schema-graph\">{\"@context\":\"https:\\\/\\\/schema.org\",\"@graph\":[{\"@type\":\"WebPage\",\"@id\":\"https:\\\/\\\/vaughanadvisors.com\\\/cms\\\/mission-and-vision\\\/\",\"url\":\"https:\\\/\\\/vaughanadvisors.com\\\/cms\\\/mission-and-vision\\\/\",\"name\":\"Mission and vision - Vaughan Advisors\",\"isPartOf\":{\"@id\":\"https:\\\/\\\/vaughanadvisors.com\\\/cms\\\/#website\"},\"primaryImageOfPage\":{\"@id\":\"https:\\\/\\\/vaughanadvisors.com\\\/cms\\\/mission-and-vision\\\/#primaryimage\"},\"image\":{\"@id\":\"https:\\\/\\\/vaughanadvisors.com\\\/cms\\\/mission-and-vision\\\/#primaryimage\"},\"thumbnailUrl\":\"http:\\\/\\\/vaughanadvisors.com\\\/cms\\\/wp-content\\\/uploads\\\/2025\\\/07\\\/mission-768x512.jpg\",\"datePublished\":\"2025-07-03T09:26:20+00:00\",\"dateModified\":\"2025-09-26T02:32:54+00:00\",\"breadcrumb\":{\"@id\":\"https:\\\/\\\/vaughanadvisors.com\\\/cms\\\/mission-and-vision\\\/#breadcrumb\"},\"inLanguage\":\"en-US\",\"potentialAction\":[{\"@type\":\"ReadAction\",\"target\":[\"https:\\\/\\\/vaughanadvisors.com\\\/cms\\\/mission-and-vision\\\/\"]}]},{\"@type\":\"ImageObject\",\"inLanguage\":\"en-US\",\"@id\":\"https:\\\/\\\/vaughanadvisors.com\\\/cms\\\/mission-and-vision\\\/#primaryimage\",\"url\":\"http:\\\/\\\/vaughanadvisors.com\\\/cms\\\/wp-content\\\/uploads\\\/2025\\\/07\\\/mission-768x512.jpg\",\"contentUrl\":\"http:\\\/\\\/vaughanadvisors.com\\\/cms\\\/wp-content\\\/uploads\\\/2025\\\/07\\\/mission-768x512.jpg\"},{\"@type\":\"BreadcrumbList\",\"@id\":\"https:\\\/\\\/vaughanadvisors.com\\\/cms\\\/mission-and-vision\\\/#breadcrumb\",\"itemListElement\":[{\"@type\":\"ListItem\",\"position\":1,\"name\":\"Home\",\"item\":\"https:\\\/\\\/vaughanadvisors.com\\\/cms\\\/\"},{\"@type\":\"ListItem\",\"position\":2,\"name\":\"Mission and vision\"}]},{\"@type\":\"WebSite\",\"@id\":\"https:\\\/\\\/vaughanadvisors.com\\\/cms\\\/#website\",\"url\":\"https:\\\/\\\/vaughanadvisors.com\\\/cms\\\/\",\"name\":\"Vaughan Advisors\",\"description\":\"Asesores\",\"potentialAction\":[{\"@type\":\"SearchAction\",\"target\":{\"@type\":\"EntryPoint\",\"urlTemplate\":\"https:\\\/\\\/vaughanadvisors.com\\\/cms\\\/?s={search_term_string}\"},\"query-input\":{\"@type\":\"PropertyValueSpecification\",\"valueRequired\":true,\"valueName\":\"search_term_string\"}}],\"inLanguage\":\"en-US\"}]}<\/script>\n<!-- \/ Yoast SEO plugin. -->","yoast_head_json":{"title":"Mission and vision - Vaughan Advisors","robots":{"index":"index","follow":"follow","max-snippet":"max-snippet:-1","max-image-preview":"max-image-preview:large","max-video-preview":"max-video-preview:-1"},"canonical":"https:\/\/vaughanadvisors.com\/cms\/mission-and-vision\/","og_locale":"en_US","og_type":"article","og_title":"Mission and vision - Vaughan Advisors","og_description":"Misi\u00f3n Generar con hechos en nuestros clientes la seguridad de que con la IA obtendr\u00e1n un retorno superior al hist\u00f3rico. [&hellip;]","og_url":"https:\/\/vaughanadvisors.com\/cms\/mission-and-vision\/","og_site_name":"Vaughan Advisors","article_modified_time":"2025-09-26T02:32:54+00:00","og_image":[{"url":"http:\/\/vaughanadvisors.com\/cms\/wp-content\/uploads\/2025\/07\/mission-768x512.jpg","type":"","width":"","height":""}],"twitter_card":"summary_large_image","schema":{"@context":"https:\/\/schema.org","@graph":[{"@type":"WebPage","@id":"https:\/\/vaughanadvisors.com\/cms\/mission-and-vision\/","url":"https:\/\/vaughanadvisors.com\/cms\/mission-and-vision\/","name":"Mission and vision - Vaughan Advisors","isPartOf":{"@id":"https:\/\/vaughanadvisors.com\/cms\/#website"},"primaryImageOfPage":{"@id":"https:\/\/vaughanadvisors.com\/cms\/mission-and-vision\/#primaryimage"},"image":{"@id":"https:\/\/vaughanadvisors.com\/cms\/mission-and-vision\/#primaryimage"},"thumbnailUrl":"http:\/\/vaughanadvisors.com\/cms\/wp-content\/uploads\/2025\/07\/mission-768x512.jpg","datePublished":"2025-07-03T09:26:20+00:00","dateModified":"2025-09-26T02:32:54+00:00","breadcrumb":{"@id":"https:\/\/vaughanadvisors.com\/cms\/mission-and-vision\/#breadcrumb"},"inLanguage":"en-US","potentialAction":[{"@type":"ReadAction","target":["https:\/\/vaughanadvisors.com\/cms\/mission-and-vision\/"]}]},{"@type":"ImageObject","inLanguage":"en-US","@id":"https:\/\/vaughanadvisors.com\/cms\/mission-and-vision\/#primaryimage","url":"http:\/\/vaughanadvisors.com\/cms\/wp-content\/uploads\/2025\/07\/mission-768x512.jpg","contentUrl":"http:\/\/vaughanadvisors.com\/cms\/wp-content\/uploads\/2025\/07\/mission-768x512.jpg"},{"@type":"BreadcrumbList","@id":"https:\/\/vaughanadvisors.com\/cms\/mission-and-vision\/#breadcrumb","itemListElement":[{"@type":"ListItem","position":1,"name":"Home","item":"https:\/\/vaughanadvisors.com\/cms\/"},{"@type":"ListItem","position":2,"name":"Mission and vision"}]},{"@type":"WebSite","@id":"https:\/\/vaughanadvisors.com\/cms\/#website","url":"https:\/\/vaughanadvisors.com\/cms\/","name":"Vaughan Advisors","description":"Asesores","potentialAction":[{"@type":"SearchAction","target":{"@type":"EntryPoint","urlTemplate":"https:\/\/vaughanadvisors.com\/cms\/?s={search_term_string}"},"query-input":{"@type":"PropertyValueSpecification","valueRequired":true,"valueName":"search_term_string"}}],"inLanguage":"en-US"}]}},"_links":{"self":[{"href":"https:\/\/vaughanadvisors.com\/cms\/wp-json\/wp\/v2\/pages\/981","targetHints":{"allow":["GET"]}}],"collection":[{"href":"https:\/\/vaughanadvisors.com\/cms\/wp-json\/wp\/v2\/pages"}],"about":[{"href":"https:\/\/vaughanadvisors.com\/cms\/wp-json\/wp\/v2\/types\/page"}],"author":[{"embeddable":true,"href":"https:\/\/vaughanadvisors.com\/cms\/wp-json\/wp\/v2\/users\/1"}],"replies":[{"embeddable":true,"href":"https:\/\/vaughanadvisors.com\/cms\/wp-json\/wp\/v2\/comments?post=981"}],"version-history":[{"count":16,"href":"https:\/\/vaughanadvisors.com\/cms\/wp-json\/wp\/v2\/pages\/981\/revisions"}],"predecessor-version":[{"id":1761,"href":"https:\/\/vaughanadvisors.com\/cms\/wp-json\/wp\/v2\/pages\/981\/revisions\/1761"}],"wp:attachment":[{"href":"https:\/\/vaughanadvisors.com\/cms\/wp-json\/wp\/v2\/media?parent=981"}],"curies":[{"name":"wp","href":"https:\/\/api.w.org\/{rel}","templated":true}]}}