{"id":979,"date":"2025-07-03T09:24:53","date_gmt":"2025-07-03T09:24:53","guid":{"rendered":"https:\/\/vaughanadvisors.com\/cms\/?page_id=979"},"modified":"2025-09-26T02:34:25","modified_gmt":"2025-09-26T02:34:25","slug":"ceo","status":"publish","type":"page","link":"https:\/\/vaughanadvisors.com\/cms\/ceo\/","title":{"rendered":"CEO"},"content":{"rendered":"\t\t<div data-elementor-type=\"wp-page\" data-elementor-id=\"979\" class=\"elementor elementor-979\">\n\t\t\t\t<div class=\"elementor-element elementor-element-3bc010f e-flex e-con-boxed e-con e-parent\" data-id=\"3bc010f\" data-element_type=\"container\" data-e-type=\"container\">\n\t\t\t\t\t<div class=\"e-con-inner\">\n\t\t\t\t<div class=\"elementor-element elementor-element-e431802 elementor-widget elementor-widget-text-editor\" data-id=\"e431802\" data-element_type=\"widget\" data-e-type=\"widget\" data-widget_type=\"text-editor.default\">\n\t\t\t\t\t\t\t\t\t<h3>PUNTOS FUERTES<\/h3><p>Enfocado a la transformaci\u00f3n total de nuestra firma ya que hemos dedicado 12 meses a realizar investigaciones profundas sobre la Inteligencia Artificial, concluyendo que no hay futuro en ninguna organizaci\u00f3n sea comercial industrial o de servicio sino se adopta la IA. Nos estamos relanzando a fines de Junio 2025, para continuar nuestro trabajo de formar y actualizar el RRHH desde los Directivos, Gerencias, Supervisores, hasta personal base, con esta magn\u00edfica y alucinante tecnolog\u00eda.<\/p><p>En especial en lo relacionado a Inteligencia Artificial, Agentes I.A., Venta B2C, B2B y B24B, Servicio Memorable y Trascendente, Equipos de Alto Rendimiento, Liderazgo \u2013 Coaching, Control Emocional, Gerencia de Ventas y Finanzas, Consultor\u00edas especializadas y conferencias presenciales y virtuales, sean abiertas o exclusivas para quien nos contrate.<\/p><p>El objetivo central es utilizarla para generar un ambiente de adaptaci\u00f3n dentro de un fuerte sentido de trabajo en equipo para explotar y desarrollar la automatizaci\u00f3n y m\u00e1xima eficiencia en la Organizaci\u00f3n. Es importante que se implemente esta nueva herramienta en un ambiente positivo ya que generar\u00e1 grandes ventajas como incrementar utilidades, solvencia y fuertes beneficios a todo el personal que la adopte para elevar sus capacidades permitiendo al RRHH ir m\u00e1s all\u00e1 de lo alcanzado hist\u00f3ricamente. Esto suceder\u00e1 en toda la cadena de procesos, siempre y cuando todos maximicen sus conocimientos ya que en la actualidad la IA es una herramienta facilitadora que fortalece sus naturales destrezas y capacidades. Nunca las empresas tuvieron tantas facilidades para lograr los objetivos y metas y superarlos en creces. \u00a0<\/p><p>Tengo excelentes relaciones con banqueros, empresarios industriales y comerciales. He pertenecido a prestigiosos clubes sociales. Mi experiencia e impecable r\u00e9cord, me acreditan para desempe\u00f1ar cargos como Asesor y Consultor al m\u00e1s alto nivel. Experto en el manejo eficiente de la Inteligencia Artificial para lograr resultados inmediatos en MiPyMES y empresas grandes.<\/p><h3><strong><b>EXPERIENCIA DE TRABAJO:<\/b><\/strong><\/h3><p><strong><b>Marzo 2010 a la fecha VAUGHAN ADVISORS, S.A. Nicaragua: Dedicada a la Asesor\u00eda y Consultor\u00eda Empresarial y a impartir Conferencias y Charlas presenciales y virtuales.\u00a0<\/b><\/strong><\/p><p><strong><b>Puesto: Director Ejecutivo (CEO) ver p\u00e1gina\u00a0<\/b><\/strong><a href=\"http:\/\/www.vaughanadvisors.com\/\"><strong><u><b>www.vaughanadvisors.com<\/b><\/u><\/strong><\/a><\/p><p><strong><b>2007 a Marzo 2010: CORPORACI\u00d3N ROBERTO TER\u00c1N, S.A. y SUBSIDIARIAS \u2013 NICARAGUA<\/b><\/strong><\/p><p><strong><b>Puesto: Director \u00a0de Noviembre 07 a Septiembre 09 y Director Ejecutivo (CEO) a Marzo del 2010\u00a0<\/b><\/strong><\/p><p>Se me recontrata, con el objetivo de dise\u00f1ar y ejecutar de manera \u00e1gil una serie de estrategias para maximizar el proceso de conversi\u00f3n de los activos fijos a circulante, con el objetivo de reducir en un 75%\u00a0 los pasivos bancarios y readecuar los saldos no cubiertos. Bajar los gastos operativos, adaptar el tama\u00f1o de la empresa a su capacidad financiera y redise\u00f1ar los procesos de negocios actuales. Paralelamente ir encontrando nuevos core business. Adicionalmente, se me nombra Jefe Negociador con Poder Especial General\u00edsimo para Liderar dos situaciones de suma importancia, que concluyeron con \u00e9xito en marzo 2010.<\/p><p><strong><b>LOGROS:<\/b><\/strong>\u00a0A marzo del 2010, logramos pagar el 50% de los pasivos bancarios y se tiene dise\u00f1ado el plan estrat\u00e9gico y su ejecuci\u00f3n en la empresa en todos sus procesos bajo la modalidad de mejora continua.<\/p><p><strong><b>2005- Octubre 2007: SGI INVESTMENTS y SUBSIDIARIAS \u2013 NICARAGUA<\/b><\/strong><\/p><h3><strong><b>Puesto: Director Ejecutivo \u2013 CEO<\/b><\/strong><\/h3><p><strong><b>ACTIVIDAD:\u00a0<\/b><\/strong>Dedicada a las ramas de negocio de: Bienes Ra\u00edces en el desarrollo de urbanizaciones de medio alto y alto nivel; Turismo (La Gran Francia y Escameca Grande), haciendas Ganaderas (Red Angus), Cafetaleras (Santa Francisca Romana), todas con diversificaci\u00f3n en otras explotaciones agr\u00edcolas.<\/p><p><strong><b>LOGROS:<\/b><\/strong>\u00a0Por ser empresas en proceso de reconversi\u00f3n y crecimiento, dise\u00f1\u00e9 e implement\u00e9 estrategias enfocadas a la priorizaci\u00f3n de negocios considerados ganadores dentro del proceso de globalizaci\u00f3n. Paralelo a esto, coordin\u00e9 al equipo en la implementaci\u00f3n de un plan de acci\u00f3n enfocado a elevar los rendimientos de producci\u00f3n de cada una de las empresas del Grupo y a racionalizar de manera eficaz los costos y gastos de cada proceso, en base a econom\u00edas de escala. Logrando cumplir el plan estrat\u00e9gico de la Junta Directiva.<\/p><p><strong><b>2001 \u2013 2005 CORPORACI\u00d3N ROBERTO TER\u00c1N G., S.A. y SUBSIDIARIAS \u2013 NICARAGUA<\/b><\/strong><\/p><p><strong><b>Puesto: Director Financiero Corporativo Regional Centro y Norteam\u00e9rica<\/b><\/strong><\/p><p><strong><b>ACTIVIDAD:\u00a0<\/b><\/strong>Dedicada al comercio de productos l\u00edderes a nivel mundial con operaciones en Nicaragua, Norte y Centroam\u00e9rica. Tales como Kodak, Gillette, Polaroid, Hewlett-Packard, Canon, Renault, Volvo, Jaguar.<\/p><p><strong><b>LOGROS:<\/b><\/strong>\u00a0Inici\u00e9 con un equipo de especialistas el dise\u00f1o e implementaci\u00f3n de innovadoras estrategias de Finanzas Corporativas a nivel Regional y USA, alrededor del concepto que desarroll\u00e9 el que denominamos como \u201cbanco interno\u201d. Esto nos permiti\u00f3 enfrentar los fuertes cambios generados con el nuevo milenio y el efecto 9\/11 a nivel mundial. Logramos metas de ahorro en costos y gastos, tanto financieros, como de operaci\u00f3n de hasta un 20 a 25% respectivamente, con lo cual generamos efectos positivos en la ganancia y solvencia. Form\u00e9 un equipo s\u00f3lido de ejecutivos bajo un concepto de trabajo en tiempo y forma, enfocado a la mejora continua con excelentes resultados, lo que me reconoci\u00f3 en forma escrita y un\u00e1nime el Directorio.<\/p><p><strong><b>1993 \u2013 2001 GRUPO INTERNATIONAL GDS DE COSTA RICA.<\/b><\/strong><\/p><p><strong><b>PERTENECIENTE A LA MULTINACIONAL HACHETTE DE FRANCIA.<\/b><\/strong><\/p><p><strong><b>Puesto: Varios desde la Gerencia de Mercadeo (1993), hasta la Vice-Presidencia (1997-2001)<\/b><\/strong><\/p><p>1997 \u2013 2001 Vice-Presidente del Grupo Corporativo con enfoque en Finanzas, Mercadeo y Ventas.<\/p><p>1994 \u2013 1997 Director de Mercadeo y Ventas del Grupo y Asesor del Presidente en el \u00e1rea Financiera.<\/p><p>1993 \u2013 1994 Gerente de Mercadeo para el Grupo y Asesor del Presidente en Control Gerencial.<\/p><p><strong><b>ACTIVIDAD:<\/b><\/strong>\u00a0Dedicada a la Producci\u00f3n, Mercadeo y Venta de productos lideres a nivel mundial.<\/p><p><strong><b>1988 \u2013 1992 REAL TEAM REALTY INT. \u2013 SAN JOS\u00c9, COSTA RICA,\u00a0Puesto:\u00a0Gerente\u00a0General<\/b><\/strong><\/p><p><strong><b>ACTIVIDAD:<\/b><\/strong>\u00a0Dedicada a servicios de corretaje y asesor\u00eda en bienes ra\u00edces, con oficinas en Norte, Sur y Centroam\u00e9rica. Los servicios se enfocan a clientes inversionistas extranjeros, as\u00ed como al cuerpo diplom\u00e1tico. Las sucursales en USA operaban bajo la franquicia de Century 21, con quienes me entren\u00e9 en USA.<\/p><p><strong><b>1984 \u2013 1986 MINISTERIO DE INDUSTRIA \u2013 MANAGUA, NICARAGUA, Puesto: Director General<\/b><\/strong><\/p><p><strong><b>ACTIVIDAD:<\/b><\/strong>\u00a0Direcci\u00f3n General de las Ramas Industriales, Alimentos, Bebidas, Qu\u00edmica, Pl\u00e1stico y Papel.<\/p><p><strong><b>1982 \u2013 1984 CORPORACI\u00d3N DEL PL\u00c1STICO \u2013 NICARAGUA, Puesto: Director Ejecutivo<\/b><\/strong><\/p><p><strong><b>ACTIVIDAD:<\/b><\/strong>\u00a0Direcci\u00f3n y Gerencia de las plantas que compon\u00edan la corporaci\u00f3n.<\/p><p><strong><b>1978 \u2013 1982 COMPA\u00d1\u00cdA CERVECERA DE NICARAGUA \u2013 Puesto: Administrador General<\/b><\/strong><\/p><p><strong><b>ACTIVIDAD<\/b><\/strong>: Dedicada a la elaboraci\u00f3n y distribuci\u00f3n de cerveza con ruteo propio.<\/p><p><strong><b>1971 \u2013 1978 EMPRESAS COMERCIALES FERRETERAS, Puesto: Vice-Gerente y Gerente de Ventas<\/b><\/strong><\/p><p><strong><b>ACTIVIDAD<\/b><\/strong>: Venta al detalle y mayoreo de l\u00edneas de este ramo, con productos lideres a nivel mundial.<\/p><p><strong><b>ULISES MORALES, S.A.\u00a0<\/b><\/strong>(1978), Gerente de Ventas.\u00a0<strong><b>BUNGE, S.A.<\/b><\/strong>\u00a0(1976-1978) Vice-Gerente y Gerente de Ventas.\u00a0<strong><b>LOREDO, S.A.\u00a0<\/b><\/strong>(1971-1976) Vice-Gerente y Gerente de Ventas.<\/p><h3><strong><b>OTRAS ACTIVIDADES COMO SOCIO Y MIEMBRO DE JUNTAS DIRECTIVAS<\/b><\/strong><\/h3><p>Experiencia realizada en empresas Industriales, Comerciales, Financieras y de Servicio, en varios pa\u00edses. Soy socio fundador de Financia, S.A. (Financia Capital) y de Vaughan Advisors, S.A. y directivo de empresas.<\/p><p><strong><em><u><b><i>EDUCACI\u00d3N<\/i><\/b><\/u><\/em><\/strong><\/p><p><strong><b>1986 \u2013 1988 INSTITUTO CENTROAMERICANO DE ADMINISTRACI\u00d3N DE EMPRESAS<\/b><\/strong><\/p><p>(INCAE) \u2013 COSTA RICA.\u00a0 Master en Administraci\u00f3n, MAE XX. Con \u00e9nfasis en Finanzas y Banca Corporativa.<\/p><p><strong><b>1980 \u2013 1981 INSTITUTO CENTROAMERICANO DE ADMINISTRACI\u00d3N DE EMPRESAS<\/b><\/strong><\/p><p>(INCAE) \u2013 NICARAGUA.\u00a0 Programa de Alta Gerencia, desarrollado de octubre de 1980 a febrero de 1981.<\/p><p><strong><b>1974 \u2013 1979 UNIVERSIDAD CENTROAMERICANA JESUITA (UCA) \u2013 NICARAGUA<\/b><\/strong><\/p><p>Egresado de la Escuela de Administraci\u00f3n Industrial.<\/p><p><strong><b>1967 \u2013 1972 UNIVERSIDAD CENTROAMERICANA JESUITA (UCA) \u2013 NICARAGUA<\/b><\/strong><\/p><p>M\u00e9dico Veterinario y Zootecnista. Especialidad en nutrici\u00f3n y manejo de la producci\u00f3n bovina y av\u00edcola.<\/p><h3>OTROS DATOS<\/h3><p>Espa\u00f1ol \u2013 Ingles. Manejo de las T.I. integradas todas por la IA. Experiencia en conferencias de alto nivel en hoteles, centros de convenciones, webinars sea abiertos (colectivos), o bien exclusivo para las empresas tanto virtuales como presenciales. He dictado conferencias a L\u00edderes empresariales, a COB, CEO y Gerencias departamentales y personal en General. Experiencia en varios tipos de negociaciones, algunas de alta complejidad y de gran envergadura en los EUA, Europa, M\u00e9xico y Centroam\u00e9rica.<\/p><h3><strong><b>ANTECEDENTES PERSONALES:<\/b><\/strong><\/h3><p>Nicarag\u00fcense, nacido en agosto de mil novecientos cincuenta. Casado una vez, dos hijos.<\/p>\t\t\t\t\t\t\t\t<\/div>\n\t\t\t\t\t<\/div>\n\t\t\t\t<\/div>\n\t\t\t\t<\/div>\n\t\t","protected":false},"excerpt":{"rendered":"<p>PUNTOS FUERTES Enfocado a la transformaci\u00f3n total de nuestra firma ya que hemos dedicado 12 meses a realizar investigaciones profundas [&hellip;]<\/p>\n","protected":false},"author":1,"featured_media":0,"parent":0,"menu_order":0,"comment_status":"closed","ping_status":"closed","template":"","meta":{"sfsi_plus_gutenberg_text_before_share":"","sfsi_plus_gutenberg_show_text_before_share":"","sfsi_plus_gutenberg_icon_type":"","sfsi_plus_gutenberg_icon_alignemt":"","sfsi_plus_gutenburg_max_per_row":"","site-sidebar-layout":"no-sidebar","site-content-layout":"","ast-site-content-layout":"full-width-container","site-content-style":"default","site-sidebar-style":"default","ast-global-header-display":"","ast-banner-title-visibility":"","ast-main-header-display":"","ast-hfb-above-header-display":"","ast-hfb-below-header-display":"","ast-hfb-mobile-header-display":"","site-post-title":"disabled","ast-breadcrumbs-content":"","ast-featured-img":"disabled","footer-sml-layout":"","ast-disable-related-posts":"","theme-transparent-header-meta":"","adv-header-id-meta":"","stick-header-meta":"","header-above-stick-meta":"","header-main-stick-meta":"","header-below-stick-meta":"","astra-migrate-meta-layouts":"default","ast-page-background-enabled":"default","ast-page-background-meta":{"desktop":{"background-color":"var(--ast-global-color-5)","background-image":"","background-repeat":"repeat","background-position":"center center","background-size":"auto","background-attachment":"scroll","background-type":"","background-media":"","overlay-type":"","overlay-color":"","overlay-opacity":"","overlay-gradient":""},"tablet":{"background-color":"","background-image":"","background-repeat":"repeat","background-position":"center center","background-size":"auto","background-attachment":"scroll","background-type":"","background-media":"","overlay-type":"","overlay-color":"","overlay-opacity":"","overlay-gradient":""},"mobile":{"background-color":"","background-image":"","background-repeat":"repeat","background-position":"center center","background-size":"auto","background-attachment":"scroll","background-type":"","background-media":"","overlay-type":"","overlay-color":"","overlay-opacity":"","overlay-gradient":""}},"ast-content-background-meta":{"desktop":{"background-color":"var(--ast-global-color-4)","background-image":"","background-repeat":"repeat","background-position":"center center","background-size":"auto","background-attachment":"scroll","background-type":"","background-media":"","overlay-type":"","overlay-color":"","overlay-opacity":"","overlay-gradient":""},"tablet":{"background-color":"var(--ast-global-color-4)","background-image":"","background-repeat":"repeat","background-position":"center center","background-size":"auto","background-attachment":"scroll","background-type":"","background-media":"","overlay-type":"","overlay-color":"","overlay-opacity":"","overlay-gradient":""},"mobile":{"background-color":"var(--ast-global-color-4)","background-image":"","background-repeat":"repeat","background-position":"center center","background-size":"auto","background-attachment":"scroll","background-type":"","background-media":"","overlay-type":"","overlay-color":"","overlay-opacity":"","overlay-gradient":""}},"footnotes":""},"class_list":["post-979","page","type-page","status-publish","hentry"],"yoast_head":"<!-- This site is optimized with the Yoast SEO plugin v27.4 - https:\/\/yoast.com\/product\/yoast-seo-wordpress\/ -->\n<title>CEO - Vaughan Advisors<\/title>\n<meta name=\"robots\" content=\"index, follow, max-snippet:-1, max-image-preview:large, max-video-preview:-1\" \/>\n<link rel=\"canonical\" href=\"https:\/\/vaughanadvisors.com\/cms\/ceo\/\" \/>\n<meta property=\"og:locale\" content=\"en_US\" \/>\n<meta property=\"og:type\" content=\"article\" \/>\n<meta property=\"og:title\" content=\"CEO - Vaughan Advisors\" \/>\n<meta property=\"og:description\" content=\"PUNTOS FUERTES Enfocado a la transformaci\u00f3n total de nuestra firma ya que hemos dedicado 12 meses a realizar investigaciones profundas [&hellip;]\" \/>\n<meta property=\"og:url\" content=\"https:\/\/vaughanadvisors.com\/cms\/ceo\/\" \/>\n<meta property=\"og:site_name\" content=\"Vaughan Advisors\" \/>\n<meta property=\"article:modified_time\" content=\"2025-09-26T02:34:25+00:00\" \/>\n<meta name=\"twitter:card\" content=\"summary_large_image\" \/>\n<meta name=\"twitter:label1\" content=\"Est. reading time\" \/>\n\t<meta name=\"twitter:data1\" content=\"7 minutes\" \/>\n<script type=\"application\/ld+json\" class=\"yoast-schema-graph\">{\"@context\":\"https:\\\/\\\/schema.org\",\"@graph\":[{\"@type\":\"WebPage\",\"@id\":\"https:\\\/\\\/vaughanadvisors.com\\\/cms\\\/ceo\\\/\",\"url\":\"https:\\\/\\\/vaughanadvisors.com\\\/cms\\\/ceo\\\/\",\"name\":\"CEO - Vaughan Advisors\",\"isPartOf\":{\"@id\":\"https:\\\/\\\/vaughanadvisors.com\\\/cms\\\/#website\"},\"datePublished\":\"2025-07-03T09:24:53+00:00\",\"dateModified\":\"2025-09-26T02:34:25+00:00\",\"breadcrumb\":{\"@id\":\"https:\\\/\\\/vaughanadvisors.com\\\/cms\\\/ceo\\\/#breadcrumb\"},\"inLanguage\":\"en-US\",\"potentialAction\":[{\"@type\":\"ReadAction\",\"target\":[\"https:\\\/\\\/vaughanadvisors.com\\\/cms\\\/ceo\\\/\"]}]},{\"@type\":\"BreadcrumbList\",\"@id\":\"https:\\\/\\\/vaughanadvisors.com\\\/cms\\\/ceo\\\/#breadcrumb\",\"itemListElement\":[{\"@type\":\"ListItem\",\"position\":1,\"name\":\"Home\",\"item\":\"https:\\\/\\\/vaughanadvisors.com\\\/cms\\\/\"},{\"@type\":\"ListItem\",\"position\":2,\"name\":\"CEO\"}]},{\"@type\":\"WebSite\",\"@id\":\"https:\\\/\\\/vaughanadvisors.com\\\/cms\\\/#website\",\"url\":\"https:\\\/\\\/vaughanadvisors.com\\\/cms\\\/\",\"name\":\"Vaughan Advisors\",\"description\":\"Asesores\",\"potentialAction\":[{\"@type\":\"SearchAction\",\"target\":{\"@type\":\"EntryPoint\",\"urlTemplate\":\"https:\\\/\\\/vaughanadvisors.com\\\/cms\\\/?s={search_term_string}\"},\"query-input\":{\"@type\":\"PropertyValueSpecification\",\"valueRequired\":true,\"valueName\":\"search_term_string\"}}],\"inLanguage\":\"en-US\"}]}<\/script>\n<!-- \/ Yoast SEO plugin. -->","yoast_head_json":{"title":"CEO - Vaughan Advisors","robots":{"index":"index","follow":"follow","max-snippet":"max-snippet:-1","max-image-preview":"max-image-preview:large","max-video-preview":"max-video-preview:-1"},"canonical":"https:\/\/vaughanadvisors.com\/cms\/ceo\/","og_locale":"en_US","og_type":"article","og_title":"CEO - Vaughan Advisors","og_description":"PUNTOS FUERTES Enfocado a la transformaci\u00f3n total de nuestra firma ya que hemos dedicado 12 meses a realizar investigaciones profundas [&hellip;]","og_url":"https:\/\/vaughanadvisors.com\/cms\/ceo\/","og_site_name":"Vaughan Advisors","article_modified_time":"2025-09-26T02:34:25+00:00","twitter_card":"summary_large_image","twitter_misc":{"Est. reading time":"7 minutes"},"schema":{"@context":"https:\/\/schema.org","@graph":[{"@type":"WebPage","@id":"https:\/\/vaughanadvisors.com\/cms\/ceo\/","url":"https:\/\/vaughanadvisors.com\/cms\/ceo\/","name":"CEO - Vaughan Advisors","isPartOf":{"@id":"https:\/\/vaughanadvisors.com\/cms\/#website"},"datePublished":"2025-07-03T09:24:53+00:00","dateModified":"2025-09-26T02:34:25+00:00","breadcrumb":{"@id":"https:\/\/vaughanadvisors.com\/cms\/ceo\/#breadcrumb"},"inLanguage":"en-US","potentialAction":[{"@type":"ReadAction","target":["https:\/\/vaughanadvisors.com\/cms\/ceo\/"]}]},{"@type":"BreadcrumbList","@id":"https:\/\/vaughanadvisors.com\/cms\/ceo\/#breadcrumb","itemListElement":[{"@type":"ListItem","position":1,"name":"Home","item":"https:\/\/vaughanadvisors.com\/cms\/"},{"@type":"ListItem","position":2,"name":"CEO"}]},{"@type":"WebSite","@id":"https:\/\/vaughanadvisors.com\/cms\/#website","url":"https:\/\/vaughanadvisors.com\/cms\/","name":"Vaughan Advisors","description":"Asesores","potentialAction":[{"@type":"SearchAction","target":{"@type":"EntryPoint","urlTemplate":"https:\/\/vaughanadvisors.com\/cms\/?s={search_term_string}"},"query-input":{"@type":"PropertyValueSpecification","valueRequired":true,"valueName":"search_term_string"}}],"inLanguage":"en-US"}]}},"_links":{"self":[{"href":"https:\/\/vaughanadvisors.com\/cms\/wp-json\/wp\/v2\/pages\/979","targetHints":{"allow":["GET"]}}],"collection":[{"href":"https:\/\/vaughanadvisors.com\/cms\/wp-json\/wp\/v2\/pages"}],"about":[{"href":"https:\/\/vaughanadvisors.com\/cms\/wp-json\/wp\/v2\/types\/page"}],"author":[{"embeddable":true,"href":"https:\/\/vaughanadvisors.com\/cms\/wp-json\/wp\/v2\/users\/1"}],"replies":[{"embeddable":true,"href":"https:\/\/vaughanadvisors.com\/cms\/wp-json\/wp\/v2\/comments?post=979"}],"version-history":[{"count":13,"href":"https:\/\/vaughanadvisors.com\/cms\/wp-json\/wp\/v2\/pages\/979\/revisions"}],"predecessor-version":[{"id":1764,"href":"https:\/\/vaughanadvisors.com\/cms\/wp-json\/wp\/v2\/pages\/979\/revisions\/1764"}],"wp:attachment":[{"href":"https:\/\/vaughanadvisors.com\/cms\/wp-json\/wp\/v2\/media?parent=979"}],"curies":[{"name":"wp","href":"https:\/\/api.w.org\/{rel}","templated":true}]}}