{"id":975,"date":"2025-07-03T09:23:07","date_gmt":"2025-07-03T09:23:07","guid":{"rendered":"https:\/\/vaughanadvisors.com\/cms\/?page_id=975"},"modified":"2025-09-26T02:45:20","modified_gmt":"2025-09-26T02:45:20","slug":"agendas","status":"publish","type":"page","link":"https:\/\/vaughanadvisors.com\/cms\/agendas\/","title":{"rendered":"Agendas"},"content":{"rendered":"\t\t<div data-elementor-type=\"wp-page\" data-elementor-id=\"975\" class=\"elementor elementor-975\">\n\t\t\t\t<div class=\"elementor-element elementor-element-ea91851 e-flex e-con-boxed e-con e-parent\" data-id=\"ea91851\" data-element_type=\"container\" data-e-type=\"container\">\n\t\t\t\t\t<div class=\"e-con-inner\">\n\t\t\t\t<div class=\"elementor-element elementor-element-957e7e9 elementor-widget elementor-widget-text-editor\" data-id=\"957e7e9\" data-element_type=\"widget\" data-e-type=\"widget\" data-widget_type=\"text-editor.default\">\n\t\t\t\t\t\t\t\t\t<h2>AGENDAS WEBINARS<\/h2><p><strong>TEMARIO INTELIGENCIA ARTIFICIAL 2025<\/strong><\/p><p>1.\u00bfQu\u00e9 es Inteligencia Artificial I.A.? y \u00bfPor qu\u00e9 es imprescindible? <br \/>2.\u00bfPor qu\u00e9 revolucion\u00f3 al mundo?, Sus caracter\u00edsticas principales.<br \/>3.La importancia vital de implementarla con urgencia y m\u00e1xima Prioridad.<br \/>4.Ventajas descomunales de la IA, con\u00f3zcanla, no hacerlo es letal.<br \/>5.\u00bfPor qu\u00e9 buscarse riesgos fatales, cuando hay enormes oportunidades? <br \/>6.Si no hay RH apto, su opci\u00f3n es binaria, los entrenamos o los contratamos.<br \/>7.Invierta en capacitar, \u00bfd\u00f3nde y c\u00f3mo hacerlo?, Analice sus recursos. <br \/>8.\u00bfC\u00f3mo iniciar? Definan su plan de implantarla por etapas \u2013 \u201cMilestones\u201d.<br \/>9.Preguntas para hacerse y lograr ser eficientes con el apoyo de la I.A. <br \/>10.Algunos ejemplos de herramientas y usos \u00fatiles para dominar la I.A.<br \/>11.Automatizaci\u00f3n Aut\u00f3noma, Asistentes y Agentes.<br \/>12.Primera vez en la historia mundial que las TI van a sinergizar entre ellas.<br \/>Nota de cierre: Si el 2025 nos sorprendi\u00f3, el 2026 nos alucinara.<\/p><p><strong>TEMARIO VENTAS B2C &#8211; IA 2025<\/strong><\/p><p>1.\u00bfPor qu\u00e9 la forma de vender cambio radicalmente?<br \/>2.\u00bfComo potencializar al m\u00e1ximo la venta con apoyo de la IA?<br \/>3.La transici\u00f3n de la B2C del viejo al nuevo orden mundial.<br \/>4.Hoy la IA es la \u00fanica que nos diferencia para no ser Commodities.<br \/>5.Segmentar es el pasado, hoy es esencial la Microsegmentaci\u00f3n. <br \/>6.Hoy las T.I. unidas dan informaci\u00f3n \u00e1gil en tiempo real.<br \/>7.Automatice sus procesos para fidelizar a sus clientes. <br \/>8.\u00a1Los sistemas obsoletos son \u201ctrampa mortal\u201d, des\u00e9chelos ya! <br \/>9.El control del rendimiento en ventas ya no es problema. <br \/>10.Maximice sus ventas de la Prospectaci\u00f3n a la Recompra, con servicios post-venta. <br \/>11.Aumente los Cierre de Ventas con el apoyo de los Agentes IA.<br \/>12.\u00a1Atr\u00e1palo por siempre! Con el nuevo enfoque que es la B2CSV.<br \/>Breves conclusiones y mensaje de Cierre del Seminario.<\/p><p><strong>TEMARIO VENTAS B2B \/ B24B &#8211; IA 2025<\/strong><\/p><p>1. Cambios disruptivos que se generaron con la IA en la B2B \u2013 B24B.<br \/>2. Trio indispensable para crecer en clientes corporativos y conservarlos.<br \/>3.La B2B y la B24B se tienden a confundir, \u00bfUsted conoce la diferencia?<br \/>4.\u00bfEst\u00e1n conscientes de la fuerza de la B24B como arma para fidelizar?<br \/>5.\u00bfTienen el RH con destrezas de IA para explotarla mejor?, \u00bfseguros?<br \/>6.Con IA puedes obtener resultados sin precedentes o perder tu mercado. <br \/>7.La IA les facilitara consolidar un \u201cSello \/Marca\u201d que los diferenciara. <br \/>8.Con estas se establecen relaciones de largo plazo y beneficios mutuos.<br \/>9.G\u00e1nese la confianza del Cliente con t\u00e1cticas fortalecidas con la IA. <br \/>10.Con estas venden eficiencia y servicio, que le dan ganancias y solvencia. <br \/>11.El feedback eficiente es esencial brindarlo sin fallar en el tiempo acordado.<br \/>12.La B2B &#8211; B24B aseguran que hay excelentes negocios para las partes.<br \/>Breves conclusiones y mensaje de Cierre del Seminario.<\/p><p><strong>TEMARIO SERVICIO AL CLIENTE CON IA<\/strong><\/p><p>1.La IA nos diferencia, sirviendo y creando valor con nuevas experiencias. <br \/>2.\u00bfComo la IA optimiza los Equipos de alto Rendimiento en el Servicio?<br \/>3.La Triple A \u00a1\u00a1Genera fidelizaci\u00f3n y negocios a largo plazo!! <br \/>4.Ser Servi y Clientec\u00e9ntricos obliga al reentrenamiento, creando Cultura.<br \/>5.Es vital capacitar y el l\u00edder debe empoderar para servir Top de la A a la Z. <br \/>6.Existen 16 factores para ser Top en el Servicio, \u00bfLos conocen?<br \/>7.La IA nos convierte en los preferidos de los Clientes y as\u00ed lograr el Reload. <br \/>8.La IA controla el cumplimiento de la ejecuci\u00f3n de las No Negociables.<br \/>9.La automatizaci\u00f3n minimiza las fallas evitando molestias en los 3 C.<br \/>10.La Omnicanalidad con PLN reduce fuertemente los tiempos de espera.<br \/>11.Es vital tener Dashboards que midan la satisfacci\u00f3n en tiempo real. <br \/>12.\u00a1\u00a1La satisfacci\u00f3n ya no basta, debemos ser inolvidables, MYT y WOW!!<br \/>Breves conclusiones y mensaje de Cierre del Seminario.<\/p><p><strong>TEMARIO EQUIPOS DE ALTO RENDIMIENTO EDAR CON IA<\/strong><\/p><p>1.\u00bfQue entienden ustedes por Equipo?, \u00bfPor qu\u00e9 hoy deben cambiar?<br \/>2.Principales diferencias del trabajo en equipo antes y despu\u00e9s de la IA. <br \/>3.Para ser EDAR deben empoderar, definir KPI, normas y comunicaci\u00f3n clara. <br \/>4.Control Emocional es clave, \u00bfC\u00f3mo manejarlo?, Neutralice la am\u00edgdala. <br \/>5.La IA hace que pasen de \u201cllevarse bien\u201d a ser proactivos, eviten la burocracia.<br \/>6.La Pantalloman\u00eda y procrastinaci\u00f3n consumen tiempo, \u00bfC\u00f3mo controlarlas? <br \/>7.El tiempo es clave para elevar el rendimiento, \u00bfC\u00f3mo organizamos el Cronos? <br \/>8.Los Equipos se encuentran a diario ante retos de mejora continua con la IA. <br \/>9.\u00bfComo utilizar la IA para crecer y alcanzar el nivel de l\u00edder en el mercado?<br \/>10.Si no selecciona RRHH con talento nunca lograr\u00e1 Alto Rendimiento. <br \/>11.Con la IA detectan compatibilidad entre el perfil del RRHH y sus puestos.<br \/>12.Sin la IA, no aumentar\u00e1n su mercado, lo perder\u00e1n aceleradamente. <br \/>Breves conclusiones y mensaje de Cierre del Seminario<\/p>\t\t\t\t\t\t\t\t<\/div>\n\t\t\t\t\t<\/div>\n\t\t\t\t<\/div>\n\t\t\t\t<\/div>\n\t\t","protected":false},"excerpt":{"rendered":"<p>AGENDAS WEBINARS TEMARIO INTELIGENCIA ARTIFICIAL 2025 1.\u00bfQu\u00e9 es Inteligencia Artificial I.A.? y \u00bfPor qu\u00e9 es imprescindible? 2.\u00bfPor qu\u00e9 revolucion\u00f3 al [&hellip;]<\/p>\n","protected":false},"author":1,"featured_media":0,"parent":0,"menu_order":0,"comment_status":"closed","ping_status":"closed","template":"","meta":{"sfsi_plus_gutenberg_text_before_share":"","sfsi_plus_gutenberg_show_text_before_share":"","sfsi_plus_gutenberg_icon_type":"","sfsi_plus_gutenberg_icon_alignemt":"","sfsi_plus_gutenburg_max_per_row":"","site-sidebar-layout":"no-sidebar","site-content-layout":"","ast-site-content-layout":"full-width-container","site-content-style":"default","site-sidebar-style":"default","ast-global-header-display":"","ast-banner-title-visibility":"","ast-main-header-display":"","ast-hfb-above-header-display":"","ast-hfb-below-header-display":"","ast-hfb-mobile-header-display":"","site-post-title":"disabled","ast-breadcrumbs-content":"","ast-featured-img":"disabled","footer-sml-layout":"","ast-disable-related-posts":"","theme-transparent-header-meta":"","adv-header-id-meta":"","stick-header-meta":"","header-above-stick-meta":"","header-main-stick-meta":"","header-below-stick-meta":"","astra-migrate-meta-layouts":"default","ast-page-background-enabled":"default","ast-page-background-meta":{"desktop":{"background-color":"var(--ast-global-color-5)","background-image":"","background-repeat":"repeat","background-position":"center center","background-size":"auto","background-attachment":"scroll","background-type":"","background-media":"","overlay-type":"","overlay-color":"","overlay-opacity":"","overlay-gradient":""},"tablet":{"background-color":"","background-image":"","background-repeat":"repeat","background-position":"center center","background-size":"auto","background-attachment":"scroll","background-type":"","background-media":"","overlay-type":"","overlay-color":"","overlay-opacity":"","overlay-gradient":""},"mobile":{"background-color":"","background-image":"","background-repeat":"repeat","background-position":"center center","background-size":"auto","background-attachment":"scroll","background-type":"","background-media":"","overlay-type":"","overlay-color":"","overlay-opacity":"","overlay-gradient":""}},"ast-content-background-meta":{"desktop":{"background-color":"var(--ast-global-color-4)","background-image":"","background-repeat":"repeat","background-position":"center center","background-size":"auto","background-attachment":"scroll","background-type":"","background-media":"","overlay-type":"","overlay-color":"","overlay-opacity":"","overlay-gradient":""},"tablet":{"background-color":"var(--ast-global-color-4)","background-image":"","background-repeat":"repeat","background-position":"center center","background-size":"auto","background-attachment":"scroll","background-type":"","background-media":"","overlay-type":"","overlay-color":"","overlay-opacity":"","overlay-gradient":""},"mobile":{"background-color":"var(--ast-global-color-4)","background-image":"","background-repeat":"repeat","background-position":"center center","background-size":"auto","background-attachment":"scroll","background-type":"","background-media":"","overlay-type":"","overlay-color":"","overlay-opacity":"","overlay-gradient":""}},"footnotes":""},"class_list":["post-975","page","type-page","status-publish","hentry"],"yoast_head":"<!-- This site is optimized with the Yoast SEO plugin v27.4 - https:\/\/yoast.com\/product\/yoast-seo-wordpress\/ -->\n<title>Agendas - Vaughan Advisors<\/title>\n<meta name=\"robots\" content=\"index, follow, max-snippet:-1, max-image-preview:large, max-video-preview:-1\" \/>\n<link rel=\"canonical\" href=\"https:\/\/vaughanadvisors.com\/cms\/agendas\/\" \/>\n<meta property=\"og:locale\" content=\"en_US\" \/>\n<meta property=\"og:type\" content=\"article\" \/>\n<meta property=\"og:title\" content=\"Agendas - Vaughan Advisors\" \/>\n<meta property=\"og:description\" content=\"AGENDAS WEBINARS TEMARIO INTELIGENCIA ARTIFICIAL 2025 1.\u00bfQu\u00e9 es Inteligencia Artificial I.A.? y \u00bfPor qu\u00e9 es imprescindible? 2.\u00bfPor qu\u00e9 revolucion\u00f3 al [&hellip;]\" \/>\n<meta property=\"og:url\" content=\"https:\/\/vaughanadvisors.com\/cms\/agendas\/\" \/>\n<meta property=\"og:site_name\" content=\"Vaughan Advisors\" \/>\n<meta property=\"article:modified_time\" content=\"2025-09-26T02:45:20+00:00\" \/>\n<meta name=\"twitter:card\" content=\"summary_large_image\" \/>\n<meta name=\"twitter:label1\" content=\"Est. reading time\" \/>\n\t<meta name=\"twitter:data1\" content=\"4 minutes\" \/>\n<script type=\"application\/ld+json\" class=\"yoast-schema-graph\">{\"@context\":\"https:\\\/\\\/schema.org\",\"@graph\":[{\"@type\":\"WebPage\",\"@id\":\"https:\\\/\\\/vaughanadvisors.com\\\/cms\\\/agendas\\\/\",\"url\":\"https:\\\/\\\/vaughanadvisors.com\\\/cms\\\/agendas\\\/\",\"name\":\"Agendas - Vaughan Advisors\",\"isPartOf\":{\"@id\":\"https:\\\/\\\/vaughanadvisors.com\\\/cms\\\/#website\"},\"datePublished\":\"2025-07-03T09:23:07+00:00\",\"dateModified\":\"2025-09-26T02:45:20+00:00\",\"breadcrumb\":{\"@id\":\"https:\\\/\\\/vaughanadvisors.com\\\/cms\\\/agendas\\\/#breadcrumb\"},\"inLanguage\":\"en-US\",\"potentialAction\":[{\"@type\":\"ReadAction\",\"target\":[\"https:\\\/\\\/vaughanadvisors.com\\\/cms\\\/agendas\\\/\"]}]},{\"@type\":\"BreadcrumbList\",\"@id\":\"https:\\\/\\\/vaughanadvisors.com\\\/cms\\\/agendas\\\/#breadcrumb\",\"itemListElement\":[{\"@type\":\"ListItem\",\"position\":1,\"name\":\"Home\",\"item\":\"https:\\\/\\\/vaughanadvisors.com\\\/cms\\\/\"},{\"@type\":\"ListItem\",\"position\":2,\"name\":\"Agendas\"}]},{\"@type\":\"WebSite\",\"@id\":\"https:\\\/\\\/vaughanadvisors.com\\\/cms\\\/#website\",\"url\":\"https:\\\/\\\/vaughanadvisors.com\\\/cms\\\/\",\"name\":\"Vaughan Advisors\",\"description\":\"Asesores\",\"potentialAction\":[{\"@type\":\"SearchAction\",\"target\":{\"@type\":\"EntryPoint\",\"urlTemplate\":\"https:\\\/\\\/vaughanadvisors.com\\\/cms\\\/?s={search_term_string}\"},\"query-input\":{\"@type\":\"PropertyValueSpecification\",\"valueRequired\":true,\"valueName\":\"search_term_string\"}}],\"inLanguage\":\"en-US\"}]}<\/script>\n<!-- \/ Yoast SEO plugin. -->","yoast_head_json":{"title":"Agendas - Vaughan Advisors","robots":{"index":"index","follow":"follow","max-snippet":"max-snippet:-1","max-image-preview":"max-image-preview:large","max-video-preview":"max-video-preview:-1"},"canonical":"https:\/\/vaughanadvisors.com\/cms\/agendas\/","og_locale":"en_US","og_type":"article","og_title":"Agendas - Vaughan Advisors","og_description":"AGENDAS WEBINARS TEMARIO INTELIGENCIA ARTIFICIAL 2025 1.\u00bfQu\u00e9 es Inteligencia Artificial I.A.? y \u00bfPor qu\u00e9 es imprescindible? 2.\u00bfPor qu\u00e9 revolucion\u00f3 al [&hellip;]","og_url":"https:\/\/vaughanadvisors.com\/cms\/agendas\/","og_site_name":"Vaughan Advisors","article_modified_time":"2025-09-26T02:45:20+00:00","twitter_card":"summary_large_image","twitter_misc":{"Est. reading time":"4 minutes"},"schema":{"@context":"https:\/\/schema.org","@graph":[{"@type":"WebPage","@id":"https:\/\/vaughanadvisors.com\/cms\/agendas\/","url":"https:\/\/vaughanadvisors.com\/cms\/agendas\/","name":"Agendas - Vaughan Advisors","isPartOf":{"@id":"https:\/\/vaughanadvisors.com\/cms\/#website"},"datePublished":"2025-07-03T09:23:07+00:00","dateModified":"2025-09-26T02:45:20+00:00","breadcrumb":{"@id":"https:\/\/vaughanadvisors.com\/cms\/agendas\/#breadcrumb"},"inLanguage":"en-US","potentialAction":[{"@type":"ReadAction","target":["https:\/\/vaughanadvisors.com\/cms\/agendas\/"]}]},{"@type":"BreadcrumbList","@id":"https:\/\/vaughanadvisors.com\/cms\/agendas\/#breadcrumb","itemListElement":[{"@type":"ListItem","position":1,"name":"Home","item":"https:\/\/vaughanadvisors.com\/cms\/"},{"@type":"ListItem","position":2,"name":"Agendas"}]},{"@type":"WebSite","@id":"https:\/\/vaughanadvisors.com\/cms\/#website","url":"https:\/\/vaughanadvisors.com\/cms\/","name":"Vaughan Advisors","description":"Asesores","potentialAction":[{"@type":"SearchAction","target":{"@type":"EntryPoint","urlTemplate":"https:\/\/vaughanadvisors.com\/cms\/?s={search_term_string}"},"query-input":{"@type":"PropertyValueSpecification","valueRequired":true,"valueName":"search_term_string"}}],"inLanguage":"en-US"}]}},"_links":{"self":[{"href":"https:\/\/vaughanadvisors.com\/cms\/wp-json\/wp\/v2\/pages\/975","targetHints":{"allow":["GET"]}}],"collection":[{"href":"https:\/\/vaughanadvisors.com\/cms\/wp-json\/wp\/v2\/pages"}],"about":[{"href":"https:\/\/vaughanadvisors.com\/cms\/wp-json\/wp\/v2\/types\/page"}],"author":[{"embeddable":true,"href":"https:\/\/vaughanadvisors.com\/cms\/wp-json\/wp\/v2\/users\/1"}],"replies":[{"embeddable":true,"href":"https:\/\/vaughanadvisors.com\/cms\/wp-json\/wp\/v2\/comments?post=975"}],"version-history":[{"count":40,"href":"https:\/\/vaughanadvisors.com\/cms\/wp-json\/wp\/v2\/pages\/975\/revisions"}],"predecessor-version":[{"id":1785,"href":"https:\/\/vaughanadvisors.com\/cms\/wp-json\/wp\/v2\/pages\/975\/revisions\/1785"}],"wp:attachment":[{"href":"https:\/\/vaughanadvisors.com\/cms\/wp-json\/wp\/v2\/media?parent=975"}],"curies":[{"name":"wp","href":"https:\/\/api.w.org\/{rel}","templated":true}]}}