{"id":944,"date":"2024-05-03T01:59:38","date_gmt":"2024-05-03T01:59:38","guid":{"rendered":"https:\/\/vaughanadvisors.com\/cms\/?page_id=944"},"modified":"2024-05-28T18:46:12","modified_gmt":"2024-05-28T18:46:12","slug":"agendas-webinar","status":"publish","type":"page","link":"https:\/\/vaughanadvisors.com\/cms\/agendas-webinar\/","title":{"rendered":"Agendas Webinar"},"content":{"rendered":"\n<p><strong>Agendas de Inteligencia Artificial IA, Ventas B24B\/B2BT\/B2CSV y Servicio al Cliente Memorable y Trascendente<\/strong><strong><\/strong><\/p>\n\n\n\n<p><strong>Inteligencia Artificial IA<\/strong><\/p>\n\n\n\n<ol class=\"wp-block-list\" type=\"1\"><li>\u00bfQu\u00e9 es Inteligencia Artificial I.A.? y Qu\u00e9 es la G.I.A.?<\/li><li>\u00bfCu\u00e1les son sus caracter\u00edsticas principales y diferencias?<\/li><li>La importancia esencial de implementarla con m\u00e1xima Prioridad.<\/li><li>Ventajas para racionalizar costos, gastos y ejercer un eficiente Control Gerencial.<\/li><li>Principales enfoques de porqu\u00e9 el RH es mucho m\u00e1s eficiente (Kair\u00f3s).<\/li><li>\u00bfC\u00f3mo definimos d\u00f3nde empezar?, \u00bfEn cuales departamentos impacta m\u00e1s? y \u00bfEn qu\u00e9 y c\u00f3mo apoyar y entrenar al personal para iniciar la implementaci\u00f3n?<\/li><li>Definici\u00f3n de sus objetivos y metas de acuerdo a su Rama de Negocios.<\/li><li>Algunos ejemplos de herramientas y usos \u00fatiles para pasar al nivel de I.A. y G.I.A.<\/li><li>Preguntas a hacerse y lograr ser eficientes con el apoyo de la I.A. y la G.I.A.<\/li><li>\u00bfPor qu\u00e9 es primera vez en la historia de la Inform\u00e1tica que todas las Tecnolog\u00edas de la informaci\u00f3n se van a fusionar en una sola?<\/li><\/ol>\n\n\n\n<p><strong>Potencialice el Poder de la Venta B24B\/B2BT\/B2CS<\/strong><\/p>\n\n\n\n<ol class=\"wp-block-list\" type=\"1\"><li>La transici\u00f3n de la venta cl\u00e1sica a las nuevas revelaciones B24B \/ B2BT \/ B2CSV.<\/li><li>Diferenciarnos o caer \u00a1no seamos Commodities! Venta B2BSV \u00a1\u00a1Crea tu marca!!<\/li><li>La venta n\u00f3mada y su tendencia a nivel Global.<\/li><li>Las indispensables T.I. con interface amigable y CRM-CEM-Chatbot \u2013 I.A. (El poder del Circulo Virtuoso).<\/li><li>\u00a1Estas no se negocian!<\/li><li>Las grandes trampas: La Pantalloman\u00eda y la Procrasman\u00eda.<\/li><li>Del Farming al Closing con Servicio MYT de Postventa.<\/li><li>Cierre de Ventas integral e infalible (se analizar\u00e1n varios m\u00e9todos de cierre).<\/li><li>\u00a1No sabes callar!<\/li><li>\u00a1Atr\u00e1palo por siempre! Con la nueva revelaci\u00f3n B24B\/B2CSV.<\/li><\/ol>\n\n\n\n<p><strong>Servicio al Cliente Memorable y Trascendente MYT<\/strong><\/p>\n\n\n\n<ol class=\"wp-block-list\" type=\"1\"><li>Equipo de alto Rendimiento basado en el Servicio al Cliente MYT. Es esencial implementar la I.A.<\/li><li>Las No Negociables para brindar un Servicio MYT. Conozcan el S.A.R. y el S.A.P. esenciales al servir.<\/li><li>Satisfacci\u00f3n, Adaptaci\u00f3n, Excelencia algunas de las ACES Pilares del Desarrollo. Bases al estilo \u201cD\u201d que generan lealtad.<\/li><li>La Cultura del servicio. Hoy la satisfacci\u00f3n no basta, debemos ser excelentes.<\/li><li>Integridad, Responsabilidad, Disciplina y el Control de todos los procesos con la indispensable I.A.<\/li><li>Aptitud, Actitud y Altitud \u00a1\u00a1Generan fidelizaci\u00f3n!! La base es ser Servic\u00e9ntricos y Clientec\u00e9ntricos.<\/li><li>\u00bfExiste la lealtad de los Clientes?, \u00bfPodemos hacer algo \u201cfuera de serie\u201d para tenerla?<\/li><li>Hoy, la forma de servir con Plus Eficiencia, es apoy\u00e1ndose con la IA, la cual fusiona todas las T.I.<\/li><li>Actitudes que causan perdidas de Clientes y Actitudes de los equipos que logran fidelidad.<\/li><li>Origen de la Motivaci\u00f3n y el Entusiasmo. \u00bfPor qu\u00e9 ambos y la \u201cAm\u00edgdala\u201d son vitales al prestar un servicio MYT?<\/li><\/ol>\n","protected":false},"excerpt":{"rendered":"<p>Agendas de Inteligencia Artificial IA, Ventas B24B\/B2BT\/B2CSV y Servicio al Cliente Memorable y Trascendente Inteligencia Artificial IA \u00bfQu\u00e9 es Inteligencia [&hellip;]<\/p>\n","protected":false},"author":1,"featured_media":0,"parent":0,"menu_order":0,"comment_status":"closed","ping_status":"closed","template":"","meta":{"sfsi_plus_gutenberg_text_before_share":"","sfsi_plus_gutenberg_show_text_before_share":"","sfsi_plus_gutenberg_icon_type":"","sfsi_plus_gutenberg_icon_alignemt":"","sfsi_plus_gutenburg_max_per_row":"","site-sidebar-layout":"default","site-content-layout":"","ast-site-content-layout":"default","site-content-style":"default","site-sidebar-style":"default","ast-global-header-display":"","ast-banner-title-visibility":"","ast-main-header-display":"","ast-hfb-above-header-display":"","ast-hfb-below-header-display":"","ast-hfb-mobile-header-display":"","site-post-title":"","ast-breadcrumbs-content":"","ast-featured-img":"","footer-sml-layout":"","ast-disable-related-posts":"","theme-transparent-header-meta":"","adv-header-id-meta":"","stick-header-meta":"","header-above-stick-meta":"","header-main-stick-meta":"","header-below-stick-meta":"","astra-migrate-meta-layouts":"default","ast-page-background-enabled":"default","ast-page-background-meta":{"desktop":{"background-color":"var(--ast-global-color-5)","background-image":"","background-repeat":"repeat","background-position":"center center","background-size":"auto","background-attachment":"scroll","background-type":"","background-media":"","overlay-type":"","overlay-color":"","overlay-opacity":"","overlay-gradient":""},"tablet":{"background-color":"","background-image":"","background-repeat":"repeat","background-position":"center center","background-size":"auto","background-attachment":"scroll","background-type":"","background-media":"","overlay-type":"","overlay-color":"","overlay-opacity":"","overlay-gradient":""},"mobile":{"background-color":"","background-image":"","background-repeat":"repeat","background-position":"center center","background-size":"auto","background-attachment":"scroll","background-type":"","background-media":"","overlay-type":"","overlay-color":"","overlay-opacity":"","overlay-gradient":""}},"ast-content-background-meta":{"desktop":{"background-color":"var(--ast-global-color-4)","background-image":"","background-repeat":"repeat","background-position":"center center","background-size":"auto","background-attachment":"scroll","background-type":"","background-media":"","overlay-type":"","overlay-color":"","overlay-opacity":"","overlay-gradient":""},"tablet":{"background-color":"var(--ast-global-color-4)","background-image":"","background-repeat":"repeat","background-position":"center center","background-size":"auto","background-attachment":"scroll","background-type":"","background-media":"","overlay-type":"","overlay-color":"","overlay-opacity":"","overlay-gradient":""},"mobile":{"background-color":"var(--ast-global-color-4)","background-image":"","background-repeat":"repeat","background-position":"center center","background-size":"auto","background-attachment":"scroll","background-type":"","background-media":"","overlay-type":"","overlay-color":"","overlay-opacity":"","overlay-gradient":""}},"footnotes":""},"class_list":["post-944","page","type-page","status-publish","hentry"],"yoast_head":"<!-- This site is optimized with the Yoast SEO plugin v27.4 - https:\/\/yoast.com\/product\/yoast-seo-wordpress\/ -->\n<title>Agendas Webinar - Vaughan Advisors<\/title>\n<meta name=\"robots\" content=\"index, follow, max-snippet:-1, max-image-preview:large, max-video-preview:-1\" \/>\n<link rel=\"canonical\" href=\"https:\/\/vaughanadvisors.com\/cms\/agendas-webinar\/\" \/>\n<meta property=\"og:locale\" content=\"en_US\" \/>\n<meta property=\"og:type\" content=\"article\" \/>\n<meta property=\"og:title\" content=\"Agendas Webinar - Vaughan Advisors\" \/>\n<meta property=\"og:description\" content=\"Agendas de Inteligencia Artificial IA, Ventas B24B\/B2BT\/B2CSV y Servicio al Cliente Memorable y Trascendente Inteligencia Artificial IA \u00bfQu\u00e9 es Inteligencia [&hellip;]\" \/>\n<meta property=\"og:url\" content=\"https:\/\/vaughanadvisors.com\/cms\/agendas-webinar\/\" \/>\n<meta property=\"og:site_name\" content=\"Vaughan Advisors\" \/>\n<meta property=\"article:modified_time\" content=\"2024-05-28T18:46:12+00:00\" \/>\n<meta name=\"twitter:card\" content=\"summary_large_image\" \/>\n<meta name=\"twitter:label1\" content=\"Est. reading time\" \/>\n\t<meta name=\"twitter:data1\" content=\"2 minutes\" \/>\n<script type=\"application\/ld+json\" class=\"yoast-schema-graph\">{\"@context\":\"https:\\\/\\\/schema.org\",\"@graph\":[{\"@type\":\"WebPage\",\"@id\":\"https:\\\/\\\/vaughanadvisors.com\\\/cms\\\/agendas-webinar\\\/\",\"url\":\"https:\\\/\\\/vaughanadvisors.com\\\/cms\\\/agendas-webinar\\\/\",\"name\":\"Agendas Webinar - Vaughan Advisors\",\"isPartOf\":{\"@id\":\"https:\\\/\\\/vaughanadvisors.com\\\/cms\\\/#website\"},\"datePublished\":\"2024-05-03T01:59:38+00:00\",\"dateModified\":\"2024-05-28T18:46:12+00:00\",\"breadcrumb\":{\"@id\":\"https:\\\/\\\/vaughanadvisors.com\\\/cms\\\/agendas-webinar\\\/#breadcrumb\"},\"inLanguage\":\"en-US\",\"potentialAction\":[{\"@type\":\"ReadAction\",\"target\":[\"https:\\\/\\\/vaughanadvisors.com\\\/cms\\\/agendas-webinar\\\/\"]}]},{\"@type\":\"BreadcrumbList\",\"@id\":\"https:\\\/\\\/vaughanadvisors.com\\\/cms\\\/agendas-webinar\\\/#breadcrumb\",\"itemListElement\":[{\"@type\":\"ListItem\",\"position\":1,\"name\":\"Home\",\"item\":\"https:\\\/\\\/vaughanadvisors.com\\\/cms\\\/\"},{\"@type\":\"ListItem\",\"position\":2,\"name\":\"Agendas Webinar\"}]},{\"@type\":\"WebSite\",\"@id\":\"https:\\\/\\\/vaughanadvisors.com\\\/cms\\\/#website\",\"url\":\"https:\\\/\\\/vaughanadvisors.com\\\/cms\\\/\",\"name\":\"Vaughan Advisors\",\"description\":\"Asesores\",\"potentialAction\":[{\"@type\":\"SearchAction\",\"target\":{\"@type\":\"EntryPoint\",\"urlTemplate\":\"https:\\\/\\\/vaughanadvisors.com\\\/cms\\\/?s={search_term_string}\"},\"query-input\":{\"@type\":\"PropertyValueSpecification\",\"valueRequired\":true,\"valueName\":\"search_term_string\"}}],\"inLanguage\":\"en-US\"}]}<\/script>\n<!-- \/ Yoast SEO plugin. -->","yoast_head_json":{"title":"Agendas Webinar - Vaughan Advisors","robots":{"index":"index","follow":"follow","max-snippet":"max-snippet:-1","max-image-preview":"max-image-preview:large","max-video-preview":"max-video-preview:-1"},"canonical":"https:\/\/vaughanadvisors.com\/cms\/agendas-webinar\/","og_locale":"en_US","og_type":"article","og_title":"Agendas Webinar - Vaughan Advisors","og_description":"Agendas de Inteligencia Artificial IA, Ventas B24B\/B2BT\/B2CSV y Servicio al Cliente Memorable y Trascendente Inteligencia Artificial IA \u00bfQu\u00e9 es Inteligencia [&hellip;]","og_url":"https:\/\/vaughanadvisors.com\/cms\/agendas-webinar\/","og_site_name":"Vaughan Advisors","article_modified_time":"2024-05-28T18:46:12+00:00","twitter_card":"summary_large_image","twitter_misc":{"Est. reading time":"2 minutes"},"schema":{"@context":"https:\/\/schema.org","@graph":[{"@type":"WebPage","@id":"https:\/\/vaughanadvisors.com\/cms\/agendas-webinar\/","url":"https:\/\/vaughanadvisors.com\/cms\/agendas-webinar\/","name":"Agendas Webinar - Vaughan Advisors","isPartOf":{"@id":"https:\/\/vaughanadvisors.com\/cms\/#website"},"datePublished":"2024-05-03T01:59:38+00:00","dateModified":"2024-05-28T18:46:12+00:00","breadcrumb":{"@id":"https:\/\/vaughanadvisors.com\/cms\/agendas-webinar\/#breadcrumb"},"inLanguage":"en-US","potentialAction":[{"@type":"ReadAction","target":["https:\/\/vaughanadvisors.com\/cms\/agendas-webinar\/"]}]},{"@type":"BreadcrumbList","@id":"https:\/\/vaughanadvisors.com\/cms\/agendas-webinar\/#breadcrumb","itemListElement":[{"@type":"ListItem","position":1,"name":"Home","item":"https:\/\/vaughanadvisors.com\/cms\/"},{"@type":"ListItem","position":2,"name":"Agendas Webinar"}]},{"@type":"WebSite","@id":"https:\/\/vaughanadvisors.com\/cms\/#website","url":"https:\/\/vaughanadvisors.com\/cms\/","name":"Vaughan Advisors","description":"Asesores","potentialAction":[{"@type":"SearchAction","target":{"@type":"EntryPoint","urlTemplate":"https:\/\/vaughanadvisors.com\/cms\/?s={search_term_string}"},"query-input":{"@type":"PropertyValueSpecification","valueRequired":true,"valueName":"search_term_string"}}],"inLanguage":"en-US"}]}},"_links":{"self":[{"href":"https:\/\/vaughanadvisors.com\/cms\/wp-json\/wp\/v2\/pages\/944","targetHints":{"allow":["GET"]}}],"collection":[{"href":"https:\/\/vaughanadvisors.com\/cms\/wp-json\/wp\/v2\/pages"}],"about":[{"href":"https:\/\/vaughanadvisors.com\/cms\/wp-json\/wp\/v2\/types\/page"}],"author":[{"embeddable":true,"href":"https:\/\/vaughanadvisors.com\/cms\/wp-json\/wp\/v2\/users\/1"}],"replies":[{"embeddable":true,"href":"https:\/\/vaughanadvisors.com\/cms\/wp-json\/wp\/v2\/comments?post=944"}],"version-history":[{"count":4,"href":"https:\/\/vaughanadvisors.com\/cms\/wp-json\/wp\/v2\/pages\/944\/revisions"}],"predecessor-version":[{"id":954,"href":"https:\/\/vaughanadvisors.com\/cms\/wp-json\/wp\/v2\/pages\/944\/revisions\/954"}],"wp:attachment":[{"href":"https:\/\/vaughanadvisors.com\/cms\/wp-json\/wp\/v2\/media?parent=944"}],"curies":[{"name":"wp","href":"https:\/\/api.w.org\/{rel}","templated":true}]}}