{"id":399,"date":"2017-02-06T01:51:32","date_gmt":"2017-02-06T01:51:32","guid":{"rendered":"http:\/\/vaughanadvisors.com\/cms\/?page_id=399"},"modified":"2024-02-12T04:18:15","modified_gmt":"2024-02-12T04:18:15","slug":"controles-en-tiempo-de-crisis","status":"publish","type":"page","link":"https:\/\/vaughanadvisors.com\/cms\/controles-en-tiempo-de-crisis\/","title":{"rendered":"Inteligencia Artificial"},"content":{"rendered":"<p>Tenemos un Rol clave en la transformaci\u00f3n digital de nuestros clientes. Con orientaci\u00f3n experta en la aplicaci\u00f3n efectiva de soluciones de I.A, (utilizando su CRM \u2013ERP) desde la evaluaci\u00f3n inicial de sus necesidades, hasta el dise\u00f1o e implementaci\u00f3n de sistemas personalizados.<\/p>\n<p>Somos expertos en tecnolog\u00edas emergentes y su impacto, esto nos permite adem\u00e1s de innovar, asegurarles soluciones pr\u00e1cticas, escalables y alineadas con sus objetivos.<\/p>\n<p>Nuestro compromiso es optimizar su rentabilidad y solvencia, incrementando sus negocios y lograr una transici\u00f3n fluida hacia procesos m\u00e1s inteligentes y eficientes, apoy\u00e1ndolos en cada paso para fortalecer su competitividad y su \u00e9xito sostenido hoy y a largo plazo.<\/p>\n<p>\u201cALGUNAS IDEAS Y SOLUCIONES EN TIEMPO DE FUERTE CRISIS\u201d<\/p>\n<p>\u00bfQU\u00c9 HACER EN SU EMPRESA CON LA CR\u00cdSIS DEL PA\u00cdS?<\/p>\n<p><strong>SITUACIONES PRINCIPALES A ATENDER<\/strong><\/p>\n<p>Modificaci\u00f3n de los planes y las proyecciones establecidas.<\/p>\n<p>Reducci\u00f3n de las ventas y de los cobros y su efecto sobre la liquidez.<\/p>\n<p>Incremento de los costos y de los gastos por nivel de operaci\u00f3n en crisis.<\/p>\n<p>Preparar al personal en el Autocontrol (Estr\u00e9s, Engramas, Traumas y Neurotransmisores).<\/p>\n<p><strong>\u00bfCU\u00c1LES SON LAS MEDIDAS CENTRALES A TOMAR?<\/strong><\/p>\n<p>Optimizar de forma r\u00edgida la productividad y maximizar resultados.<\/p>\n<p>Optimizar la eficiencia al menor costo y con menores gastos.<\/p>\n<p>Lograr la productividad y la eficiencia en tiempo y forma.<\/p>\n<p>Establecer par\u00e1metros de rendimientos en todos los procesos.<\/p>\n<p>Resizing, rightsizing, downsizing, conservando solo lo esencial.<\/p>\n<p><strong>\u00bfQU\u00c9 HACER CON LOS PLANES?<\/strong><\/p>\n<p>Considerar todas las opciones posibles estrat\u00e9gicas, t\u00e1cticas y operativas.<\/p>\n<p>Probables tendencias a corto, mediano y largo plazo (An\u00e1lisis actualizado).<\/p>\n<p>Reformularlos de inmediato y de acuerdo a los resultados del an\u00e1lisis.<\/p>\n<p><strong>\u00bfQU\u00c9 HACER CON LOS ACTIVOS Y PASIVOS?<\/strong><\/p>\n<p>Conversi\u00f3n de activos no productivos con \u201cBanco Interno\u201d (Gu\u00eda de acci\u00f3n a su medida).<\/p>\n<p>Negociar los pasivos relevantes de forma firme y asertiva (Enfocado al cumplimiento).<\/p>\n<p><strong>\u00bfQU\u00c9 HACER CON LAS COMPRAS?<\/strong><\/p>\n<p>Reducir al m\u00ednimo viable las compras e inventarios (T\u00e9cnica a su medida).<\/p>\n<p>Salir de inventarios tipo C y con grados de obsolescencia (Banco Interno, Sin costo).<\/p>\n<p><strong>\u00bfQU\u00c9 HACER CON LOS INGRESOS Y EGRESOS?<\/strong><\/p>\n<p>Elevar las ventas de contado detectando \u201cbolsas de caja en pro del Flujo\u201d<\/p>\n<p>Vender al Cr\u00e9dito con \u201cAplican restricciones\u201d y con cargos de intereses r\u00edgidos.<\/p>\n<p>Efectuar una din\u00e1mica gesti\u00f3n de cobro con incentivos extraordinarios.<\/p>\n<p>Priorizar el pago de las obligaciones seg\u00fan importancia (Gu\u00eda a su medida).<\/p>\n<p><strong>\u00bfQU\u00c9 HACER CON LOS COSTOS Y GASTOS?<\/strong><\/p>\n<p>Reducir de forma focalizada todos los costos y gastos, as\u00ed como su pertinencia.<\/p>\n<p>Los costos y gastos en recursos financieros se deben disminuir al m\u00ednimo.<\/p>\n<p>Los costos y gastos operativos se deben racionalizar (\u00cdndices y par\u00e1metros).<\/p>\n<p>Costos y gastos en recursos sist\u00e9micos y log\u00edsticos (Gu\u00eda de acci\u00f3n a su medida).<\/p>\n<p>Optimizar el uso de los medios y los recursos (Acciones enfocadas).<\/p>\n<p>N\u00f3mina, practicar el m\u00e9todo \u201cPSPE\/PSNR\u201d, negociar reformas con puestos seleccionados.<\/p>\n<p><strong>\u00bfQU\u00c9 HACER CON LAS CUENTAS PATRIMONIALES?<\/strong><\/p>\n<p>Congelar el rubro de las utilidades acumuladas y a distribuir.<\/p>\n<p>Postergar pago a dividendos declarados y no pagados.<\/p>\n<p>Efectuar emisi\u00f3n de acciones o hacer aportes especiales.<\/p>\n<p><strong>NOTAS:<\/strong><\/p>\n<p>Las medidas son v\u00e1lidas para toda empresa, mas puede haber algunas muy especiales seg\u00fan su giro.<\/p>\n<p>Las crisis enfrentadas con inteligencia y firmeza pueden significar logros productivos en el futuro.<\/p>\n<p>Es m\u00e1s importante hacer lo estrat\u00e9gicamente correcto, antes que lo inmediatamente rentable. Kotler<\/p>\n<p><strong>Managua, Nicaragua, Junio del 2018 <\/strong><\/p>\n","protected":false},"excerpt":{"rendered":"<p>Tenemos un Rol clave en la transformaci\u00f3n digital de nuestros clientes. Con orientaci\u00f3n experta en la aplicaci\u00f3n efectiva de soluciones [&hellip;]<\/p>\n","protected":false},"author":1,"featured_media":0,"parent":0,"menu_order":0,"comment_status":"closed","ping_status":"closed","template":"","meta":{"sfsi_plus_gutenberg_text_before_share":"","sfsi_plus_gutenberg_show_text_before_share":"","sfsi_plus_gutenberg_icon_type":"","sfsi_plus_gutenberg_icon_alignemt":"","sfsi_plus_gutenburg_max_per_row":"","site-sidebar-layout":"default","site-content-layout":"","ast-site-content-layout":"default","site-content-style":"default","site-sidebar-style":"default","ast-global-header-display":"","ast-banner-title-visibility":"","ast-main-header-display":"","ast-hfb-above-header-display":"","ast-hfb-below-header-display":"","ast-hfb-mobile-header-display":"","site-post-title":"","ast-breadcrumbs-content":"","ast-featured-img":"","footer-sml-layout":"","ast-disable-related-posts":"","theme-transparent-header-meta":"","adv-header-id-meta":"","stick-header-meta":"","header-above-stick-meta":"","header-main-stick-meta":"","header-below-stick-meta":"","astra-migrate-meta-layouts":"default","ast-page-background-enabled":"default","ast-page-background-meta":{"desktop":{"background-color":"var(--ast-global-color-5)","background-image":"","background-repeat":"repeat","background-position":"center center","background-size":"auto","background-attachment":"scroll","background-type":"","background-media":"","overlay-type":"","overlay-color":"","overlay-opacity":"","overlay-gradient":""},"tablet":{"background-color":"","background-image":"","background-repeat":"repeat","background-position":"center center","background-size":"auto","background-attachment":"scroll","background-type":"","background-media":"","overlay-type":"","overlay-color":"","overlay-opacity":"","overlay-gradient":""},"mobile":{"background-color":"","background-image":"","background-repeat":"repeat","background-position":"center center","background-size":"auto","background-attachment":"scroll","background-type":"","background-media":"","overlay-type":"","overlay-color":"","overlay-opacity":"","overlay-gradient":""}},"ast-content-background-meta":{"desktop":{"background-color":"var(--ast-global-color-4)","background-image":"","background-repeat":"repeat","background-position":"center center","background-size":"auto","background-attachment":"scroll","background-type":"","background-media":"","overlay-type":"","overlay-color":"","overlay-opacity":"","overlay-gradient":""},"tablet":{"background-color":"var(--ast-global-color-4)","background-image":"","background-repeat":"repeat","background-position":"center center","background-size":"auto","background-attachment":"scroll","background-type":"","background-media":"","overlay-type":"","overlay-color":"","overlay-opacity":"","overlay-gradient":""},"mobile":{"background-color":"var(--ast-global-color-4)","background-image":"","background-repeat":"repeat","background-position":"center center","background-size":"auto","background-attachment":"scroll","background-type":"","background-media":"","overlay-type":"","overlay-color":"","overlay-opacity":"","overlay-gradient":""}},"footnotes":""},"class_list":["post-399","page","type-page","status-publish","hentry"],"yoast_head":"<!-- This site is optimized with the Yoast SEO plugin v27.4 - https:\/\/yoast.com\/product\/yoast-seo-wordpress\/ -->\n<title>Inteligencia Artificial - Vaughan Advisors<\/title>\n<meta name=\"robots\" content=\"index, follow, max-snippet:-1, max-image-preview:large, max-video-preview:-1\" \/>\n<link rel=\"canonical\" href=\"https:\/\/vaughanadvisors.com\/cms\/controles-en-tiempo-de-crisis\/\" \/>\n<meta property=\"og:locale\" content=\"en_US\" \/>\n<meta property=\"og:type\" content=\"article\" \/>\n<meta property=\"og:title\" content=\"Inteligencia Artificial - Vaughan Advisors\" \/>\n<meta property=\"og:description\" content=\"Tenemos un Rol clave en la transformaci\u00f3n digital de nuestros clientes. Con orientaci\u00f3n experta en la aplicaci\u00f3n efectiva de soluciones [&hellip;]\" \/>\n<meta property=\"og:url\" content=\"https:\/\/vaughanadvisors.com\/cms\/controles-en-tiempo-de-crisis\/\" \/>\n<meta property=\"og:site_name\" content=\"Vaughan Advisors\" \/>\n<meta property=\"article:modified_time\" content=\"2024-02-12T04:18:15+00:00\" \/>\n<meta name=\"twitter:card\" content=\"summary_large_image\" \/>\n<meta name=\"twitter:label1\" content=\"Est. reading time\" \/>\n\t<meta name=\"twitter:data1\" content=\"3 minutes\" \/>\n<script type=\"application\/ld+json\" class=\"yoast-schema-graph\">{\"@context\":\"https:\\\/\\\/schema.org\",\"@graph\":[{\"@type\":\"WebPage\",\"@id\":\"https:\\\/\\\/vaughanadvisors.com\\\/cms\\\/controles-en-tiempo-de-crisis\\\/\",\"url\":\"https:\\\/\\\/vaughanadvisors.com\\\/cms\\\/controles-en-tiempo-de-crisis\\\/\",\"name\":\"Inteligencia Artificial - Vaughan Advisors\",\"isPartOf\":{\"@id\":\"https:\\\/\\\/vaughanadvisors.com\\\/cms\\\/#website\"},\"datePublished\":\"2017-02-06T01:51:32+00:00\",\"dateModified\":\"2024-02-12T04:18:15+00:00\",\"breadcrumb\":{\"@id\":\"https:\\\/\\\/vaughanadvisors.com\\\/cms\\\/controles-en-tiempo-de-crisis\\\/#breadcrumb\"},\"inLanguage\":\"en-US\",\"potentialAction\":[{\"@type\":\"ReadAction\",\"target\":[\"https:\\\/\\\/vaughanadvisors.com\\\/cms\\\/controles-en-tiempo-de-crisis\\\/\"]}]},{\"@type\":\"BreadcrumbList\",\"@id\":\"https:\\\/\\\/vaughanadvisors.com\\\/cms\\\/controles-en-tiempo-de-crisis\\\/#breadcrumb\",\"itemListElement\":[{\"@type\":\"ListItem\",\"position\":1,\"name\":\"Home\",\"item\":\"https:\\\/\\\/vaughanadvisors.com\\\/cms\\\/\"},{\"@type\":\"ListItem\",\"position\":2,\"name\":\"Inteligencia Artificial\"}]},{\"@type\":\"WebSite\",\"@id\":\"https:\\\/\\\/vaughanadvisors.com\\\/cms\\\/#website\",\"url\":\"https:\\\/\\\/vaughanadvisors.com\\\/cms\\\/\",\"name\":\"Vaughan Advisors\",\"description\":\"Asesores\",\"potentialAction\":[{\"@type\":\"SearchAction\",\"target\":{\"@type\":\"EntryPoint\",\"urlTemplate\":\"https:\\\/\\\/vaughanadvisors.com\\\/cms\\\/?s={search_term_string}\"},\"query-input\":{\"@type\":\"PropertyValueSpecification\",\"valueRequired\":true,\"valueName\":\"search_term_string\"}}],\"inLanguage\":\"en-US\"}]}<\/script>\n<!-- \/ Yoast SEO plugin. -->","yoast_head_json":{"title":"Inteligencia Artificial - Vaughan Advisors","robots":{"index":"index","follow":"follow","max-snippet":"max-snippet:-1","max-image-preview":"max-image-preview:large","max-video-preview":"max-video-preview:-1"},"canonical":"https:\/\/vaughanadvisors.com\/cms\/controles-en-tiempo-de-crisis\/","og_locale":"en_US","og_type":"article","og_title":"Inteligencia Artificial - Vaughan Advisors","og_description":"Tenemos un Rol clave en la transformaci\u00f3n digital de nuestros clientes. Con orientaci\u00f3n experta en la aplicaci\u00f3n efectiva de soluciones [&hellip;]","og_url":"https:\/\/vaughanadvisors.com\/cms\/controles-en-tiempo-de-crisis\/","og_site_name":"Vaughan Advisors","article_modified_time":"2024-02-12T04:18:15+00:00","twitter_card":"summary_large_image","twitter_misc":{"Est. reading time":"3 minutes"},"schema":{"@context":"https:\/\/schema.org","@graph":[{"@type":"WebPage","@id":"https:\/\/vaughanadvisors.com\/cms\/controles-en-tiempo-de-crisis\/","url":"https:\/\/vaughanadvisors.com\/cms\/controles-en-tiempo-de-crisis\/","name":"Inteligencia Artificial - Vaughan Advisors","isPartOf":{"@id":"https:\/\/vaughanadvisors.com\/cms\/#website"},"datePublished":"2017-02-06T01:51:32+00:00","dateModified":"2024-02-12T04:18:15+00:00","breadcrumb":{"@id":"https:\/\/vaughanadvisors.com\/cms\/controles-en-tiempo-de-crisis\/#breadcrumb"},"inLanguage":"en-US","potentialAction":[{"@type":"ReadAction","target":["https:\/\/vaughanadvisors.com\/cms\/controles-en-tiempo-de-crisis\/"]}]},{"@type":"BreadcrumbList","@id":"https:\/\/vaughanadvisors.com\/cms\/controles-en-tiempo-de-crisis\/#breadcrumb","itemListElement":[{"@type":"ListItem","position":1,"name":"Home","item":"https:\/\/vaughanadvisors.com\/cms\/"},{"@type":"ListItem","position":2,"name":"Inteligencia Artificial"}]},{"@type":"WebSite","@id":"https:\/\/vaughanadvisors.com\/cms\/#website","url":"https:\/\/vaughanadvisors.com\/cms\/","name":"Vaughan Advisors","description":"Asesores","potentialAction":[{"@type":"SearchAction","target":{"@type":"EntryPoint","urlTemplate":"https:\/\/vaughanadvisors.com\/cms\/?s={search_term_string}"},"query-input":{"@type":"PropertyValueSpecification","valueRequired":true,"valueName":"search_term_string"}}],"inLanguage":"en-US"}]}},"_links":{"self":[{"href":"https:\/\/vaughanadvisors.com\/cms\/wp-json\/wp\/v2\/pages\/399","targetHints":{"allow":["GET"]}}],"collection":[{"href":"https:\/\/vaughanadvisors.com\/cms\/wp-json\/wp\/v2\/pages"}],"about":[{"href":"https:\/\/vaughanadvisors.com\/cms\/wp-json\/wp\/v2\/types\/page"}],"author":[{"embeddable":true,"href":"https:\/\/vaughanadvisors.com\/cms\/wp-json\/wp\/v2\/users\/1"}],"replies":[{"embeddable":true,"href":"https:\/\/vaughanadvisors.com\/cms\/wp-json\/wp\/v2\/comments?post=399"}],"version-history":[{"count":11,"href":"https:\/\/vaughanadvisors.com\/cms\/wp-json\/wp\/v2\/pages\/399\/revisions"}],"predecessor-version":[{"id":923,"href":"https:\/\/vaughanadvisors.com\/cms\/wp-json\/wp\/v2\/pages\/399\/revisions\/923"}],"wp:attachment":[{"href":"https:\/\/vaughanadvisors.com\/cms\/wp-json\/wp\/v2\/media?parent=399"}],"curies":[{"name":"wp","href":"https:\/\/api.w.org\/{rel}","templated":true}]}}