{"id":1787,"date":"2025-09-29T07:23:03","date_gmt":"2025-09-29T07:23:03","guid":{"rendered":"https:\/\/vaughanadvisors.com\/cms\/?page_id=1787"},"modified":"2026-02-03T03:09:55","modified_gmt":"2026-02-03T03:09:55","slug":"webinars-y-capacitaciones","status":"publish","type":"page","link":"https:\/\/vaughanadvisors.com\/cms\/webinars-y-capacitaciones\/","title":{"rendered":"Webinars y Capacitaciones"},"content":{"rendered":"\t\t<div data-elementor-type=\"wp-page\" data-elementor-id=\"1787\" class=\"elementor elementor-1787\">\n\t\t\t\t<div class=\"elementor-element elementor-element-5a15521 e-flex e-con-boxed e-con e-parent\" data-id=\"5a15521\" data-element_type=\"container\" data-e-type=\"container\">\n\t\t\t\t\t<div class=\"e-con-inner\">\n\t\t\t\t<div class=\"elementor-element elementor-element-998f03f elementor-widget elementor-widget-text-editor\" data-id=\"998f03f\" data-element_type=\"widget\" data-e-type=\"widget\" data-widget_type=\"text-editor.default\">\n\t\t\t\t\t\t\t\t\t<h2>Webinars<strong><b> y Capacitaciones 2025<\/b><\/strong><\/h2><p>Les invitamos a inscribirse a nuestros Webinar integrales con temas relevantes y actualizados: <strong>Inteligencia Artificial, Ventas B2B, Ventas B2C y Servicio al Cliente MYT<\/strong>. El mercado est\u00e1 cambiando m\u00e1s r\u00e1pido\u00a0de lo que imaginamos. Las empresas que act\u00faan hoy con Inteligencia Artificial\u00a0logran ventas estrat\u00e9gicas, servicio memorable y equipos de alto rendimiento, est\u00e1n tomando la delantera. Las que no lo hacen, ya est\u00e1n perdiendo\u00a0clientes y competitividad.<\/p><p>Nuestros Webinars as\u00ed como nuestras capacitaciones presenciales, est\u00e1n dise\u00f1ados para darle a su empresa las herramientas pr\u00e1cticas que necesitan no solo para sostenerse, sino para expandirse aceleradamente\u00a0en 2025.\u00a0Lograr\u00e1n Resultados \u00c1giles, Rentables y con Solvencia Sostenida. Consolidar\u00e1n Fortalezas para optimizar su profesi\u00f3n, trabajo, emprendimiento o negocio. Lo garantizamos con 30 a\u00f1os de experiencia generando excelentes resultados\u00a0(Ver testimonios).<\/p><h5>Decida ahora invertir en conocimiento y preparaci\u00f3n o ver\u00e1 c\u00f3mo otros ocupan su lugar.<\/h5><p><strong><b>Los 4 Temarios:<\/b><\/strong> <span data-olk-copy-source=\"MessageBody\">Se desarrollan en 4 episodios para un total de 17 (B2C tiene 5 episodios) de aproximadamente 33 minutos c\/u, los otros temas son de 4 episodios de 30 mnts. aprox. Todo por una Inversi\u00f3n m\u00f3dica de $250 por inscrito. Nuestros Seminarios son de alto nivel, para exigentes que no se conforman con acciones y contenidos irrelevantes.<\/span><\/p><p><strong><b>Formas de pago:<\/b><\/strong><\/p><p><b><\/b>PayPal:@robertdm76rdmmaher<br \/>Cuenta Bancaria BAC en $: Roberto Rodrigo Vaughan Portocarrero Cuenta #: 012-08759-9\u00a0Cuenta Corriente en US $ BAC Nicaragua ABA: 026009593SWIFT: BAMCNIMA<\/p><p><strong><b>Formulario de inscripci\u00f3n<\/b><\/strong><\/p>\t\t\t\t\t\t\t\t<\/div>\n\t\t\t\t\t<\/div>\n\t\t\t\t<\/div>\n\t\t<div class=\"elementor-element elementor-element-9e72e8c e-flex e-con-boxed e-con e-parent\" data-id=\"9e72e8c\" data-element_type=\"container\" data-e-type=\"container\">\n\t\t\t\t\t<div class=\"e-con-inner\">\n\t\t\t\t<div class=\"elementor-element elementor-element-d7a18d3 elementor-widget elementor-widget-shortcode\" data-id=\"d7a18d3\" data-element_type=\"widget\" data-e-type=\"widget\" data-widget_type=\"shortcode.default\">\n\t\t\t\t\t\t\t<div class=\"elementor-shortcode\"><div class=\"forminator-ui forminator-custom-form forminator-custom-form-1936 forminator-design--default  forminator_ajax\" data-forminator-render=\"0\" data-form=\"forminator-module-1936\" data-uid=\"69e8d2632e9e9\"><br\/><\/div><form\n\t\t\t\tid=\"forminator-module-1936\"\n\t\t\t\tclass=\"forminator-ui forminator-custom-form forminator-custom-form-1936 forminator-design--default  forminator_ajax\"\n\t\t\t\tmethod=\"post\"\n\t\t\t\tdata-forminator-render=\"0\"\n\t\t\t\tdata-form-id=\"1936\"\n\t\t\t\t data-color-option=\"theme\" data-design=\"default\" data-grid=\"open\" style=\"display: none;\"\n\t\t\t\tdata-uid=\"69e8d2632e9e9\"\n\t\t\t><div role=\"alert\" aria-live=\"polite\" class=\"forminator-response-message forminator-error\" aria-hidden=\"true\"><\/div><div class=\"forminator-row\"><div id=\"name-1\" class=\"forminator-field-name forminator-col forminator-col-6 \"><div class=\"forminator-field\"><label for=\"forminator-field-name-1_69e8d2632e9e9\" id=\"forminator-field-name-1_69e8d2632e9e9-label\" class=\"forminator-label\">Nombre<\/label><input type=\"text\" name=\"name-1\" value=\"\" placeholder=\"\" id=\"forminator-field-name-1_69e8d2632e9e9\" class=\"forminator-input forminator-name--field\" aria-required=\"false\" autocomplete=\"name\" \/><\/div><\/div><div id=\"name-2\" class=\"forminator-field-name forminator-col forminator-col-6 \"><div class=\"forminator-field\"><label for=\"forminator-field-name-2_69e8d2632e9e9\" id=\"forminator-field-name-2_69e8d2632e9e9-label\" class=\"forminator-label\">Apellido<\/label><input type=\"text\" name=\"name-2\" value=\"\" placeholder=\"\" id=\"forminator-field-name-2_69e8d2632e9e9\" class=\"forminator-input forminator-name--field\" aria-required=\"false\" autocomplete=\"name\" \/><\/div><\/div><\/div><div class=\"forminator-row\"><div id=\"name-3\" class=\"forminator-field-name forminator-col forminator-col-6 \"><div class=\"forminator-field\"><label for=\"forminator-field-name-3_69e8d2632e9e9\" id=\"forminator-field-name-3_69e8d2632e9e9-label\" class=\"forminator-label\">Email<\/label><input type=\"text\" name=\"name-3\" value=\"\" placeholder=\"\" id=\"forminator-field-name-3_69e8d2632e9e9\" class=\"forminator-input forminator-name--field\" aria-required=\"false\" autocomplete=\"name\" \/><\/div><\/div><div id=\"name-4\" class=\"forminator-field-name forminator-col forminator-col-6 \"><div class=\"forminator-field\"><label for=\"forminator-field-name-4_69e8d2632e9e9\" id=\"forminator-field-name-4_69e8d2632e9e9-label\" class=\"forminator-label\">Telefono<\/label><input type=\"text\" name=\"name-4\" value=\"\" placeholder=\"\" id=\"forminator-field-name-4_69e8d2632e9e9\" class=\"forminator-input forminator-name--field\" aria-required=\"false\" autocomplete=\"name\" \/><\/div><\/div><\/div><div class=\"forminator-row\"><div id=\"name-5\" class=\"forminator-field-name forminator-col forminator-col-12 \"><div class=\"forminator-field\"><label for=\"forminator-field-name-5_69e8d2632e9e9\" id=\"forminator-field-name-5_69e8d2632e9e9-label\" class=\"forminator-label\">Nombre de su Empresa<\/label><input type=\"text\" name=\"name-5\" value=\"\" placeholder=\"\" id=\"forminator-field-name-5_69e8d2632e9e9\" class=\"forminator-input forminator-name--field\" aria-required=\"false\" autocomplete=\"name\" \/><\/div><\/div><\/div><div class=\"forminator-row\"><div id=\"textarea-1\" class=\"forminator-field-textarea forminator-col forminator-col-12 \"><div class=\"forminator-field\"><label for=\"forminator-field-textarea-1_69e8d2632e9e9\" id=\"forminator-field-textarea-1_69e8d2632e9e9-label\" class=\"forminator-label\">Comentarios<\/label><textarea name=\"textarea-1\" placeholder=\"\" id=\"forminator-field-textarea-1_69e8d2632e9e9\" class=\"forminator-textarea\" rows=\"6\" style=\"--forminator-textarea-min-height:140px;\" ><\/textarea><\/div><\/div><\/div><input type=\"hidden\" name=\"referer_url\" value=\"\" \/><div class=\"forminator-row forminator-row-last\"><div class=\"forminator-col\"><div class=\"forminator-field\"><button class=\"forminator-button forminator-button-submit\">Enviar<\/button><\/div><\/div><\/div><input type=\"hidden\" id=\"forminator_nonce\" name=\"forminator_nonce\" value=\"f908fbc88f\" \/><input type=\"hidden\" name=\"_wp_http_referer\" value=\"\/cms\/wp-json\/wp\/v2\/pages\/1787\" \/><input type=\"hidden\" name=\"form_id\" value=\"1936\"><input type=\"hidden\" name=\"page_id\" value=\"1787\"><input type=\"hidden\" name=\"form_type\" value=\"default\"><input type=\"hidden\" name=\"current_url\" value=\"https:\/\/vaughanadvisors.com\/cms\/webinars-y-capacitaciones\/\"><input type=\"hidden\" name=\"render_id\" value=\"0\"><input type=\"hidden\" name=\"action\" value=\"forminator_submit_form_custom-forms\"><label for=\"input_7\" class=\"forminator-hidden\" aria-hidden=\"true\">Please do not fill in this field. <input id=\"input_7\" type=\"text\" name=\"input_7\" value=\"\" autocomplete=\"off\"><\/label><\/form><\/div>\n\t\t\t\t\t\t<\/div>\n\t\t\t\t\t<\/div>\n\t\t\t\t<\/div>\n\t\t\t\t<\/div>\n\t\t","protected":false},"excerpt":{"rendered":"<p>Webinars y Capacitaciones 2025 Les invitamos a inscribirse a nuestros Webinar integrales con temas relevantes y actualizados: Inteligencia Artificial, Ventas [&hellip;]<\/p>\n","protected":false},"author":1,"featured_media":0,"parent":0,"menu_order":0,"comment_status":"closed","ping_status":"closed","template":"","meta":{"sfsi_plus_gutenberg_text_before_share":"","sfsi_plus_gutenberg_show_text_before_share":"","sfsi_plus_gutenberg_icon_type":"","sfsi_plus_gutenberg_icon_alignemt":"","sfsi_plus_gutenburg_max_per_row":"","site-sidebar-layout":"no-sidebar","site-content-layout":"","ast-site-content-layout":"full-width-container","site-content-style":"default","site-sidebar-style":"default","ast-global-header-display":"","ast-banner-title-visibility":"","ast-main-header-display":"","ast-hfb-above-header-display":"","ast-hfb-below-header-display":"","ast-hfb-mobile-header-display":"","site-post-title":"","ast-breadcrumbs-content":"","ast-featured-img":"disabled","footer-sml-layout":"","ast-disable-related-posts":"","theme-transparent-header-meta":"","adv-header-id-meta":"","stick-header-meta":"","header-above-stick-meta":"","header-main-stick-meta":"","header-below-stick-meta":"","astra-migrate-meta-layouts":"default","ast-page-background-enabled":"default","ast-page-background-meta":{"desktop":{"background-color":"var(--ast-global-color-5)","background-image":"","background-repeat":"repeat","background-position":"center center","background-size":"auto","background-attachment":"scroll","background-type":"","background-media":"","overlay-type":"","overlay-color":"","overlay-opacity":"","overlay-gradient":""},"tablet":{"background-color":"","background-image":"","background-repeat":"repeat","background-position":"center center","background-size":"auto","background-attachment":"scroll","background-type":"","background-media":"","overlay-type":"","overlay-color":"","overlay-opacity":"","overlay-gradient":""},"mobile":{"background-color":"","background-image":"","background-repeat":"repeat","background-position":"center center","background-size":"auto","background-attachment":"scroll","background-type":"","background-media":"","overlay-type":"","overlay-color":"","overlay-opacity":"","overlay-gradient":""}},"ast-content-background-meta":{"desktop":{"background-color":"var(--ast-global-color-4)","background-image":"","background-repeat":"repeat","background-position":"center center","background-size":"auto","background-attachment":"scroll","background-type":"","background-media":"","overlay-type":"","overlay-color":"","overlay-opacity":"","overlay-gradient":""},"tablet":{"background-color":"var(--ast-global-color-4)","background-image":"","background-repeat":"repeat","background-position":"center center","background-size":"auto","background-attachment":"scroll","background-type":"","background-media":"","overlay-type":"","overlay-color":"","overlay-opacity":"","overlay-gradient":""},"mobile":{"background-color":"var(--ast-global-color-4)","background-image":"","background-repeat":"repeat","background-position":"center center","background-size":"auto","background-attachment":"scroll","background-type":"","background-media":"","overlay-type":"","overlay-color":"","overlay-opacity":"","overlay-gradient":""}},"footnotes":""},"class_list":["post-1787","page","type-page","status-publish","hentry"],"yoast_head":"<!-- This site is optimized with the Yoast SEO plugin v27.4 - https:\/\/yoast.com\/product\/yoast-seo-wordpress\/ -->\n<title>Webinars y Capacitaciones - Vaughan Advisors<\/title>\n<meta name=\"robots\" content=\"index, follow, max-snippet:-1, max-image-preview:large, max-video-preview:-1\" \/>\n<link rel=\"canonical\" href=\"https:\/\/vaughanadvisors.com\/cms\/webinars-y-capacitaciones\/\" \/>\n<meta property=\"og:locale\" content=\"en_US\" \/>\n<meta property=\"og:type\" content=\"article\" \/>\n<meta property=\"og:title\" content=\"Webinars y Capacitaciones - Vaughan Advisors\" \/>\n<meta property=\"og:description\" content=\"Webinars y Capacitaciones 2025 Les invitamos a inscribirse a nuestros Webinar integrales con temas relevantes y actualizados: Inteligencia Artificial, Ventas [&hellip;]\" \/>\n<meta property=\"og:url\" content=\"https:\/\/vaughanadvisors.com\/cms\/webinars-y-capacitaciones\/\" \/>\n<meta property=\"og:site_name\" content=\"Vaughan Advisors\" \/>\n<meta property=\"article:modified_time\" content=\"2026-02-03T03:09:55+00:00\" \/>\n<meta name=\"twitter:card\" content=\"summary_large_image\" \/>\n<meta name=\"twitter:label1\" content=\"Est. reading time\" \/>\n\t<meta name=\"twitter:data1\" content=\"1 minute\" \/>\n<script type=\"application\/ld+json\" class=\"yoast-schema-graph\">{\"@context\":\"https:\\\/\\\/schema.org\",\"@graph\":[{\"@type\":\"WebPage\",\"@id\":\"https:\\\/\\\/vaughanadvisors.com\\\/cms\\\/webinars-y-capacitaciones\\\/\",\"url\":\"https:\\\/\\\/vaughanadvisors.com\\\/cms\\\/webinars-y-capacitaciones\\\/\",\"name\":\"Webinars y Capacitaciones - Vaughan Advisors\",\"isPartOf\":{\"@id\":\"https:\\\/\\\/vaughanadvisors.com\\\/cms\\\/#website\"},\"datePublished\":\"2025-09-29T07:23:03+00:00\",\"dateModified\":\"2026-02-03T03:09:55+00:00\",\"breadcrumb\":{\"@id\":\"https:\\\/\\\/vaughanadvisors.com\\\/cms\\\/webinars-y-capacitaciones\\\/#breadcrumb\"},\"inLanguage\":\"en-US\",\"potentialAction\":[{\"@type\":\"ReadAction\",\"target\":[\"https:\\\/\\\/vaughanadvisors.com\\\/cms\\\/webinars-y-capacitaciones\\\/\"]}]},{\"@type\":\"BreadcrumbList\",\"@id\":\"https:\\\/\\\/vaughanadvisors.com\\\/cms\\\/webinars-y-capacitaciones\\\/#breadcrumb\",\"itemListElement\":[{\"@type\":\"ListItem\",\"position\":1,\"name\":\"Home\",\"item\":\"https:\\\/\\\/vaughanadvisors.com\\\/cms\\\/\"},{\"@type\":\"ListItem\",\"position\":2,\"name\":\"Webinars y Capacitaciones\"}]},{\"@type\":\"WebSite\",\"@id\":\"https:\\\/\\\/vaughanadvisors.com\\\/cms\\\/#website\",\"url\":\"https:\\\/\\\/vaughanadvisors.com\\\/cms\\\/\",\"name\":\"Vaughan Advisors\",\"description\":\"Asesores\",\"potentialAction\":[{\"@type\":\"SearchAction\",\"target\":{\"@type\":\"EntryPoint\",\"urlTemplate\":\"https:\\\/\\\/vaughanadvisors.com\\\/cms\\\/?s={search_term_string}\"},\"query-input\":{\"@type\":\"PropertyValueSpecification\",\"valueRequired\":true,\"valueName\":\"search_term_string\"}}],\"inLanguage\":\"en-US\"}]}<\/script>\n<!-- \/ Yoast SEO plugin. -->","yoast_head_json":{"title":"Webinars y Capacitaciones - Vaughan Advisors","robots":{"index":"index","follow":"follow","max-snippet":"max-snippet:-1","max-image-preview":"max-image-preview:large","max-video-preview":"max-video-preview:-1"},"canonical":"https:\/\/vaughanadvisors.com\/cms\/webinars-y-capacitaciones\/","og_locale":"en_US","og_type":"article","og_title":"Webinars y Capacitaciones - Vaughan Advisors","og_description":"Webinars y Capacitaciones 2025 Les invitamos a inscribirse a nuestros Webinar integrales con temas relevantes y actualizados: Inteligencia Artificial, Ventas [&hellip;]","og_url":"https:\/\/vaughanadvisors.com\/cms\/webinars-y-capacitaciones\/","og_site_name":"Vaughan Advisors","article_modified_time":"2026-02-03T03:09:55+00:00","twitter_card":"summary_large_image","twitter_misc":{"Est. reading time":"1 minute"},"schema":{"@context":"https:\/\/schema.org","@graph":[{"@type":"WebPage","@id":"https:\/\/vaughanadvisors.com\/cms\/webinars-y-capacitaciones\/","url":"https:\/\/vaughanadvisors.com\/cms\/webinars-y-capacitaciones\/","name":"Webinars y Capacitaciones - Vaughan Advisors","isPartOf":{"@id":"https:\/\/vaughanadvisors.com\/cms\/#website"},"datePublished":"2025-09-29T07:23:03+00:00","dateModified":"2026-02-03T03:09:55+00:00","breadcrumb":{"@id":"https:\/\/vaughanadvisors.com\/cms\/webinars-y-capacitaciones\/#breadcrumb"},"inLanguage":"en-US","potentialAction":[{"@type":"ReadAction","target":["https:\/\/vaughanadvisors.com\/cms\/webinars-y-capacitaciones\/"]}]},{"@type":"BreadcrumbList","@id":"https:\/\/vaughanadvisors.com\/cms\/webinars-y-capacitaciones\/#breadcrumb","itemListElement":[{"@type":"ListItem","position":1,"name":"Home","item":"https:\/\/vaughanadvisors.com\/cms\/"},{"@type":"ListItem","position":2,"name":"Webinars y Capacitaciones"}]},{"@type":"WebSite","@id":"https:\/\/vaughanadvisors.com\/cms\/#website","url":"https:\/\/vaughanadvisors.com\/cms\/","name":"Vaughan Advisors","description":"Asesores","potentialAction":[{"@type":"SearchAction","target":{"@type":"EntryPoint","urlTemplate":"https:\/\/vaughanadvisors.com\/cms\/?s={search_term_string}"},"query-input":{"@type":"PropertyValueSpecification","valueRequired":true,"valueName":"search_term_string"}}],"inLanguage":"en-US"}]}},"_links":{"self":[{"href":"https:\/\/vaughanadvisors.com\/cms\/wp-json\/wp\/v2\/pages\/1787","targetHints":{"allow":["GET"]}}],"collection":[{"href":"https:\/\/vaughanadvisors.com\/cms\/wp-json\/wp\/v2\/pages"}],"about":[{"href":"https:\/\/vaughanadvisors.com\/cms\/wp-json\/wp\/v2\/types\/page"}],"author":[{"embeddable":true,"href":"https:\/\/vaughanadvisors.com\/cms\/wp-json\/wp\/v2\/users\/1"}],"replies":[{"embeddable":true,"href":"https:\/\/vaughanadvisors.com\/cms\/wp-json\/wp\/v2\/comments?post=1787"}],"version-history":[{"count":61,"href":"https:\/\/vaughanadvisors.com\/cms\/wp-json\/wp\/v2\/pages\/1787\/revisions"}],"predecessor-version":[{"id":1942,"href":"https:\/\/vaughanadvisors.com\/cms\/wp-json\/wp\/v2\/pages\/1787\/revisions\/1942"}],"wp:attachment":[{"href":"https:\/\/vaughanadvisors.com\/cms\/wp-json\/wp\/v2\/media?parent=1787"}],"curies":[{"name":"wp","href":"https:\/\/api.w.org\/{rel}","templated":true}]}}