{"id":153,"date":"2016-06-02T09:28:55","date_gmt":"2016-06-02T09:28:55","guid":{"rendered":"http:\/\/vaughanadvisors.com\/cms\/?page_id=153"},"modified":"2023-01-13T06:13:05","modified_gmt":"2023-01-13T06:13:05","slug":"curriculum-vitae-ceo","status":"publish","type":"page","link":"https:\/\/vaughanadvisors.com\/cms\/curriculum-vitae-ceo\/","title":{"rendered":"Curriculum Vitae CEO"},"content":{"rendered":"<p><strong><u>Roberto J. Vaughan Loredo<\/u><\/strong><\/p>\n<p><a href=\"mailto:roberto@vaughanadvisors.com\">roberto@vaughanadvisors.com<\/a>; <a href=\"mailto:robertovaughan@gmail.com\">robertovaughan@gmail.com<\/a>; Cel: (+505) 8908-2600<\/p>\n<p><strong><u>PUNTOS FUERTES:<\/u><\/strong><\/p>\n<p>Enfoque al liderazgo proactivo y de resultados. Formador de equipos de alto rendimiento dentro de un fuerte \u00a0sentido de pertenencia y desarrollar en ese ambiente al RRHH con esto, se consolidan los valores necesarios para obtener relaciones firmes. Tendencia al enfoque mediador-negociador. Experiencias exitosas en dise\u00f1o de estrategias innovadoras en Gerencia General, Marketing, Ventas B2B y B2C y Finanzas. Siempre me encuentro en la b\u00fasqueda de nuevos retos dentro de los s\u00fabitos cambios y tiempos disruptivos que se est\u00e1n dando y el trabajo bajo la modalidad de m\u00e9todos Virtuales &#8211; N\u00f3madas ante la pandemia, los que a la vez ofrecen muchas oportunidades. Tengo excelentes relaciones con banqueros, pol\u00edticos y con empresarios. He pertenecido a prestigiosos clubes sociales. Mi experiencia e impecable record, me acreditan para desempe\u00f1ar cargos como CEO, Directivo, Asesor y Consultor al m\u00e1s alto nivel. Experto en Manuales de Gerenciamiento de Tiendas y puntos de venta desde Mipymes hasta cadenas de m\u00e1s de 80 sucursales.<\/p>\n<p><strong><u>EXPERIENCIA DE TRABAJO:<\/u><\/strong><\/p>\n<p><strong>Marzo 2010 a la fecha VAUGHAN ADVISORS, S.A. Nicaragua: Dedicada a la Asesor\u00eda y Consultor\u00eda Empresarial y a impartir Conferencias y Charlas presenciales y virtuales.\u00a0 <\/strong><\/p>\n<p><strong>Puesto: Director Ejecutivo (CEO) ver p\u00e1gina <a href=\"http:\/\/www.vaughanadvisors.com\">www.vaughanadvisors.com<\/a> <\/strong><\/p>\n<p><strong>2007 a Marzo 2010: CORPORACI\u00d3N ROBERTO TER\u00c1N, S.A. y SUBSIDIARIAS \u2013 NICARAGUA<\/strong><\/p>\n<p><strong>Puesto: Director \u00a0de Noviembre 07 a Septiembre 09 y Director Ejecutivo (CEO) a Marzo del 2010\u00a0 <\/strong><\/p>\n<p>Se me recontrata, con el objetivo de dise\u00f1ar y ejecutar de manera \u00e1gil una serie de estrategias para maximizar el proceso de conversi\u00f3n de los activos fijos a circulante, con el objetivo de reducir en un 75%\u00a0 los pasivos bancarios y readecuar los saldos no cubiertos. Bajar los gastos operativos, adaptar el tama\u00f1o de la empresa a su capacidad financiera y redise\u00f1ar los procesos de negocios actuales. Paralelamente ir encontrando nuevos core business. Adicionalmente, se me nombra Jefe Negociador con Poder Especial General\u00edsimo para Liderar dos situaciones de suma importancia, que concluyeron con \u00e9xito en marzo 2010.<\/p>\n<p><strong>LOGROS:<\/strong> A marzo del 2010, logramos pagar el 50% de los pasivos bancarios y se tiene dise\u00f1ado el plan estrat\u00e9gico y su ejecuci\u00f3n en la empresa en todos sus procesos bajo la modalidad de mejora continua.<\/p>\n<p><strong>2005- Octubre 2007: SGI INVESTMENTS y SUBSIDIARIAS &#8211; NICARAGUA<\/strong><\/p>\n<p><strong>Puesto: Director Ejecutivo \u2013 CEO <\/strong><\/p>\n<p><strong>ACTIVIDAD: <\/strong>Dedicada a las ramas de negocio de: Bienes Ra\u00edces en el desarrollo de urbanizaciones de medio alto y alto nivel; Turismo (La Gran Francia y Escameca Grande), haciendas Ganaderas (Red Angus), Cafetaleras (Santa Francisca Romana), todas con diversificaci\u00f3n en otras explotaciones agr\u00edcolas.<\/p>\n<p><strong>LOGROS:<\/strong> Por ser empresas en proceso de reconversi\u00f3n y crecimiento, dise\u00f1\u00e9 e implement\u00e9 estrategias enfocadas a la priorizaci\u00f3n de negocios considerados ganadores dentro del proceso de globalizaci\u00f3n. Paralelo a esto, coordin\u00e9 al equipo en la implementaci\u00f3n de un plan de acci\u00f3n enfocado a elevar los rendimientos de producci\u00f3n de cada una de las empresas del Grupo y a racionalizar de manera eficaz los costos y gastos de cada proceso, en base a econom\u00edas de escala. Logrando cumplir el plan estrat\u00e9gico de la Junta Directiva.<\/p>\n<p><strong>2001 &#8211; 2005 CORPORACI\u00d3N ROBERTO TER\u00c1N G., S.A. y SUBSIDIARIAS \u2013 NICARAGUA<\/strong><\/p>\n<p><strong>Puesto: Director Financiero Corporativo Regional Centro y Norteam\u00e9rica<\/strong><\/p>\n<p><strong>ACTIVIDAD: <\/strong>Dedicada al comercio de productos l\u00edderes a nivel mundial con operaciones en Nicaragua, Norte y Centroam\u00e9rica. Tales como Kodak, Gillette, Polaroid, Hewlett-Packard, Canon, Renault, Volvo, Jaguar.<\/p>\n<p><strong>LOGROS:<\/strong> Inici\u00e9 con un equipo de especialistas el dise\u00f1o e implementaci\u00f3n de innovadoras estrategias de Finanzas Corporativas a nivel Regional y USA, alrededor del concepto que desarroll\u00e9 el que denominamos como \u201cbanco interno\u201d. Esto nos permiti\u00f3 enfrentar los fuertes cambios generados con el nuevo milenio y el efecto 9\/11 a nivel mundial. Logramos metas de ahorro en costos y gastos, tanto financieros, como de operaci\u00f3n de hasta un 20 a 25% respectivamente, con lo cual generamos efectos positivos en la ganancia y solvencia. Form\u00e9 un equipo s\u00f3lido de ejecutivos bajo un concepto de trabajo en tiempo y forma, enfocado a la mejora continua con excelentes resultados, lo que me reconoci\u00f3 en forma escrita y un\u00e1nime el Directorio.<\/p>\n<p><strong>1993 \u2013 2001 GRUPO INTERNATIONAL GDS DE COSTA RICA. <\/strong><\/p>\n<p><strong>PERTENECIENTE A LA MULTINACIONAL HACHETTE DE FRANCIA.<\/strong><\/p>\n<p><strong>Puesto: Varios desde la Gerencia de Mercadeo (1993), hasta la Vice-Presidencia (1997-2001) <\/strong><\/p>\n<p>1997 \u2013 2001 Vice-Presidente del Grupo Corporativo con enfoque en Finanzas, Mercadeo y Ventas.<\/p>\n<p>1994 \u2013 1997 Director de Mercadeo y Ventas del Grupo y Asesor del Presidente en el \u00e1rea Financiera.<\/p>\n<p>1993 \u2013 1994 Gerente de Mercadeo para el Grupo y Asesor del Presidente en Control Gerencial.<\/p>\n<p><strong>ACTIVIDAD:<\/strong> Dedicada a la Producci\u00f3n, Mercadeo y Venta de productos lideres a nivel mundial.<\/p>\n<p><strong>1988 \u2013 1992 REAL TEAM REALTY INT. \u2013 SAN JOS\u00c9, COSTA RICA, <\/strong><strong>Puesto: <\/strong><strong>Gerente<\/strong><strong> General<\/strong><\/p>\n<p><strong>ACTIVIDAD:<\/strong> Dedicada a servicios de corretaje y asesor\u00eda en bienes ra\u00edces, con oficinas en Norte, Sur y Centroam\u00e9rica. Los servicios se enfocan a clientes inversionistas extranjeros, as\u00ed como al cuerpo diplom\u00e1tico. Las sucursales en USA operaban bajo la franquicia de Century 21, con quienes me entren\u00e9 en USA.<\/p>\n<p><strong>1984 \u2013 1986 MINISTERIO DE INDUSTRIA \u2013 MANAGUA, NICARAGUA, Puesto: Director General <\/strong><\/p>\n<p><strong>ACTIVIDAD:<\/strong> Direcci\u00f3n General de las Ramas Industriales, Alimentos, Bebidas, Qu\u00edmica, Pl\u00e1stico y Papel.<\/p>\n<p><strong>1982 \u2013 1984 CORPORACI\u00d3N DEL PL\u00c1STICO &#8211; NICARAGUA, Puesto: Director Ejecutivo <\/strong><\/p>\n<p><strong>ACTIVIDAD:<\/strong> Direcci\u00f3n y Gerencia de las plantas que compon\u00edan la corporaci\u00f3n.<\/p>\n<p><strong>1978 \u2013 1982 COMPA\u00d1\u00cdA CERVECERA DE NICARAGUA \u2013 Puesto: Administrador General <\/strong><\/p>\n<p><strong>ACTIVIDAD<\/strong>: Dedicada a la elaboraci\u00f3n y distribuci\u00f3n de cerveza con ruteo propio.<\/p>\n<p><strong>1971 \u2013 1978 EMPRESAS COMERCIALES FERRETERAS, Puesto: Vice-Gerente y Gerente de Ventas<\/strong><\/p>\n<p><strong>ACTIVIDAD<\/strong>: Venta al detalle y mayoreo de l\u00edneas de este ramo, con productos lideres a nivel mundial.<\/p>\n<p><strong>ULISES MORALES, S.A. <\/strong>(1978), Gerente de Ventas. <strong>BUNGE, S.A.<\/strong> (1976-1978) Vice-Gerente y Gerente de Ventas. <strong>LOREDO, S.A. <\/strong>(1971-1976) Vice-Gerente y Gerente de Ventas.<\/p>\n<p><strong>OTRAS ACTIVIDADES COMO SOCIO Y MIEMBRO DE JUNTAS DIRECTIVAS<\/strong><\/p>\n<p>Experiencia realizada en empresas Industriales, Comerciales, Financieras y de Servicio, en varios pa\u00edses. Soy socio fundador de Financia, S.A. (Financia Capital) y de Vaughan Advisors, S.A. y directivo de empresas.<\/p>\n<p><strong><em><u>EDUCACI\u00d3N<\/u><\/em><\/strong><\/p>\n<p><strong>1986 \u2013 1988 INSTITUTO CENTROAMERICANO DE ADMINISTRACI\u00d3N DE EMPRESAS<\/strong><\/p>\n<p>(INCAE) \u2013 COSTA RICA.\u00a0 Master en Administraci\u00f3n, MAE XX. Con \u00e9nfasis en Finanzas y Banca Corporativa.<\/p>\n<p><strong>1980 \u2013 1981 INSTITUTO CENTROAMERICANO DE ADMINISTRACI\u00d3N DE EMPRESAS<\/strong><\/p>\n<p>(INCAE) \u2013 NICARAGUA.\u00a0 Programa de Alta Gerencia, desarrollado de octubre de 1980 a febrero de 1981.<\/p>\n<p><strong>1974 \u2013 1979 UNIVERSIDAD CENTROAMERICANA JESUITA (UCA) \u2013 NICARAGUA<\/strong><\/p>\n<p>Egresado de la Escuela de Administraci\u00f3n Industrial.<\/p>\n<p><strong>1967 \u2013 1972 UNIVERSIDAD CENTROAMERICANA JESUITA (UCA) \u2013 NICARAGUA<\/strong><\/p>\n<p>M\u00e9dico Veterinario y Zootecnista. Especialidad en nutrici\u00f3n y manejo de la producci\u00f3n bovina y av\u00edcola.<\/p>\n<p><strong><u>OTROS DATOS<\/u><\/strong><\/p>\n<p>Espa\u00f1ol &#8211; Ingles. Manejo las T.I. Experiencia en conferencias de alto nivel en Liderazgo de transici\u00f3n 2022-2023, Venta B2B-B2C, Servicio Memorable y Trascedente y Control Emocional, dirigidas a empresas (tipo cerradas) y (Tipo abiertas) en hoteles y centros de convenciones. Con el patrocinio del Instituto Santa Cruz de California, USA, dict\u00e9 conferencias a L\u00edderes empresariales. Asesor\u00eda en gerencia, servicio y ventas a 7 de las 10 empresas m\u00e1s importantes de Nicaragua y 3 de las 10 Top en Costa Rica. En desarrollos y ventas de Bienes Ra\u00edces en diferentes niveles de inversi\u00f3n y en corretaje me entren\u00e9 en Century 21 siendo co-propietario de 2 franquicias en USA. Experiencia en varios tipos de negociaciones, algunas de alta complejidad y de gran envergadura en los EUA, Europa, M\u00e9xico y Centroam\u00e9rica.<\/p>\n<p><strong>ANTECEDENTES PERSONALES:<\/strong><\/p>\n<p>Nicarag\u00fcense, nacido en agosto de mil novecientos cincuenta. Casado una vez, dos hijos.<\/p>\n","protected":false},"excerpt":{"rendered":"<p>Roberto J. Vaughan Loredo roberto@vaughanadvisors.com; robertovaughan@gmail.com; Cel: (+505) 8908-2600 PUNTOS FUERTES: Enfoque al liderazgo proactivo y de resultados. Formador de [&hellip;]<\/p>\n","protected":false},"author":1,"featured_media":0,"parent":0,"menu_order":0,"comment_status":"closed","ping_status":"closed","template":"","meta":{"sfsi_plus_gutenberg_text_before_share":"","sfsi_plus_gutenberg_show_text_before_share":"","sfsi_plus_gutenberg_icon_type":"","sfsi_plus_gutenberg_icon_alignemt":"","sfsi_plus_gutenburg_max_per_row":"","site-sidebar-layout":"default","site-content-layout":"","ast-site-content-layout":"default","site-content-style":"default","site-sidebar-style":"default","ast-global-header-display":"","ast-banner-title-visibility":"","ast-main-header-display":"","ast-hfb-above-header-display":"","ast-hfb-below-header-display":"","ast-hfb-mobile-header-display":"","site-post-title":"","ast-breadcrumbs-content":"","ast-featured-img":"","footer-sml-layout":"","ast-disable-related-posts":"","theme-transparent-header-meta":"","adv-header-id-meta":"","stick-header-meta":"","header-above-stick-meta":"","header-main-stick-meta":"","header-below-stick-meta":"","astra-migrate-meta-layouts":"default","ast-page-background-enabled":"default","ast-page-background-meta":{"desktop":{"background-color":"var(--ast-global-color-5)","background-image":"","background-repeat":"repeat","background-position":"center center","background-size":"auto","background-attachment":"scroll","background-type":"","background-media":"","overlay-type":"","overlay-color":"","overlay-opacity":"","overlay-gradient":""},"tablet":{"background-color":"","background-image":"","background-repeat":"repeat","background-position":"center center","background-size":"auto","background-attachment":"scroll","background-type":"","background-media":"","overlay-type":"","overlay-color":"","overlay-opacity":"","overlay-gradient":""},"mobile":{"background-color":"","background-image":"","background-repeat":"repeat","background-position":"center center","background-size":"auto","background-attachment":"scroll","background-type":"","background-media":"","overlay-type":"","overlay-color":"","overlay-opacity":"","overlay-gradient":""}},"ast-content-background-meta":{"desktop":{"background-color":"var(--ast-global-color-4)","background-image":"","background-repeat":"repeat","background-position":"center center","background-size":"auto","background-attachment":"scroll","background-type":"","background-media":"","overlay-type":"","overlay-color":"","overlay-opacity":"","overlay-gradient":""},"tablet":{"background-color":"var(--ast-global-color-4)","background-image":"","background-repeat":"repeat","background-position":"center center","background-size":"auto","background-attachment":"scroll","background-type":"","background-media":"","overlay-type":"","overlay-color":"","overlay-opacity":"","overlay-gradient":""},"mobile":{"background-color":"var(--ast-global-color-4)","background-image":"","background-repeat":"repeat","background-position":"center center","background-size":"auto","background-attachment":"scroll","background-type":"","background-media":"","overlay-type":"","overlay-color":"","overlay-opacity":"","overlay-gradient":""}},"footnotes":""},"class_list":["post-153","page","type-page","status-publish","hentry"],"yoast_head":"<!-- This site is optimized with the Yoast SEO plugin v27.4 - https:\/\/yoast.com\/product\/yoast-seo-wordpress\/ -->\n<title>Curriculum Vitae CEO - Vaughan Advisors<\/title>\n<meta name=\"robots\" content=\"index, follow, max-snippet:-1, max-image-preview:large, max-video-preview:-1\" \/>\n<link rel=\"canonical\" href=\"https:\/\/vaughanadvisors.com\/cms\/curriculum-vitae-ceo\/\" \/>\n<meta property=\"og:locale\" content=\"en_US\" \/>\n<meta property=\"og:type\" content=\"article\" \/>\n<meta property=\"og:title\" content=\"Curriculum Vitae CEO - Vaughan Advisors\" \/>\n<meta property=\"og:description\" content=\"Roberto J. Vaughan Loredo roberto@vaughanadvisors.com; robertovaughan@gmail.com; Cel: (+505) 8908-2600 PUNTOS FUERTES: Enfoque al liderazgo proactivo y de resultados. Formador de [&hellip;]\" \/>\n<meta property=\"og:url\" content=\"https:\/\/vaughanadvisors.com\/cms\/curriculum-vitae-ceo\/\" \/>\n<meta property=\"og:site_name\" content=\"Vaughan Advisors\" \/>\n<meta property=\"article:modified_time\" content=\"2023-01-13T06:13:05+00:00\" \/>\n<meta name=\"twitter:card\" content=\"summary_large_image\" \/>\n<meta name=\"twitter:label1\" content=\"Est. reading time\" \/>\n\t<meta name=\"twitter:data1\" content=\"6 minutes\" \/>\n<script type=\"application\/ld+json\" class=\"yoast-schema-graph\">{\"@context\":\"https:\\\/\\\/schema.org\",\"@graph\":[{\"@type\":\"WebPage\",\"@id\":\"https:\\\/\\\/vaughanadvisors.com\\\/cms\\\/curriculum-vitae-ceo\\\/\",\"url\":\"https:\\\/\\\/vaughanadvisors.com\\\/cms\\\/curriculum-vitae-ceo\\\/\",\"name\":\"Curriculum Vitae CEO - Vaughan Advisors\",\"isPartOf\":{\"@id\":\"https:\\\/\\\/vaughanadvisors.com\\\/cms\\\/#website\"},\"datePublished\":\"2016-06-02T09:28:55+00:00\",\"dateModified\":\"2023-01-13T06:13:05+00:00\",\"breadcrumb\":{\"@id\":\"https:\\\/\\\/vaughanadvisors.com\\\/cms\\\/curriculum-vitae-ceo\\\/#breadcrumb\"},\"inLanguage\":\"en-US\",\"potentialAction\":[{\"@type\":\"ReadAction\",\"target\":[\"https:\\\/\\\/vaughanadvisors.com\\\/cms\\\/curriculum-vitae-ceo\\\/\"]}]},{\"@type\":\"BreadcrumbList\",\"@id\":\"https:\\\/\\\/vaughanadvisors.com\\\/cms\\\/curriculum-vitae-ceo\\\/#breadcrumb\",\"itemListElement\":[{\"@type\":\"ListItem\",\"position\":1,\"name\":\"Home\",\"item\":\"https:\\\/\\\/vaughanadvisors.com\\\/cms\\\/\"},{\"@type\":\"ListItem\",\"position\":2,\"name\":\"Curriculum Vitae CEO\"}]},{\"@type\":\"WebSite\",\"@id\":\"https:\\\/\\\/vaughanadvisors.com\\\/cms\\\/#website\",\"url\":\"https:\\\/\\\/vaughanadvisors.com\\\/cms\\\/\",\"name\":\"Vaughan Advisors\",\"description\":\"Asesores\",\"potentialAction\":[{\"@type\":\"SearchAction\",\"target\":{\"@type\":\"EntryPoint\",\"urlTemplate\":\"https:\\\/\\\/vaughanadvisors.com\\\/cms\\\/?s={search_term_string}\"},\"query-input\":{\"@type\":\"PropertyValueSpecification\",\"valueRequired\":true,\"valueName\":\"search_term_string\"}}],\"inLanguage\":\"en-US\"}]}<\/script>\n<!-- \/ Yoast SEO plugin. -->","yoast_head_json":{"title":"Curriculum Vitae CEO - Vaughan Advisors","robots":{"index":"index","follow":"follow","max-snippet":"max-snippet:-1","max-image-preview":"max-image-preview:large","max-video-preview":"max-video-preview:-1"},"canonical":"https:\/\/vaughanadvisors.com\/cms\/curriculum-vitae-ceo\/","og_locale":"en_US","og_type":"article","og_title":"Curriculum Vitae CEO - Vaughan Advisors","og_description":"Roberto J. Vaughan Loredo roberto@vaughanadvisors.com; robertovaughan@gmail.com; Cel: (+505) 8908-2600 PUNTOS FUERTES: Enfoque al liderazgo proactivo y de resultados. Formador de [&hellip;]","og_url":"https:\/\/vaughanadvisors.com\/cms\/curriculum-vitae-ceo\/","og_site_name":"Vaughan Advisors","article_modified_time":"2023-01-13T06:13:05+00:00","twitter_card":"summary_large_image","twitter_misc":{"Est. reading time":"6 minutes"},"schema":{"@context":"https:\/\/schema.org","@graph":[{"@type":"WebPage","@id":"https:\/\/vaughanadvisors.com\/cms\/curriculum-vitae-ceo\/","url":"https:\/\/vaughanadvisors.com\/cms\/curriculum-vitae-ceo\/","name":"Curriculum Vitae CEO - Vaughan Advisors","isPartOf":{"@id":"https:\/\/vaughanadvisors.com\/cms\/#website"},"datePublished":"2016-06-02T09:28:55+00:00","dateModified":"2023-01-13T06:13:05+00:00","breadcrumb":{"@id":"https:\/\/vaughanadvisors.com\/cms\/curriculum-vitae-ceo\/#breadcrumb"},"inLanguage":"en-US","potentialAction":[{"@type":"ReadAction","target":["https:\/\/vaughanadvisors.com\/cms\/curriculum-vitae-ceo\/"]}]},{"@type":"BreadcrumbList","@id":"https:\/\/vaughanadvisors.com\/cms\/curriculum-vitae-ceo\/#breadcrumb","itemListElement":[{"@type":"ListItem","position":1,"name":"Home","item":"https:\/\/vaughanadvisors.com\/cms\/"},{"@type":"ListItem","position":2,"name":"Curriculum Vitae CEO"}]},{"@type":"WebSite","@id":"https:\/\/vaughanadvisors.com\/cms\/#website","url":"https:\/\/vaughanadvisors.com\/cms\/","name":"Vaughan Advisors","description":"Asesores","potentialAction":[{"@type":"SearchAction","target":{"@type":"EntryPoint","urlTemplate":"https:\/\/vaughanadvisors.com\/cms\/?s={search_term_string}"},"query-input":{"@type":"PropertyValueSpecification","valueRequired":true,"valueName":"search_term_string"}}],"inLanguage":"en-US"}]}},"_links":{"self":[{"href":"https:\/\/vaughanadvisors.com\/cms\/wp-json\/wp\/v2\/pages\/153","targetHints":{"allow":["GET"]}}],"collection":[{"href":"https:\/\/vaughanadvisors.com\/cms\/wp-json\/wp\/v2\/pages"}],"about":[{"href":"https:\/\/vaughanadvisors.com\/cms\/wp-json\/wp\/v2\/types\/page"}],"author":[{"embeddable":true,"href":"https:\/\/vaughanadvisors.com\/cms\/wp-json\/wp\/v2\/users\/1"}],"replies":[{"embeddable":true,"href":"https:\/\/vaughanadvisors.com\/cms\/wp-json\/wp\/v2\/comments?post=153"}],"version-history":[{"count":15,"href":"https:\/\/vaughanadvisors.com\/cms\/wp-json\/wp\/v2\/pages\/153\/revisions"}],"predecessor-version":[{"id":813,"href":"https:\/\/vaughanadvisors.com\/cms\/wp-json\/wp\/v2\/pages\/153\/revisions\/813"}],"wp:attachment":[{"href":"https:\/\/vaughanadvisors.com\/cms\/wp-json\/wp\/v2\/media?parent=153"}],"curies":[{"name":"wp","href":"https:\/\/api.w.org\/{rel}","templated":true}]}}