{"id":15,"date":"2016-05-25T05:16:52","date_gmt":"2016-05-25T05:16:52","guid":{"rendered":"http:\/\/vaughanadvisors.com\/cms\/?page_id=15"},"modified":"2024-02-12T04:17:21","modified_gmt":"2024-02-12T04:17:21","slug":"los-cambios-en-la-forma-de-hacer-riqueza-son-reales-y-drasticos","status":"publish","type":"page","link":"https:\/\/vaughanadvisors.com\/cms\/los-cambios-en-la-forma-de-hacer-riqueza-son-reales-y-drasticos\/","title":{"rendered":"Vaughan Advisors"},"content":{"rendered":"<p><strong><b>Los cambios en la forma de generar ingresos y hacer riqueza son reales y dr\u00e1sticos<\/b><\/strong><\/p>\n<p>Hoy el <strong><b>Conocimiento<\/b><\/strong>\u00a0y el <strong><b>Entorno<\/b><\/strong>\u00a0est\u00e1n <strong><b>evolucionando<\/b><\/strong>\u00a0<strong><b>vertiginosamente<\/b><\/strong>\u00a0ante esta realidad, <strong><b>muchos<\/b><\/strong>\u00a0negocios <strong><b>est\u00e1n<\/b><\/strong>\u00a0en <strong><b>crisis<\/b><\/strong>, m\u00e1s <strong><b>otros<\/b><\/strong>\u00a0han logrado <strong><b>elevar<\/b><\/strong>\u00a0sus <strong><b>ingresos<\/b><\/strong>\u00a0y <strong><b>generar<\/b><\/strong>\u00a0<strong><b>solvencia<\/b><\/strong><strong>\u00a0sostenida<\/strong>\u00a0y <strong><b>riquezas<\/b><\/strong>\u00a0<strong><b>insospechadas<\/b><\/strong>\u00a0en <strong>ambiente de Desaf\u00edos<\/strong>.<\/p>\n<p>Esto se logra <strong><b>invirtiendo<\/b><\/strong>\u00a0en <strong><b>capacita<\/b><\/strong>r\u00a0a sus <strong><b>Dirigentes<\/b><\/strong>\u00a0y <strong><b>Equipos<\/b><\/strong>\u00a0y llevarlos al <strong><b>Alto<\/b><\/strong>\u00a0<strong><b>Rendimiento<\/b><\/strong>\u00a0en todos los<strong><b>\u00a0<\/b><\/strong><strong><b>Procesos<\/b><\/strong>, por medio de las I.T. y las I.A. que les permita <strong><b>Innovar<\/b><\/strong>, <strong><b>Evolucionar<\/b><\/strong>, <strong>Optimizar <\/strong>y lograr el \u00e9xito desde <strong><b>Hoy<\/b><\/strong>\u00a0y a <strong><b>Largo<\/b><\/strong>\u00a0<strong><b>Plazo<\/b><\/strong>.<\/p>\n<p>Hemos implementado con gran \u00e9xito un plan de acci\u00f3n que ya est\u00e1 operativo desde el 22 de noviembre 2023. El <strong><b>objetivo<\/b><\/strong>\u00a0es realizar capacitaciones por medio de <strong><b>Webinar<\/b><\/strong>\u00a0en la <strong><b>plataforma<\/b><\/strong><strong>\u00a0<\/strong><strong><b>Zoom<\/b><\/strong>\u00a0para que logren <strong><b>optimizar<\/b><\/strong>\u00a0sus <strong><b>competencias<\/b><\/strong>\u00a0sin <strong><b>movilizarse<\/b><\/strong>\u00a0y a un <strong>valor <\/strong>al<strong>\u00a0alcance <\/strong>de<strong>\u00a0Todos<\/strong>. El tema de lograr m\u00e1s Ventas es <strong><b>esencial<\/b><\/strong>\u00a0para <strong><b>Emprendedores<\/b><\/strong>, <strong><b>Profesionales<\/b><\/strong>, <strong><b>Freelancer<\/b><\/strong>, Empresas sean <strong><b>Grandes<\/b><\/strong>, <strong><b>Medianas<\/b><\/strong>, <strong><b>Pymes<\/b><\/strong>\u00a0y <strong><b>Mipymes<\/b><\/strong>. En la primera etapa los temas centrales e integrales ser\u00e1n: \u00a0<strong>Venta<\/strong><strong><b>\u00a0B2BT- B24B-B2CSV; Servicio al Cliente Memorables<\/b><\/strong><strong><b>\u00a0Y <\/b><\/strong><strong><b>Trascendente MYT; Equipos de Alto Rendimiento (EDAR); Liderazgo-Coaching de Transici\u00f3n 2023-2024 y Control Emocional, <\/b><\/strong>todo bajo el<strong><b>\u00a0<\/b><\/strong><strong><b>enfoque <\/b><\/strong>de<strong><b>\u00a0aprovechar <\/b><\/strong>los<strong><b>\u00a0tiempos desafiantes<\/b><\/strong>\u00a0y<strong><b>\u00a0<\/b><\/strong><strong><b>disruptivos. \u00a0\u00a0\u00a0\u00a0<\/b><\/strong><\/p>\n<p><strong><b>30 a\u00f1os de experiencia<\/b><\/strong>, nos permite ofrecerles con <strong>sistemas virtuales, contenido de \u00faltima generaci\u00f3n e<\/strong>\u00a0<strong>ideas<\/strong>\u00a0para <strong>generar motivaci\u00f3n, productividad, rentabilidad y resultados <\/strong>con<strong>\u00a0sostenibilidad <\/strong>en<strong>\u00a0<\/strong>sus<strong>\u00a0flujos<\/strong>. Si lo prefiere lo hacemos con m\u00e9todos presenciales.<\/p>\n<p><strong><b>\u00c1reas que generalmente presentan debilidades y se las convertiremos en Fortalezas:<\/b><\/strong><\/p>\n<p><span style=\"color: #3366ff;\"><strong>Asesoria en Inteligencia Artificial<\/strong><\/span><\/p>\n<p>Tenemos un Rol clave en la transformaci\u00f3n digital de nuestros clientes. Con orientaci\u00f3n experta en la aplicaci\u00f3n efectiva de soluciones de I.A, (utilizando su CRM \u2013ERP) desde la evaluaci\u00f3n inicial de sus necesidades, hasta el dise\u00f1o e implementaci\u00f3n de sistemas personalizados.<\/p>\n<p>Somos expertos en tecnolog\u00edas emergentes y su impacto, esto nos permite adem\u00e1s de innovar, asegurarles soluciones pr\u00e1cticas, escalables y alineadas con sus objetivos.<\/p>\n<p>Nuestro compromiso es optimizar su rentabilidad y solvencia, incrementando sus negocios y lograr una transici\u00f3n fluida hacia procesos m\u00e1s inteligentes y eficientes, apoy\u00e1ndolos en cada paso para fortalecer su competitividad y su \u00e9xito sostenido hoy y a largo plazo.<\/p>\n<p><span style=\"color: #3366ff;\"><strong><b>Ventas B2BT-B24B-B2CSV<\/b><\/strong><\/span><\/p>\n<p>Viva la <strong><b>experiencia<\/b><\/strong>\u00a0del <strong><b>Poder<\/b><\/strong>\u00a0de la <strong><b>Venta<\/b><\/strong>\u00a0<strong><b>B24B\/B2BT\/B2CSV<\/b><\/strong>, en esto somos pioneros, contamos con <strong><b>decenas<\/b><\/strong>\u00a0de <strong><b>testimonios<\/b><\/strong>\u00a0de <strong><b>Clientes<\/b><\/strong>\u00a0confirmando <strong><b>sorprendentes<\/b><\/strong>\u00a0<strong><b>resultados<\/b><\/strong>\u00a0y por ello nos <strong><b>recontratan<\/b><\/strong>.<\/p>\n<p><strong><b>Entrenamos<\/b><\/strong>\u00a0a sus <strong><b>desarrolladores<\/b><\/strong>\u00a0de <strong><b>negocios<\/b><\/strong>\u00a0del <strong><b>Farming<\/b><\/strong>\u00a0<strong><b>estrat\u00e9gico<\/b><\/strong>\u00a0al <strong><b>Cierre<\/b><\/strong>\u00a0con enfoque de ir <strong><b>haciendo crecer<\/b><\/strong>\u00a0los Negocios. Aun en <strong><b>tiempos<\/b><\/strong>\u00a0<strong><b>desafiantes<\/b><\/strong>, hay <strong><b>oportunidades<\/b><\/strong>\u00a0<strong><b>sorprendentes<\/b><\/strong>, \u00a1Aprov\u00e9chelas!, logre <strong><b>ampliar<\/b><\/strong>\u00a0su base de <strong><b>Clientes<\/b><\/strong>&#8211;<strong><b>Fans<\/b><\/strong>. Les <strong><b>asesoramos<\/b><\/strong>\u00a0en la <strong><b>selecci\u00f3n<\/b><\/strong>\u00a0y uso de los top <strong><b>software<\/b><\/strong>\u00a0y <strong><b>hardware<\/b><\/strong>.<\/p>\n<p>Hoy se ha <strong><b>generado<\/b><\/strong>\u00a0un <strong><b>cambio<\/b><\/strong>\u00a0de <strong><b>orden<\/b><\/strong>\u00a0para todos los que promueven negocios: \u201c<strong><b>Primero<\/b><\/strong>\u00a0actuar <strong><b>sirviendo<\/b><\/strong>\u00a0y <strong><b>solucionando<\/b><\/strong>\u00a0y as\u00ed nos van a <strong><b>comprar<\/b><\/strong>\u201d<\/p>\n<p><span style=\"color: #3366ff;\"><strong><b>Servicio al Cliente Memorables y Trascendente MYT<\/b><\/strong><\/span><\/p>\n<p>Para ser <strong><b>Top<\/b><\/strong>\u00a0<strong><b>competitivos<\/b><\/strong>\u00a0y generar <strong><b>Lealtad<\/b><\/strong>, es <strong><b>indispensable<\/b><\/strong>\u00a0ser <strong><b>Servic\u00e9ntricos<\/b><\/strong>\u00a0y <strong><b>Clientec\u00e9ntricos<\/b><\/strong>, esto no se logra a base de botar precios y de las s\u00faper rebajas y promociones repetitivas, esto solo se consolida con un <strong><b>Servicio<\/b><\/strong>\u00a0<strong><b>totalmente diferenciado<\/b><\/strong>.<\/p>\n<p>Es <strong><b>urgente<\/b><\/strong>\u00a0<strong><b>brindarles<\/b><\/strong>\u00a0a sus <strong><b>Productores<\/b><\/strong>\u00a0\u00f3ptimas <strong><b>competencias<\/b><\/strong>\u00a0con el <strong><b>prop\u00f3sito<\/b><\/strong>\u00a0que logren <strong><b>implementar<\/b><\/strong>\u00a0una <strong><b>Cultura<\/b><\/strong>\u00a0de <strong><b>Servicio<\/b><\/strong>\u00a0<strong><b>Memorable<\/b><\/strong>\u00a0y <strong><b>Trascendente<\/b><\/strong>, que nos <strong><b>diferencie<\/b><\/strong>\u00a0y con el cual su <strong><b>Cliente<\/b><\/strong>\u00a0se <strong><b>convierta<\/b><\/strong>\u00a0en <strong><b>Fan<\/b><\/strong>\u00a0y no solo <strong><b>quiera<\/b><\/strong>\u00a0<strong><b>estar<\/b><\/strong>\u00a0con ustedes, sino que <strong><b>tambi\u00e9n<\/b><\/strong>\u00a0<strong><b>desee<\/b><\/strong>\u00a0<strong><b>regresar<\/b><\/strong>\u00a0y lo haga con <strong><b>otros<\/b><\/strong>\u00a0(<strong><b>Reload).<\/b><\/strong><\/p>\n<p>Hoy se ha generado un cambio de orden para todos los que promueven negocios: \u201cPrimero deben <strong><b>Servir <\/b><\/strong>con<strong><b>\u00a0empat\u00eda<\/b><\/strong>, y a la par <strong><b>ofrecer Soluciones<\/b><\/strong>, as\u00ed van a sentirse comprendidos y <strong><b>seguro nos van <\/b><\/strong>a<strong><b>\u00a0comprar<\/b><\/strong>\u201d<\/p>\n<p><span style=\"color: #3366ff;\"><strong><b>Equipos de Alto Rendimiento (EDAR) <\/b><\/strong><\/span><\/p>\n<p>En Resumen: Como comparaci\u00f3n simple se <strong><b>paga $1.00<\/b><\/strong>\u00a0y se <strong><b>reciben $0.68<\/b><\/strong>\u00a0producto de la <strong><b>Pantalloman\u00eda<\/b><\/strong>, la <strong><b>Procrasman\u00eda<\/b><\/strong>\u00a0y la <strong><b>ineficiencia<\/b><\/strong>\u00a0en la <strong><b>ejecuci\u00f3n eficiente<\/b><\/strong>\u00a0y el <strong><b>mal uso del Tiempo<\/b><\/strong>, en <strong><b>Centroam\u00e9rica<\/b><\/strong>\u00a0el \u00edndice llega a bajar a <strong><b>$0.58<\/b><\/strong>.<\/p>\n<p><strong><b>Maximice su potencial<\/b><\/strong>, logre <strong><b>\u00f3ptima Sinergia<\/b><\/strong>\u00a0y <strong><b>Productividad <\/b><\/strong>con modernas competencias de sus Dirigentes y el uso del <strong><b>Cronos \u2013 Kair\u00f3s<\/b><\/strong>\u00a0y los <strong><b>Time Blocking.<\/b><\/strong>\u00a0Convierta a sus equipos en estrellas dot\u00e1ndoles de <strong><b>s\u00f3lidas destrezas<\/b><\/strong>\u00a0y de las <strong><b>mejores competencias.<\/b><\/strong><\/p>\n<p><span style=\"color: #3366ff;\"><strong><b>Liderazgo-Coaching de Transici\u00f3n 2023-2024<\/b><\/strong><\/span><\/p>\n<p>Sus <strong><b>Gerentes<\/b><\/strong>\u00a0y los <strong><b>responsables<\/b><\/strong>\u00a0de <strong><b>procesos<\/b><\/strong>, necesitan <strong><b>cambiar<\/b><\/strong>\u00a0en <strong><b>180<\/b><\/strong>\u00a0<strong><b>grados<\/b><\/strong>\u00a0su forma de <strong><b>dirigir<\/b><\/strong>, optimizando sus <strong><b>habilidades<\/b><\/strong>\u00a0<strong><b>blandas<\/b><\/strong>\u00a0en especial, la <strong><b>Comunicaci\u00f3n<\/b><\/strong>, el <strong><b>Control<\/b><\/strong>\u00a0<strong><b>Emocional<\/b><\/strong>, la <strong><b>Asertividad<\/b><\/strong>\u00a0y su <strong><b>capacidad<\/b><\/strong>\u00a0de <strong><b>neutralizar<\/b><\/strong>\u00a0el <strong><b>temor<\/b><\/strong>, la <strong><b>incertidumbre<\/b><\/strong>\u00a0y la <strong><b>ansiedad<\/b><\/strong>, <strong><b>Motivando<\/b><\/strong>, generando <strong><b>Sinergia<\/b><\/strong>\u00a0y <strong><b>Facilitando<\/b><\/strong>\u00a0el trabajo a sus dirigidos para el <strong><b>logro<\/b><\/strong>\u00a0de sus <strong><b>objetivos<\/b><\/strong>. Prep\u00e1relos <strong><b>profesionalmente<\/b><\/strong>\u00a0en la \u00f3ptima direcci\u00f3n de sus colaboradores, en tiempos desafiantes.<\/p>\n<p>A los L\u00edderes a nivel de COB, CEO, CFO, COO y CMSO,\u00a0les brindamos <strong><b>Planes <\/b><\/strong>de<strong><b>\u00a0Acci\u00f3n, Gu\u00edas<\/b><\/strong>\u00a0y <strong><b>ejecuciones pr\u00e1cticas<\/b><\/strong>\u00a0de comprobados resultados en <strong><b>tiempos desafiantes<\/b><\/strong>, con indicadores para controlar sus resultados. Es una capacidad esencial por las <strong><b>constantes disrupciones<\/b><\/strong>\u00a0derivadas de la Pandemia y del manejo Global de la Econom\u00eda, lo cual expone a muy altos riesgos su negocio y\u00a0tambi\u00e9n, a <strong><b>grandes oportunidades<\/b><\/strong>.<\/p>\n<p><span style=\"color: #3366ff;\"><strong><b>Control Emocional<\/b><\/strong><\/span><\/p>\n<p>Sus colaboradores necesitan<strong><b>\u00a0<\/b><\/strong>con <strong><b>t\u00e9cnicas pr\u00e1cticas<\/b><\/strong><strong>\u00a0<\/strong>fortalecer el <strong>\u201c<\/strong><strong><b>Cerebro<\/b><\/strong>\u00a0<strong><b>Verde<\/b><\/strong><strong>\u201d,<\/strong>\u00a0elevar su capacidad potencializando el <strong><b>S.A.R<\/b><\/strong>.\u00a0y el <strong><b>S.A.P.<\/b><\/strong>\u00a0Al retomar el control de la realidad y enfocarse, se c<strong><b>omprometer\u00e1n<\/b><\/strong>\u00a0con certeza en <strong><b>lograr sus metas<\/b><\/strong>\u00a0e <strong><b>\u00edndices de productividad<\/b><\/strong>, lo que incidir\u00e1 positivamente en sus <strong><b>Clientes<\/b><\/strong>\u00a0y por lo tanto en su <strong><b>flexibilidad<\/b><\/strong>\u00a0<strong><b>financiera<\/b><\/strong>.<\/p>\n<p>Les apoyamos a revertir el fen\u00f3meno de <strong><b>miedo, ansiedad<\/b><\/strong>\u00a0y <strong><b>estr\u00e9s<\/b><\/strong>, <strong>\u201c<\/strong><strong><b>Cerebro Rojo<\/b><\/strong><strong>\u201d<\/strong>\u00a0lo cual en estos tiempos est\u00e1 <strong><b>incidiendo negativamente<\/b><\/strong>\u00a0en su personal y esto <strong><b>perjudica fuertemente<\/b><\/strong>\u00a0a sus <strong><b>Clientes<\/b><\/strong>, a la vez, encarece sus operaciones.<\/p>\n<p><span style=\"color: #3366ff;\"><strong><b>Servicio Integral en T.I.<\/b><\/strong><\/span><\/p>\n<p>Ante tanto e incesante\u00a0<strong><b>desaf\u00edo<\/b><\/strong>\u00a0es\u00a0<strong><b>urgente<\/b><\/strong>\u00a0dar un fuerte giro e invertir en el\u00a0<strong><b>control\u00a0<\/b><\/strong>de todos las\u00a0<strong><b>transacciones<\/b><\/strong>\u00a0y\u00a0<strong><b>resultados<\/b><\/strong>\u00a0de su empresa, les asesoramos integralmente para\u00a0<strong><b>optimizar<\/b><\/strong>\u00a0sus\u00a0<strong><b>T.I<\/b><\/strong>. para lograr\u00a0<strong><b>Informaci\u00f3n Gerencial Consolidada<\/b><\/strong>. La\u00a0<strong><b>mayor\u00eda\u00a0<\/b><\/strong>de los\u00a0<strong><b>ERP<\/b><\/strong>\u00a0almacenan\u00a0<strong><b>informaci\u00f3n transaccional<\/b><\/strong>\u00a0en\u00a0<strong><b>m\u00f3dulos separados<\/b><\/strong>\u00a0y\u00a0<strong><b>no est\u00e1 disponible<\/b><\/strong>\u00a0para ser\u00a0<strong><b>manejada<\/b><\/strong>\u00a0y ser\u00a0<strong><b>utilizada<\/b><\/strong>\u00a0en tiempo y forma por el\u00a0<strong><b>Staff Gerencial<\/b><\/strong>.<\/p>\n<p>La soluci\u00f3n es\u00a0<strong><b>integrar<\/b><\/strong>\u00a0los\u00a0<strong><b>resultados<\/b><\/strong>\u00a0en\u00a0<strong><b>uno solo<\/b><\/strong>\u00a0y desarrollar\u00a0<strong><b>Dashboards<\/b><\/strong>, tomando el\u00a0<strong><b>control total<\/b><\/strong>\u00a0con una\u00a0<strong><b>interface funcional\u00a0<\/b><\/strong>y\u00a0<strong><b>amigable<\/b><\/strong>\u00a0de esta manera su personal clave lo puede operar cuando lo requieran sin tener que solicitarla a otros para realizar un reporte, tendr\u00e1n visualizaciones web y vistas que faciliten el control, desde un dispositivo m\u00f3vil u otro equipo que tengan a mano<\/p>\n<p><strong><b>Gerencia de Ventas y Finanzas:<\/b><\/strong>\u00a0Prep\u00e1relos en la \u00f3ptima direcci\u00f3n de estas esenciales \u00e1reas. Les brindamos t\u00e9cnicas modernas, gu\u00edas y acciones pr\u00e1cticas de comprobados resultados en tiempos desafiantes, con indicadores para controlar sus resultados.<\/p>\n<p><strong><b>Control Gerencial:<\/b><\/strong>\u00a0En algunas empresas no se llevan los Indicadores y Controles que les se\u00f1alan el rendimiento y la situaci\u00f3n actual en Ventas, M\u00e1rgenes, Inventarios, Costos, Gastos y Flujos, derrochando mucho dinero que se gasta sin racionalidad y otro que se \u201ccongela\u201d en los activos, esto lo hace recurrir a s\u00fabitos pr\u00e9stamos y fuertes pagos de intereses. Le demostraremos que Usted posee en su empresa un \u201cBanco Interno\u201d sin costo alguno y con esto evitar\u00e1 recurrir a m\u00e1s carga financiera.<\/p>\n<p><strong><b>Consultor\u00edas especializadas:<\/b><\/strong>\u00a0Planes de Negocio, Estudios de Factibilidad y Desarrollo de Estrategias de Finanzas y Ventas.<\/p>\n<p><strong><b>Conferencias:<\/b><\/strong>\u00a0<strong><b>Neuroliderazgo<\/b><\/strong>,\u00a0<strong><b>Equilibrio emocional,<\/b><\/strong>\u00a0<strong><b>Venta B2B\/B2C\/B2M y Equipos en desaf\u00edos<\/b><\/strong><\/p>\n<p>Contamos con d\u00e9cadas de experiencia y les brindaremos un retorno con creces de su inversi\u00f3n, a un nivel m\u00ednimo de 10 por 1. Tenemos testimonios de decenas de clientes de primer orden y de alto prestigio, que se lo confirman.<\/p>\n<p>\u201cTransformemos nuestras acciones y estrategias en algo desafiante y que nos proyecte de cara al futuro en tiempos desafiantes\u201d<\/p>\n<p><strong><em><b><i>\u201cEstamos en una nueva Era de s\u00fabitos cambios, disrupciones y pandemias, si piensa que invertir en capacitar a su personal y renovarse es costoso, pronto comprobar\u00e1 lo caro que es no hacerlo\u201d.<\/i><\/b><\/em><\/strong><\/p>\n<p><strong><em><b><i>\u201cSolo hay algo m\u00e1s caro que formar a las personas y que se marchen: No formarlos y que se queden\u201d. <\/i><\/b><\/em><\/strong><strong><em><b><i>Henry Ford<\/i><\/b><\/em><\/strong><\/p>\n","protected":false},"excerpt":{"rendered":"<p>Los cambios en la forma de generar ingresos y hacer riqueza son reales y dr\u00e1sticos Hoy el Conocimiento\u00a0y el Entorno\u00a0est\u00e1n [&hellip;]<\/p>\n","protected":false},"author":1,"featured_media":0,"parent":0,"menu_order":0,"comment_status":"closed","ping_status":"closed","template":"","meta":{"sfsi_plus_gutenberg_text_before_share":"","sfsi_plus_gutenberg_show_text_before_share":"","sfsi_plus_gutenberg_icon_type":"","sfsi_plus_gutenberg_icon_alignemt":"","sfsi_plus_gutenburg_max_per_row":"","site-sidebar-layout":"default","site-content-layout":"","ast-site-content-layout":"default","site-content-style":"default","site-sidebar-style":"default","ast-global-header-display":"","ast-banner-title-visibility":"","ast-main-header-display":"","ast-hfb-above-header-display":"","ast-hfb-below-header-display":"","ast-hfb-mobile-header-display":"","site-post-title":"","ast-breadcrumbs-content":"","ast-featured-img":"","footer-sml-layout":"","ast-disable-related-posts":"","theme-transparent-header-meta":"","adv-header-id-meta":"","stick-header-meta":"","header-above-stick-meta":"","header-main-stick-meta":"","header-below-stick-meta":"","astra-migrate-meta-layouts":"default","ast-page-background-enabled":"default","ast-page-background-meta":{"desktop":{"background-color":"var(--ast-global-color-5)","background-image":"","background-repeat":"repeat","background-position":"center center","background-size":"auto","background-attachment":"scroll","background-type":"","background-media":"","overlay-type":"","overlay-color":"","overlay-opacity":"","overlay-gradient":""},"tablet":{"background-color":"","background-image":"","background-repeat":"repeat","background-position":"center center","background-size":"auto","background-attachment":"scroll","background-type":"","background-media":"","overlay-type":"","overlay-color":"","overlay-opacity":"","overlay-gradient":""},"mobile":{"background-color":"","background-image":"","background-repeat":"repeat","background-position":"center center","background-size":"auto","background-attachment":"scroll","background-type":"","background-media":"","overlay-type":"","overlay-color":"","overlay-opacity":"","overlay-gradient":""}},"ast-content-background-meta":{"desktop":{"background-color":"var(--ast-global-color-4)","background-image":"","background-repeat":"repeat","background-position":"center center","background-size":"auto","background-attachment":"scroll","background-type":"","background-media":"","overlay-type":"","overlay-color":"","overlay-opacity":"","overlay-gradient":""},"tablet":{"background-color":"var(--ast-global-color-4)","background-image":"","background-repeat":"repeat","background-position":"center center","background-size":"auto","background-attachment":"scroll","background-type":"","background-media":"","overlay-type":"","overlay-color":"","overlay-opacity":"","overlay-gradient":""},"mobile":{"background-color":"var(--ast-global-color-4)","background-image":"","background-repeat":"repeat","background-position":"center center","background-size":"auto","background-attachment":"scroll","background-type":"","background-media":"","overlay-type":"","overlay-color":"","overlay-opacity":"","overlay-gradient":""}},"footnotes":""},"class_list":["post-15","page","type-page","status-publish","hentry"],"yoast_head":"<!-- This site is optimized with the Yoast SEO plugin v27.4 - https:\/\/yoast.com\/product\/yoast-seo-wordpress\/ -->\n<title>Vaughan Advisors - Vaughan Advisors<\/title>\n<meta name=\"robots\" content=\"index, follow, max-snippet:-1, max-image-preview:large, max-video-preview:-1\" \/>\n<link rel=\"canonical\" href=\"https:\/\/vaughanadvisors.com\/cms\/los-cambios-en-la-forma-de-hacer-riqueza-son-reales-y-drasticos\/\" \/>\n<meta property=\"og:locale\" content=\"en_US\" \/>\n<meta property=\"og:type\" content=\"article\" \/>\n<meta property=\"og:title\" content=\"Vaughan Advisors - Vaughan Advisors\" \/>\n<meta property=\"og:description\" content=\"Los cambios en la forma de generar ingresos y hacer riqueza son reales y dr\u00e1sticos Hoy el Conocimiento\u00a0y el Entorno\u00a0est\u00e1n [&hellip;]\" \/>\n<meta property=\"og:url\" content=\"https:\/\/vaughanadvisors.com\/cms\/los-cambios-en-la-forma-de-hacer-riqueza-son-reales-y-drasticos\/\" \/>\n<meta property=\"og:site_name\" content=\"Vaughan Advisors\" \/>\n<meta property=\"article:modified_time\" content=\"2024-02-12T04:17:21+00:00\" \/>\n<meta name=\"twitter:card\" content=\"summary_large_image\" \/>\n<meta name=\"twitter:label1\" content=\"Est. reading time\" \/>\n\t<meta name=\"twitter:data1\" content=\"7 minutes\" \/>\n<script type=\"application\/ld+json\" class=\"yoast-schema-graph\">{\"@context\":\"https:\\\/\\\/schema.org\",\"@graph\":[{\"@type\":\"WebPage\",\"@id\":\"https:\\\/\\\/vaughanadvisors.com\\\/cms\\\/los-cambios-en-la-forma-de-hacer-riqueza-son-reales-y-drasticos\\\/\",\"url\":\"https:\\\/\\\/vaughanadvisors.com\\\/cms\\\/los-cambios-en-la-forma-de-hacer-riqueza-son-reales-y-drasticos\\\/\",\"name\":\"Vaughan Advisors - Vaughan Advisors\",\"isPartOf\":{\"@id\":\"https:\\\/\\\/vaughanadvisors.com\\\/cms\\\/#website\"},\"datePublished\":\"2016-05-25T05:16:52+00:00\",\"dateModified\":\"2024-02-12T04:17:21+00:00\",\"breadcrumb\":{\"@id\":\"https:\\\/\\\/vaughanadvisors.com\\\/cms\\\/los-cambios-en-la-forma-de-hacer-riqueza-son-reales-y-drasticos\\\/#breadcrumb\"},\"inLanguage\":\"en-US\",\"potentialAction\":[{\"@type\":\"ReadAction\",\"target\":[\"https:\\\/\\\/vaughanadvisors.com\\\/cms\\\/los-cambios-en-la-forma-de-hacer-riqueza-son-reales-y-drasticos\\\/\"]}]},{\"@type\":\"BreadcrumbList\",\"@id\":\"https:\\\/\\\/vaughanadvisors.com\\\/cms\\\/los-cambios-en-la-forma-de-hacer-riqueza-son-reales-y-drasticos\\\/#breadcrumb\",\"itemListElement\":[{\"@type\":\"ListItem\",\"position\":1,\"name\":\"Home\",\"item\":\"https:\\\/\\\/vaughanadvisors.com\\\/cms\\\/\"},{\"@type\":\"ListItem\",\"position\":2,\"name\":\"Vaughan Advisors\"}]},{\"@type\":\"WebSite\",\"@id\":\"https:\\\/\\\/vaughanadvisors.com\\\/cms\\\/#website\",\"url\":\"https:\\\/\\\/vaughanadvisors.com\\\/cms\\\/\",\"name\":\"Vaughan Advisors\",\"description\":\"Asesores\",\"potentialAction\":[{\"@type\":\"SearchAction\",\"target\":{\"@type\":\"EntryPoint\",\"urlTemplate\":\"https:\\\/\\\/vaughanadvisors.com\\\/cms\\\/?s={search_term_string}\"},\"query-input\":{\"@type\":\"PropertyValueSpecification\",\"valueRequired\":true,\"valueName\":\"search_term_string\"}}],\"inLanguage\":\"en-US\"}]}<\/script>\n<!-- \/ Yoast SEO plugin. -->","yoast_head_json":{"title":"Vaughan Advisors - Vaughan Advisors","robots":{"index":"index","follow":"follow","max-snippet":"max-snippet:-1","max-image-preview":"max-image-preview:large","max-video-preview":"max-video-preview:-1"},"canonical":"https:\/\/vaughanadvisors.com\/cms\/los-cambios-en-la-forma-de-hacer-riqueza-son-reales-y-drasticos\/","og_locale":"en_US","og_type":"article","og_title":"Vaughan Advisors - Vaughan Advisors","og_description":"Los cambios en la forma de generar ingresos y hacer riqueza son reales y dr\u00e1sticos Hoy el Conocimiento\u00a0y el Entorno\u00a0est\u00e1n [&hellip;]","og_url":"https:\/\/vaughanadvisors.com\/cms\/los-cambios-en-la-forma-de-hacer-riqueza-son-reales-y-drasticos\/","og_site_name":"Vaughan Advisors","article_modified_time":"2024-02-12T04:17:21+00:00","twitter_card":"summary_large_image","twitter_misc":{"Est. reading time":"7 minutes"},"schema":{"@context":"https:\/\/schema.org","@graph":[{"@type":"WebPage","@id":"https:\/\/vaughanadvisors.com\/cms\/los-cambios-en-la-forma-de-hacer-riqueza-son-reales-y-drasticos\/","url":"https:\/\/vaughanadvisors.com\/cms\/los-cambios-en-la-forma-de-hacer-riqueza-son-reales-y-drasticos\/","name":"Vaughan Advisors - Vaughan Advisors","isPartOf":{"@id":"https:\/\/vaughanadvisors.com\/cms\/#website"},"datePublished":"2016-05-25T05:16:52+00:00","dateModified":"2024-02-12T04:17:21+00:00","breadcrumb":{"@id":"https:\/\/vaughanadvisors.com\/cms\/los-cambios-en-la-forma-de-hacer-riqueza-son-reales-y-drasticos\/#breadcrumb"},"inLanguage":"en-US","potentialAction":[{"@type":"ReadAction","target":["https:\/\/vaughanadvisors.com\/cms\/los-cambios-en-la-forma-de-hacer-riqueza-son-reales-y-drasticos\/"]}]},{"@type":"BreadcrumbList","@id":"https:\/\/vaughanadvisors.com\/cms\/los-cambios-en-la-forma-de-hacer-riqueza-son-reales-y-drasticos\/#breadcrumb","itemListElement":[{"@type":"ListItem","position":1,"name":"Home","item":"https:\/\/vaughanadvisors.com\/cms\/"},{"@type":"ListItem","position":2,"name":"Vaughan Advisors"}]},{"@type":"WebSite","@id":"https:\/\/vaughanadvisors.com\/cms\/#website","url":"https:\/\/vaughanadvisors.com\/cms\/","name":"Vaughan Advisors","description":"Asesores","potentialAction":[{"@type":"SearchAction","target":{"@type":"EntryPoint","urlTemplate":"https:\/\/vaughanadvisors.com\/cms\/?s={search_term_string}"},"query-input":{"@type":"PropertyValueSpecification","valueRequired":true,"valueName":"search_term_string"}}],"inLanguage":"en-US"}]}},"_links":{"self":[{"href":"https:\/\/vaughanadvisors.com\/cms\/wp-json\/wp\/v2\/pages\/15","targetHints":{"allow":["GET"]}}],"collection":[{"href":"https:\/\/vaughanadvisors.com\/cms\/wp-json\/wp\/v2\/pages"}],"about":[{"href":"https:\/\/vaughanadvisors.com\/cms\/wp-json\/wp\/v2\/types\/page"}],"author":[{"embeddable":true,"href":"https:\/\/vaughanadvisors.com\/cms\/wp-json\/wp\/v2\/users\/1"}],"replies":[{"embeddable":true,"href":"https:\/\/vaughanadvisors.com\/cms\/wp-json\/wp\/v2\/comments?post=15"}],"version-history":[{"count":31,"href":"https:\/\/vaughanadvisors.com\/cms\/wp-json\/wp\/v2\/pages\/15\/revisions"}],"predecessor-version":[{"id":924,"href":"https:\/\/vaughanadvisors.com\/cms\/wp-json\/wp\/v2\/pages\/15\/revisions\/924"}],"wp:attachment":[{"href":"https:\/\/vaughanadvisors.com\/cms\/wp-json\/wp\/v2\/media?parent=15"}],"curies":[{"name":"wp","href":"https:\/\/api.w.org\/{rel}","templated":true}]}}