{"id":134,"date":"2016-05-28T03:24:12","date_gmt":"2016-05-28T03:24:12","guid":{"rendered":"http:\/\/vaughanadvisors.com\/cms\/?page_id=134"},"modified":"2016-06-02T10:15:40","modified_gmt":"2016-06-02T10:15:40","slug":"estudios-de-factibilidad","status":"publish","type":"page","link":"https:\/\/vaughanadvisors.com\/cms\/estudios-de-factibilidad\/","title":{"rendered":"Estudios de Factibilidad"},"content":{"rendered":"<ul>\n<li>El empresario debe tener extremo cuidado al momento de<br \/>\ndecidir entrar a una nueva inversi\u00f3n, ya sea un nuevo emprendimiento, a un<br \/>\nproceso de expansi\u00f3n vertical, horizontal o transversal,  o bien comprar un bien o un negocio en<br \/>\nmarcha. Por experiencia, de cada tres trabajos de esta naturaleza que<br \/>\nrealizamos, al menos en dos, nos resultaron muy distantes nuestros n\u00fameros, con<br \/>\nlos que los promotores del proyecto les presentaron a los empresarios<br \/>\ninversionistas.<\/li>\n<li>Es por lo anterior, que se torna indispensable la<br \/>\nelaboraci\u00f3n experta de un estudio econ\u00f3mico con sus t\u00e9rminos de referencia bien<br \/>\ndefinidos y sobre estos, realizar rigurosos an\u00e1lisis, evaluaciones in situ del<br \/>\nentorno, diagn\u00f3stico acertado de proyectos y planes; as\u00ed como investigaciones<br \/>\nadministrativas, financieras, mercadol\u00f3gicas y de operaciones, todas apoyadas<br \/>\npor informaci\u00f3n de primer orden de nuestras bases de datos relacionales.<\/li>\n<li>Esto nos permitir\u00e1 ser precisos en la correcta  realizaci\u00f3n de la viabilidad t\u00e9cnica y la<br \/>\nfactibilidad econ\u00f3mica. Solamente as\u00ed se dar\u00e1n pasos acertados en pro de entrar<br \/>\nen proyectos que le eleven los rendimientos de su inversi\u00f3n. Debemos ser<br \/>\ndiligentes con su solvencia expresada en la proyecci\u00f3n y sensibilidad de los<br \/>\nflujos de caja, ya que muchas veces por enfocarse en P\u00e9rdidas y Ganancias, se<br \/>\ncometen errores que van a generarles s\u00fabitos requerimientos de capital de<br \/>\ntrabajo propio, o bien, de apalancamiento de terceros que le pueden sobre<br \/>\ncargar sus costos financieros.<\/li>\n<\/ul>\n","protected":false},"excerpt":{"rendered":"<p>El empresario debe tener extremo cuidado al momento de decidir entrar a una nueva inversi\u00f3n, ya sea un nuevo emprendimiento, [&hellip;]<\/p>\n","protected":false},"author":1,"featured_media":0,"parent":0,"menu_order":0,"comment_status":"closed","ping_status":"closed","template":"","meta":{"sfsi_plus_gutenberg_text_before_share":"","sfsi_plus_gutenberg_show_text_before_share":"","sfsi_plus_gutenberg_icon_type":"","sfsi_plus_gutenberg_icon_alignemt":"","sfsi_plus_gutenburg_max_per_row":"","site-sidebar-layout":"default","site-content-layout":"","ast-site-content-layout":"default","site-content-style":"default","site-sidebar-style":"default","ast-global-header-display":"","ast-banner-title-visibility":"","ast-main-header-display":"","ast-hfb-above-header-display":"","ast-hfb-below-header-display":"","ast-hfb-mobile-header-display":"","site-post-title":"","ast-breadcrumbs-content":"","ast-featured-img":"","footer-sml-layout":"","ast-disable-related-posts":"","theme-transparent-header-meta":"","adv-header-id-meta":"","stick-header-meta":"","header-above-stick-meta":"","header-main-stick-meta":"","header-below-stick-meta":"","astra-migrate-meta-layouts":"default","ast-page-background-enabled":"default","ast-page-background-meta":{"desktop":{"background-color":"var(--ast-global-color-5)","background-image":"","background-repeat":"repeat","background-position":"center center","background-size":"auto","background-attachment":"scroll","background-type":"","background-media":"","overlay-type":"","overlay-color":"","overlay-opacity":"","overlay-gradient":""},"tablet":{"background-color":"","background-image":"","background-repeat":"repeat","background-position":"center center","background-size":"auto","background-attachment":"scroll","background-type":"","background-media":"","overlay-type":"","overlay-color":"","overlay-opacity":"","overlay-gradient":""},"mobile":{"background-color":"","background-image":"","background-repeat":"repeat","background-position":"center center","background-size":"auto","background-attachment":"scroll","background-type":"","background-media":"","overlay-type":"","overlay-color":"","overlay-opacity":"","overlay-gradient":""}},"ast-content-background-meta":{"desktop":{"background-color":"var(--ast-global-color-4)","background-image":"","background-repeat":"repeat","background-position":"center center","background-size":"auto","background-attachment":"scroll","background-type":"","background-media":"","overlay-type":"","overlay-color":"","overlay-opacity":"","overlay-gradient":""},"tablet":{"background-color":"var(--ast-global-color-4)","background-image":"","background-repeat":"repeat","background-position":"center center","background-size":"auto","background-attachment":"scroll","background-type":"","background-media":"","overlay-type":"","overlay-color":"","overlay-opacity":"","overlay-gradient":""},"mobile":{"background-color":"var(--ast-global-color-4)","background-image":"","background-repeat":"repeat","background-position":"center center","background-size":"auto","background-attachment":"scroll","background-type":"","background-media":"","overlay-type":"","overlay-color":"","overlay-opacity":"","overlay-gradient":""}},"footnotes":""},"class_list":["post-134","page","type-page","status-publish","hentry"],"yoast_head":"<!-- This site is optimized with the Yoast SEO plugin v27.4 - https:\/\/yoast.com\/product\/yoast-seo-wordpress\/ -->\n<title>Estudios de Factibilidad - Vaughan Advisors<\/title>\n<meta name=\"robots\" content=\"index, follow, max-snippet:-1, max-image-preview:large, max-video-preview:-1\" \/>\n<link rel=\"canonical\" href=\"https:\/\/vaughanadvisors.com\/cms\/estudios-de-factibilidad\/\" \/>\n<meta property=\"og:locale\" content=\"en_US\" \/>\n<meta property=\"og:type\" content=\"article\" \/>\n<meta property=\"og:title\" content=\"Estudios de Factibilidad - Vaughan Advisors\" \/>\n<meta property=\"og:description\" content=\"El empresario debe tener extremo cuidado al momento de decidir entrar a una nueva inversi\u00f3n, ya sea un nuevo emprendimiento, [&hellip;]\" \/>\n<meta property=\"og:url\" content=\"https:\/\/vaughanadvisors.com\/cms\/estudios-de-factibilidad\/\" \/>\n<meta property=\"og:site_name\" content=\"Vaughan Advisors\" \/>\n<meta property=\"article:modified_time\" content=\"2016-06-02T10:15:40+00:00\" \/>\n<meta name=\"twitter:card\" content=\"summary_large_image\" \/>\n<meta name=\"twitter:label1\" content=\"Est. reading time\" \/>\n\t<meta name=\"twitter:data1\" content=\"1 minute\" \/>\n<script type=\"application\/ld+json\" class=\"yoast-schema-graph\">{\"@context\":\"https:\\\/\\\/schema.org\",\"@graph\":[{\"@type\":\"WebPage\",\"@id\":\"https:\\\/\\\/vaughanadvisors.com\\\/cms\\\/estudios-de-factibilidad\\\/\",\"url\":\"https:\\\/\\\/vaughanadvisors.com\\\/cms\\\/estudios-de-factibilidad\\\/\",\"name\":\"Estudios de Factibilidad - Vaughan Advisors\",\"isPartOf\":{\"@id\":\"https:\\\/\\\/vaughanadvisors.com\\\/cms\\\/#website\"},\"datePublished\":\"2016-05-28T03:24:12+00:00\",\"dateModified\":\"2016-06-02T10:15:40+00:00\",\"breadcrumb\":{\"@id\":\"https:\\\/\\\/vaughanadvisors.com\\\/cms\\\/estudios-de-factibilidad\\\/#breadcrumb\"},\"inLanguage\":\"en-US\",\"potentialAction\":[{\"@type\":\"ReadAction\",\"target\":[\"https:\\\/\\\/vaughanadvisors.com\\\/cms\\\/estudios-de-factibilidad\\\/\"]}]},{\"@type\":\"BreadcrumbList\",\"@id\":\"https:\\\/\\\/vaughanadvisors.com\\\/cms\\\/estudios-de-factibilidad\\\/#breadcrumb\",\"itemListElement\":[{\"@type\":\"ListItem\",\"position\":1,\"name\":\"Home\",\"item\":\"https:\\\/\\\/vaughanadvisors.com\\\/cms\\\/\"},{\"@type\":\"ListItem\",\"position\":2,\"name\":\"Estudios de Factibilidad\"}]},{\"@type\":\"WebSite\",\"@id\":\"https:\\\/\\\/vaughanadvisors.com\\\/cms\\\/#website\",\"url\":\"https:\\\/\\\/vaughanadvisors.com\\\/cms\\\/\",\"name\":\"Vaughan Advisors\",\"description\":\"Asesores\",\"potentialAction\":[{\"@type\":\"SearchAction\",\"target\":{\"@type\":\"EntryPoint\",\"urlTemplate\":\"https:\\\/\\\/vaughanadvisors.com\\\/cms\\\/?s={search_term_string}\"},\"query-input\":{\"@type\":\"PropertyValueSpecification\",\"valueRequired\":true,\"valueName\":\"search_term_string\"}}],\"inLanguage\":\"en-US\"}]}<\/script>\n<!-- \/ Yoast SEO plugin. -->","yoast_head_json":{"title":"Estudios de Factibilidad - Vaughan Advisors","robots":{"index":"index","follow":"follow","max-snippet":"max-snippet:-1","max-image-preview":"max-image-preview:large","max-video-preview":"max-video-preview:-1"},"canonical":"https:\/\/vaughanadvisors.com\/cms\/estudios-de-factibilidad\/","og_locale":"en_US","og_type":"article","og_title":"Estudios de Factibilidad - Vaughan Advisors","og_description":"El empresario debe tener extremo cuidado al momento de decidir entrar a una nueva inversi\u00f3n, ya sea un nuevo emprendimiento, [&hellip;]","og_url":"https:\/\/vaughanadvisors.com\/cms\/estudios-de-factibilidad\/","og_site_name":"Vaughan Advisors","article_modified_time":"2016-06-02T10:15:40+00:00","twitter_card":"summary_large_image","twitter_misc":{"Est. reading time":"1 minute"},"schema":{"@context":"https:\/\/schema.org","@graph":[{"@type":"WebPage","@id":"https:\/\/vaughanadvisors.com\/cms\/estudios-de-factibilidad\/","url":"https:\/\/vaughanadvisors.com\/cms\/estudios-de-factibilidad\/","name":"Estudios de Factibilidad - Vaughan Advisors","isPartOf":{"@id":"https:\/\/vaughanadvisors.com\/cms\/#website"},"datePublished":"2016-05-28T03:24:12+00:00","dateModified":"2016-06-02T10:15:40+00:00","breadcrumb":{"@id":"https:\/\/vaughanadvisors.com\/cms\/estudios-de-factibilidad\/#breadcrumb"},"inLanguage":"en-US","potentialAction":[{"@type":"ReadAction","target":["https:\/\/vaughanadvisors.com\/cms\/estudios-de-factibilidad\/"]}]},{"@type":"BreadcrumbList","@id":"https:\/\/vaughanadvisors.com\/cms\/estudios-de-factibilidad\/#breadcrumb","itemListElement":[{"@type":"ListItem","position":1,"name":"Home","item":"https:\/\/vaughanadvisors.com\/cms\/"},{"@type":"ListItem","position":2,"name":"Estudios de Factibilidad"}]},{"@type":"WebSite","@id":"https:\/\/vaughanadvisors.com\/cms\/#website","url":"https:\/\/vaughanadvisors.com\/cms\/","name":"Vaughan Advisors","description":"Asesores","potentialAction":[{"@type":"SearchAction","target":{"@type":"EntryPoint","urlTemplate":"https:\/\/vaughanadvisors.com\/cms\/?s={search_term_string}"},"query-input":{"@type":"PropertyValueSpecification","valueRequired":true,"valueName":"search_term_string"}}],"inLanguage":"en-US"}]}},"_links":{"self":[{"href":"https:\/\/vaughanadvisors.com\/cms\/wp-json\/wp\/v2\/pages\/134","targetHints":{"allow":["GET"]}}],"collection":[{"href":"https:\/\/vaughanadvisors.com\/cms\/wp-json\/wp\/v2\/pages"}],"about":[{"href":"https:\/\/vaughanadvisors.com\/cms\/wp-json\/wp\/v2\/types\/page"}],"author":[{"embeddable":true,"href":"https:\/\/vaughanadvisors.com\/cms\/wp-json\/wp\/v2\/users\/1"}],"replies":[{"embeddable":true,"href":"https:\/\/vaughanadvisors.com\/cms\/wp-json\/wp\/v2\/comments?post=134"}],"version-history":[{"count":4,"href":"https:\/\/vaughanadvisors.com\/cms\/wp-json\/wp\/v2\/pages\/134\/revisions"}],"predecessor-version":[{"id":192,"href":"https:\/\/vaughanadvisors.com\/cms\/wp-json\/wp\/v2\/pages\/134\/revisions\/192"}],"wp:attachment":[{"href":"https:\/\/vaughanadvisors.com\/cms\/wp-json\/wp\/v2\/media?parent=134"}],"curies":[{"name":"wp","href":"https:\/\/api.w.org\/{rel}","templated":true}]}}