{"id":1332,"date":"2025-07-17T05:51:25","date_gmt":"2025-07-17T05:51:25","guid":{"rendered":"https:\/\/vaughanadvisors.com\/cms\/?page_id=1332"},"modified":"2025-09-26T02:30:16","modified_gmt":"2025-09-26T02:30:16","slug":"otros-servicios-2","status":"publish","type":"page","link":"https:\/\/vaughanadvisors.com\/cms\/otros-servicios-2\/","title":{"rendered":"Otros Servicios"},"content":{"rendered":"\t\t<div data-elementor-type=\"wp-page\" data-elementor-id=\"1332\" class=\"elementor elementor-1332\">\n\t\t\t\t<div class=\"elementor-element elementor-element-782a035 e-flex e-con-boxed e-con e-parent\" data-id=\"782a035\" data-element_type=\"container\" data-e-type=\"container\">\n\t\t\t\t\t<div class=\"e-con-inner\">\n\t\t\t\t<div class=\"elementor-element elementor-element-02b86b0 elementor-widget elementor-widget-text-editor\" data-id=\"02b86b0\" data-element_type=\"widget\" data-e-type=\"widget\" data-widget_type=\"text-editor.default\">\n\t\t\t\t\t\t\t\t\t<h3>Control Emocional<\/h3><p>La I.A. ha facilitado de forma eficiente lograr establecer con paneles de control que miden la eficiencia de todas las \u00e1reas, esto evita muchos roces entre el RRHH porque determina con precisi\u00f3n el rendimiento de todo el personal, evitando confusiones que se est\u00e1n generando sin la IA por imprecisiones humanas. Esto permite tener el control preciso de lo que cada secci\u00f3n y su personal ejecutaron y conocer sus \u00edndices de productividad con respecto a sus objetivos y metas. En adici\u00f3n a lo anterior, dicho control incide en una mejor atenci\u00f3n a sus clientes y por ende obtendr\u00e1n mejores resultados. El personal debe manejar claramente el S.A.R y S.A.P. que le permitan estar alertas y atentos a lo que se le est\u00e1 comunicando.<\/p><p>Esto nos ayuda a revertir el fen\u00f3meno de desconfianza a la nueva tecnolog\u00eda ya que al personal le genera temor y estr\u00e9s a perder su puesto y es todo lo contrario porque lo afianzar\u00e1 en el mismo dominando la IA.<\/p><h3>Gerencia de Ventas<\/h3><p>La I.A. impacta fuerte y positivamente, permiti\u00e9ndonos acumular y analizar grandes vol\u00famenes de datos as\u00ed nos enfocamos a conocer sus patrones de comportamiento y c\u00f3digos culturales que marcan sus preferencias y con ello personalizamos las estrategias de ventas y les ofrecemos compras m\u00e1s acertadas. Tambi\u00e9n facilita la automatizaci\u00f3n de las tareas repetitivas, de esta forma los equipos de ventas se dedican a construir relaciones firmes con los clientes. Todo esto ayuda a predecir tendencias de mercado logrando ajustar proactivamente sus estrategias de ventas. Esto nos permite subir las ventas, mejorar la calidad del servicio y tener mayor cantidad de clientes. Tenemos adem\u00e1s del CRM (relaciones con los clientes), S.F.A. (Automatizador de tareas de ventas) con lo cual visualizamos y gestionamos el pipeline de ventas, los C.P.Q. (ayudan a cotizar mejor los productos y servicios de alta complejidad), B.I, (inteligencia de Negocios) a trav\u00e9s del an\u00e1lisis de datos de las ventas a profundidad, nos ayuda a tomar decisiones, basadas en informaci\u00f3n.<\/p><h3>Gerencia de Finanzas<\/h3><p>La IA est\u00e1 transformando la forma en que se toman decisiones y se optimizan los recursos, uno de los sistemas m\u00e1s relevantes es el E.R.P., porque integra entre otras,\u00a0 todas las operaciones de finanzas y contabilidad en una sola plataforma gestionando \u00e1gilmente la Tesorer\u00eda, el flujo de caja y las inversiones. Con el B.I. enfocado en finanzas, podemos analizar profundamente los datos para mejorar la planificaci\u00f3n y la estrategia. Los sistemas de gesti\u00f3n de riesgo con I.A., predicen amenazas financieras potenciales y las plataformas de automatizaci\u00f3n de reportes simplificando los informes financieros y asegurando informaci\u00f3n que esta siempre actualizada y disponible. Adem\u00e1s de los E.R.P, tenemos los T.M.S (sistemas de gesti\u00f3n de tesorer\u00eda), los sistemas de B.I. financieros inteligentes, los G.R.C. (para las gestiones de gobierno, riesgos y cumplimientos) y los C.P.M. (reflejan la gesti\u00f3n de rendimiento corporativo). Todos ayudan a manejar \u00f3ptimamente las gestiones financieras empresariales.<\/p><h3>Consultor\u00edas especializadas<\/h3><p>Planes de Negocio integrales con an\u00e1lisis de mercado, Estudios de Factibilidad en empresas comerciales, industriales y de servicios y Desarrollo de Estrategias de Finanzas y Ventas.<\/p><h3>Conferencias<\/h3><p>Inteligencia Artificial, Ventas B2C, B2B y B24C, Servicio al Cliente, Equipos de trabajo con un enfoque de alto rendimiento y Liderazgo \u2013 Coaching, todas potencializadas con la Inteligencia Artificial. \u00a0<\/p>\t\t\t\t\t\t\t\t<\/div>\n\t\t\t\t\t<\/div>\n\t\t\t\t<\/div>\n\t\t\t\t<\/div>\n\t\t","protected":false},"excerpt":{"rendered":"<p>Control Emocional La I.A. ha facilitado de forma eficiente lograr establecer con paneles de control que miden la eficiencia de [&hellip;]<\/p>\n","protected":false},"author":1,"featured_media":0,"parent":0,"menu_order":0,"comment_status":"closed","ping_status":"closed","template":"","meta":{"sfsi_plus_gutenberg_text_before_share":"","sfsi_plus_gutenberg_show_text_before_share":"","sfsi_plus_gutenberg_icon_type":"","sfsi_plus_gutenberg_icon_alignemt":"","sfsi_plus_gutenburg_max_per_row":"","site-sidebar-layout":"no-sidebar","site-content-layout":"","ast-site-content-layout":"full-width-container","site-content-style":"default","site-sidebar-style":"default","ast-global-header-display":"","ast-banner-title-visibility":"","ast-main-header-display":"","ast-hfb-above-header-display":"","ast-hfb-below-header-display":"","ast-hfb-mobile-header-display":"","site-post-title":"disabled","ast-breadcrumbs-content":"","ast-featured-img":"disabled","footer-sml-layout":"","ast-disable-related-posts":"","theme-transparent-header-meta":"","adv-header-id-meta":"","stick-header-meta":"","header-above-stick-meta":"","header-main-stick-meta":"","header-below-stick-meta":"","astra-migrate-meta-layouts":"default","ast-page-background-enabled":"default","ast-page-background-meta":{"desktop":{"background-color":"var(--ast-global-color-5)","background-image":"","background-repeat":"repeat","background-position":"center center","background-size":"auto","background-attachment":"scroll","background-type":"","background-media":"","overlay-type":"","overlay-color":"","overlay-opacity":"","overlay-gradient":""},"tablet":{"background-color":"","background-image":"","background-repeat":"repeat","background-position":"center center","background-size":"auto","background-attachment":"scroll","background-type":"","background-media":"","overlay-type":"","overlay-color":"","overlay-opacity":"","overlay-gradient":""},"mobile":{"background-color":"","background-image":"","background-repeat":"repeat","background-position":"center center","background-size":"auto","background-attachment":"scroll","background-type":"","background-media":"","overlay-type":"","overlay-color":"","overlay-opacity":"","overlay-gradient":""}},"ast-content-background-meta":{"desktop":{"background-color":"var(--ast-global-color-4)","background-image":"","background-repeat":"repeat","background-position":"center center","background-size":"auto","background-attachment":"scroll","background-type":"","background-media":"","overlay-type":"","overlay-color":"","overlay-opacity":"","overlay-gradient":""},"tablet":{"background-color":"var(--ast-global-color-4)","background-image":"","background-repeat":"repeat","background-position":"center center","background-size":"auto","background-attachment":"scroll","background-type":"","background-media":"","overlay-type":"","overlay-color":"","overlay-opacity":"","overlay-gradient":""},"mobile":{"background-color":"var(--ast-global-color-4)","background-image":"","background-repeat":"repeat","background-position":"center center","background-size":"auto","background-attachment":"scroll","background-type":"","background-media":"","overlay-type":"","overlay-color":"","overlay-opacity":"","overlay-gradient":""}},"footnotes":""},"class_list":["post-1332","page","type-page","status-publish","hentry"],"yoast_head":"<!-- This site is optimized with the Yoast SEO plugin v27.4 - https:\/\/yoast.com\/product\/yoast-seo-wordpress\/ -->\n<title>Otros Servicios - Vaughan Advisors<\/title>\n<meta name=\"robots\" content=\"index, follow, max-snippet:-1, max-image-preview:large, max-video-preview:-1\" \/>\n<link rel=\"canonical\" href=\"https:\/\/vaughanadvisors.com\/cms\/otros-servicios-2\/\" \/>\n<meta property=\"og:locale\" content=\"en_US\" \/>\n<meta property=\"og:type\" content=\"article\" \/>\n<meta property=\"og:title\" content=\"Otros Servicios - Vaughan Advisors\" \/>\n<meta property=\"og:description\" content=\"Control Emocional La I.A. ha facilitado de forma eficiente lograr establecer con paneles de control que miden la eficiencia de [&hellip;]\" \/>\n<meta property=\"og:url\" content=\"https:\/\/vaughanadvisors.com\/cms\/otros-servicios-2\/\" \/>\n<meta property=\"og:site_name\" content=\"Vaughan Advisors\" \/>\n<meta property=\"article:modified_time\" content=\"2025-09-26T02:30:16+00:00\" \/>\n<meta name=\"twitter:card\" content=\"summary_large_image\" \/>\n<meta name=\"twitter:label1\" content=\"Est. reading time\" \/>\n\t<meta name=\"twitter:data1\" content=\"3 minutes\" \/>\n<script type=\"application\/ld+json\" class=\"yoast-schema-graph\">{\"@context\":\"https:\\\/\\\/schema.org\",\"@graph\":[{\"@type\":\"WebPage\",\"@id\":\"https:\\\/\\\/vaughanadvisors.com\\\/cms\\\/otros-servicios-2\\\/\",\"url\":\"https:\\\/\\\/vaughanadvisors.com\\\/cms\\\/otros-servicios-2\\\/\",\"name\":\"Otros Servicios - Vaughan Advisors\",\"isPartOf\":{\"@id\":\"https:\\\/\\\/vaughanadvisors.com\\\/cms\\\/#website\"},\"datePublished\":\"2025-07-17T05:51:25+00:00\",\"dateModified\":\"2025-09-26T02:30:16+00:00\",\"breadcrumb\":{\"@id\":\"https:\\\/\\\/vaughanadvisors.com\\\/cms\\\/otros-servicios-2\\\/#breadcrumb\"},\"inLanguage\":\"en-US\",\"potentialAction\":[{\"@type\":\"ReadAction\",\"target\":[\"https:\\\/\\\/vaughanadvisors.com\\\/cms\\\/otros-servicios-2\\\/\"]}]},{\"@type\":\"BreadcrumbList\",\"@id\":\"https:\\\/\\\/vaughanadvisors.com\\\/cms\\\/otros-servicios-2\\\/#breadcrumb\",\"itemListElement\":[{\"@type\":\"ListItem\",\"position\":1,\"name\":\"Home\",\"item\":\"https:\\\/\\\/vaughanadvisors.com\\\/cms\\\/\"},{\"@type\":\"ListItem\",\"position\":2,\"name\":\"Otros Servicios\"}]},{\"@type\":\"WebSite\",\"@id\":\"https:\\\/\\\/vaughanadvisors.com\\\/cms\\\/#website\",\"url\":\"https:\\\/\\\/vaughanadvisors.com\\\/cms\\\/\",\"name\":\"Vaughan Advisors\",\"description\":\"Asesores\",\"potentialAction\":[{\"@type\":\"SearchAction\",\"target\":{\"@type\":\"EntryPoint\",\"urlTemplate\":\"https:\\\/\\\/vaughanadvisors.com\\\/cms\\\/?s={search_term_string}\"},\"query-input\":{\"@type\":\"PropertyValueSpecification\",\"valueRequired\":true,\"valueName\":\"search_term_string\"}}],\"inLanguage\":\"en-US\"}]}<\/script>\n<!-- \/ Yoast SEO plugin. -->","yoast_head_json":{"title":"Otros Servicios - Vaughan Advisors","robots":{"index":"index","follow":"follow","max-snippet":"max-snippet:-1","max-image-preview":"max-image-preview:large","max-video-preview":"max-video-preview:-1"},"canonical":"https:\/\/vaughanadvisors.com\/cms\/otros-servicios-2\/","og_locale":"en_US","og_type":"article","og_title":"Otros Servicios - Vaughan Advisors","og_description":"Control Emocional La I.A. ha facilitado de forma eficiente lograr establecer con paneles de control que miden la eficiencia de [&hellip;]","og_url":"https:\/\/vaughanadvisors.com\/cms\/otros-servicios-2\/","og_site_name":"Vaughan Advisors","article_modified_time":"2025-09-26T02:30:16+00:00","twitter_card":"summary_large_image","twitter_misc":{"Est. reading time":"3 minutes"},"schema":{"@context":"https:\/\/schema.org","@graph":[{"@type":"WebPage","@id":"https:\/\/vaughanadvisors.com\/cms\/otros-servicios-2\/","url":"https:\/\/vaughanadvisors.com\/cms\/otros-servicios-2\/","name":"Otros Servicios - Vaughan Advisors","isPartOf":{"@id":"https:\/\/vaughanadvisors.com\/cms\/#website"},"datePublished":"2025-07-17T05:51:25+00:00","dateModified":"2025-09-26T02:30:16+00:00","breadcrumb":{"@id":"https:\/\/vaughanadvisors.com\/cms\/otros-servicios-2\/#breadcrumb"},"inLanguage":"en-US","potentialAction":[{"@type":"ReadAction","target":["https:\/\/vaughanadvisors.com\/cms\/otros-servicios-2\/"]}]},{"@type":"BreadcrumbList","@id":"https:\/\/vaughanadvisors.com\/cms\/otros-servicios-2\/#breadcrumb","itemListElement":[{"@type":"ListItem","position":1,"name":"Home","item":"https:\/\/vaughanadvisors.com\/cms\/"},{"@type":"ListItem","position":2,"name":"Otros Servicios"}]},{"@type":"WebSite","@id":"https:\/\/vaughanadvisors.com\/cms\/#website","url":"https:\/\/vaughanadvisors.com\/cms\/","name":"Vaughan Advisors","description":"Asesores","potentialAction":[{"@type":"SearchAction","target":{"@type":"EntryPoint","urlTemplate":"https:\/\/vaughanadvisors.com\/cms\/?s={search_term_string}"},"query-input":{"@type":"PropertyValueSpecification","valueRequired":true,"valueName":"search_term_string"}}],"inLanguage":"en-US"}]}},"_links":{"self":[{"href":"https:\/\/vaughanadvisors.com\/cms\/wp-json\/wp\/v2\/pages\/1332","targetHints":{"allow":["GET"]}}],"collection":[{"href":"https:\/\/vaughanadvisors.com\/cms\/wp-json\/wp\/v2\/pages"}],"about":[{"href":"https:\/\/vaughanadvisors.com\/cms\/wp-json\/wp\/v2\/types\/page"}],"author":[{"embeddable":true,"href":"https:\/\/vaughanadvisors.com\/cms\/wp-json\/wp\/v2\/users\/1"}],"replies":[{"embeddable":true,"href":"https:\/\/vaughanadvisors.com\/cms\/wp-json\/wp\/v2\/comments?post=1332"}],"version-history":[{"count":16,"href":"https:\/\/vaughanadvisors.com\/cms\/wp-json\/wp\/v2\/pages\/1332\/revisions"}],"predecessor-version":[{"id":1758,"href":"https:\/\/vaughanadvisors.com\/cms\/wp-json\/wp\/v2\/pages\/1332\/revisions\/1758"}],"wp:attachment":[{"href":"https:\/\/vaughanadvisors.com\/cms\/wp-json\/wp\/v2\/media?parent=1332"}],"curies":[{"name":"wp","href":"https:\/\/api.w.org\/{rel}","templated":true}]}}