{"id":1330,"date":"2025-07-17T05:51:07","date_gmt":"2025-07-17T05:51:07","guid":{"rendered":"https:\/\/vaughanadvisors.com\/cms\/?page_id=1330"},"modified":"2025-09-26T02:21:34","modified_gmt":"2025-09-26T02:21:34","slug":"servicios-ia","status":"publish","type":"page","link":"https:\/\/vaughanadvisors.com\/cms\/servicios-ia\/","title":{"rendered":"Servicios IA"},"content":{"rendered":"\t\t<div data-elementor-type=\"wp-page\" data-elementor-id=\"1330\" class=\"elementor elementor-1330\">\n\t\t\t\t<div class=\"elementor-element elementor-element-16560bc e-flex e-con-boxed e-con e-parent\" data-id=\"16560bc\" data-element_type=\"container\" data-e-type=\"container\">\n\t\t\t\t\t<div class=\"e-con-inner\">\n\t\t\t\t<div class=\"elementor-element elementor-element-35171c4 elementor-widget elementor-widget-text-editor\" data-id=\"35171c4\" data-element_type=\"widget\" data-e-type=\"widget\" data-widget_type=\"text-editor.default\">\n\t\t\t\t\t\t\t\t\t<h3>Estamos ante un nuevo orden mundial a nivel de las actividades locales y globales<\/h3><p>Somos expertos en Inteligencia Artificial a nivel pr\u00e1ctico, nuestras conferencias y Seminarios presenciales y virtuales, les generar\u00e1n beneficios insospechados.<\/p><p>Todas las definiciones ser\u00e1n expuestas de forma resumida, dado que en los seminarios virtuales y presenciales expondremos ampliamente todos los temas.<\/p><p><strong>INTELIGENCIA ARTIFICIAL<\/strong><\/p><p>De una forma muy simple, es la capacidad de las maquinas de realizar funciones similares o mejores a la mente humana, tal y como funciona una gigantesca red neuronal. Nuestro objetivo es brindarles las m\u00faltiples ventajas que tiene la IA en este nuevo orden mundial, dado que es como tener innumerables cerebros a\u00a0 a su servicio 24-7-52. Abordaremos \u00e1reas que toda empresa o emprendedor desea optimizar tales como: Subir sus ventas, bajar sus costos y gastos y maximizar la eficiencia automatizando los procesos operativos, todo esto para beneficio de socios, gerentes y personal en general al lograr un mayor retorno de la inversi\u00f3n siempre sin olvidar la esencial solvencia que les da capacidad de maniobra para competir, esto lo haremos de forma muy clara y sencilla para que lo apliquen desde ya. Permite anticipar necesidades, mejorar la toma de decisiones y ofrecer experiencias de usuario mucho m\u00e1s personalizadas.<\/p><p><strong>AGENTES IA<\/strong><\/p><p>Desde que se populariz\u00f3 la IA se han creado m\u00faltiples formas de ayudar en el gerenciamiento de las organizaciones, siendo los que predominan los llamados Asistentes\/Agentes. Hoy en d\u00eda estos \u00faltimos son la revelaci\u00f3n alrededor del apoyo a los directivos, gerentes y personal en general, estos tienen algunas ventajas dado que sus redes neuronales se alimentan de forma aut\u00f3noma y van aumentando su base de datos y conocimientos d\u00eda a d\u00eda, incluso de fuentes externas y lo hacen sin intervenci\u00f3n humana. Esto lo diferencia de las dem\u00e1s plataformas y sistemas que dependen de la informaci\u00f3n que ya est\u00e1 accesible en el ciberespacio. \u00a0Van m\u00e1s all\u00e1 de lo que es el PLN y pueden alcanzar alto desarrollo que ayuda en la toma de decisiones resolviendo problemas complejos como por ejemplo en la Ciencia Medica y la Alta Tecnolog\u00eda.<\/p><p><strong>VENTAS B2C<\/strong><\/p><p>Desde siempre hay ventas en todo el orbe. En el nuevo orden mundial hay muchas variantes en el tema el cual se volvi\u00f3 disruptivo con la IA, en este caso espec\u00edfico nos referiremos a la venta de negocio al cliente (Business to Costumer). A veces se le considera una venta f\u00e1cil y esta afirmaci\u00f3n a nuestro juicio no es del todo cierta dado que, entre otras cosas, entra en juego el factor emocional porque cada persona tiene diferentes vivencias y carencias. Por lo tanto, el arte del profesional en ventas ser\u00e1 ganarse la simpat\u00eda y ser emp\u00e1tico con ese cliente decisor, lo cual no pasa en el siguiente tipo de venta donde generalmente se negocia con un cuerpo colegiado. Concluyendo, en la venta B2C cualquier error que provoque molestias o el no descubrir la carencia relativa o real del consumidor, por no hacer preguntas de situaci\u00f3n y de problemas puede generar el no lograr el negocio.<\/p><p><strong>VENTA B2B<\/strong><\/p><p>Este modelo de negocios es milenario, m\u00e1s al aparecer la IA cambio favoreciendo los Negocios, ya que nos ofrece muchas herramientas que nos convierten en promotores m\u00e1s eficientes, facilit\u00e1ndonos brindarle al cliente corporativo opciones mas adaptadas a las necesidades del comprador para obtener mejores rendimientos sea con productos o servicios, lo cual es un factor que implica crecimiento mutuo y negocios a largo plazo. Un elemento clave son los sistemas de informaci\u00f3n hist\u00f3rica de la venta por medio de los CRM que hoy por la IA se enlazan con otros softwares que nos facilitan predecir lo que m\u00e1s conviene al cliente y al staff Gerencial en sus prop\u00f3sitos de conseguir mejores logros en el rendimiento del capital y la solvencia deseada.<\/p><p>Contrario a la B2C, la variable es la Ganancia. En la B2C lo emocional es \u201cYo lo quiero\u201d, en la B2B es de Costo-Beneficio y el pensamiento del staff de que \u201clo necesitamos\u201d.<\/p><p><strong>VENTA B24B<\/strong><\/p><p>Esta no es milenaria, sino que es producto de las fuertes exigencias del cliente moderno que tiene mucha informaci\u00f3n update, lo cual no se daba antes de la IA. \u00a0La B2B y la B24B son similares m\u00e1s se da una diferencia de informaci\u00f3n (feedback) que demuestra con hechos que al preferirnos esta obteniendo mayores beneficios que con el suplidor anterior, m\u00e1s se necesitan automatizar una serie de datos para comprobar por medio reportes mensuales, que se est\u00e1n bajando gastos, costos y aumentando utilidades, por ser m\u00e1s eficientes de lo que eran antes.<\/p><p>En los tres tipos de ventas es esencial el comprar eficientemente (control de costos) y la automatizaci\u00f3n del manejo y control de cielos y pisos de inventario para nunca decir \u201cNo hay\u201d, con estas y otras herramientas, se nos facilitar\u00e1 lograr el apreciado \u201cReload\u201d y generar m\u00e1s negocios a largo plazo, en palabras simples que logremos continuar cerrando negocios con estos clientes.<\/p><p><strong>SERVICIO MEMORABLE Y TRASCENDENTE<\/strong><\/p><p>El principal factor que marca el \u00e9xito o descenso de su empresa es brindar un servicio memorable y trascendente o no, hoy la clave para salir adelante es la IA<em><i>,<\/i><\/em> sin ella, no es posible competir en el nuevo orden mundial, significar\u00e1 tu crecimiento o la p\u00e9rdida total de su mercado en los pr\u00f3ximos meses. Por d\u00e9cadas, hemos investigado que los negocios que fracasan es por causas mayores o fallas del RRHH, esto provoca en el Cliente un rechazo por el mal servicio y que todo el personal, ha abandonado el concepto de que el cliente es el centro de todo (servicentrico) y que la cultura de servicio debe ser esencial en la empresa (clientecentrica). Hay muchas variables que llevan al \u00e9xito o al fracaso, ejemplo, la amabilidad, la cortes\u00eda, la asertividad y el seguimiento en todo el proceso hasta la entrega y aun despu\u00e9s de esta, \u00a0debemos prestar atenci\u00f3n a la calidad de la post venta para as\u00ed lograr el Reload, de esta forma, lograremos ganarnos la confianza de los clientes.<\/p><p><strong>EQUIPOS DE ALTO RENDIMIENTO EDAR<\/strong><\/p><p>Los Equipos en las diferentes \u00e1reas comparten ciertas caracter\u00edsticas claves, a manera de ejemplo, una comunicaci\u00f3n efectiva y transparente, un alto sentido de colaboraci\u00f3n y tener objetivos claramente definidos para que cada miembro del equipo conozca sus deberes. Con la IA, es m\u00e1s simple el manejo eficiente de los equipos ya que permiten automatizar muchas tareas repetitivas y le dan espacio al personal de dedicarse a tareas esenciales, tales como la racionalizaci\u00f3n en el proceso de atenci\u00f3n y tener una log\u00edstica interna y externa de primer orden para acortar el tiempo de servicio al cliente y que nunca escale y m\u00e1s bien se reduzca. Como siempre es esencial el liderazgo \u2013 coaching para lograr sinergia, un todo arm\u00f3nico con lo cual se logre el cumplimiento de los objetivos y metas, solo as\u00ed alcanzaran la categor\u00eda de Alto rendimiento.<\/p><p><strong>LIDERAZGO \/ COACHING<\/strong><\/p><p>Se percibe al L\u00edder en lo m\u00e1s alto de la pir\u00e1mide y a los coach y mentores m\u00e1s abajo, lo cual organizativamente es correcto, sin embargo, hemos investigado por a\u00f1os el tema y hemos concluido que el l\u00edder debe tambi\u00e9n pensar como Coach y mentor, porque es parte relevante de su trabajo.\u00a0 Hay desconfianza con la IA, incluso la adversan porque sienten temor a quedar sin empleo y nosotros predicamos que, sino la adoptan van a ser reemplazados por quienes la usen eficientemente. Por ejemplo, los Agentes IA convertir\u00e1n a un vendedor en varios, logrando atender a m\u00e1s clientes y ganar mas comisi\u00f3n, delegando lo rutinario, para resolver personalmente lo relevante. Concretando, hay empresarios y emprendedores admirados pero sus negocios han fracasado porque no crearon lideres\/coaches a su alrededor que le ayuden a fortalecer la misi\u00f3n y visi\u00f3n. El l\u00edder debe de convertirse en un vendedor en todas las \u00e1reas indic\u00e1ndole al RRHH las bondades de la IA y como pueden aumentar sus ganancias y del temor pasar\u00e1n a la abundancia.<\/p><p>Hemos estado dedicados desde inicios del Boom de IA 2023 a investigar el fen\u00f3meno llamado Inteligencia Artificial, con el cual se produjo una mega disrupci\u00f3n que cambi\u00f3 radicalmente la forma de hacer negocios. Esto no es un punto de inflexi\u00f3n, es un nuevo orden mundial, por lo tanto, les aseguramos que todos nuestros conocimientos est\u00e1n actualizados a Junio 2025. Esto nos da la seguridad de optimizarles los retornos de su inversi\u00f3n y lo no menos importante, cumplir con el m\u00e1ximo deseo de todo empresario desde las MiPyMES hasta las grandes empresas que es subir Ventas, bajar Costos y Gastos y mantener altos \u00edndices de Solvencia Financiera y Utilidades. Hoy con la IA es su momento de lograrlo. \u00a0<\/p><p><strong>MENSAJE Y BREVE CONCLUSI\u00d3N<\/strong><\/p><ul><li>Todos debemos reinventarnos diario en este nuevo orden mundial de lo contrario no veremos el futuro.<\/li><li>Inicien desde ya a utilizarla, cada semana experimentar\u00e1n que la IA se vuelve m\u00e1s f\u00e1cil de manejar.<\/li><li>Les aseguramos que, solo interactuando a diario con ella, sostendr\u00e1n e incluso incrementar\u00e1n su mercado.<\/li><li>Los que piensen que es caro invertir en la IA, pronto comprobaran el grave costo de no hacerlo.<\/li><\/ul>\t\t\t\t\t\t\t\t<\/div>\n\t\t\t\t\t<\/div>\n\t\t\t\t<\/div>\n\t\t\t\t<\/div>\n\t\t","protected":false},"excerpt":{"rendered":"<p>Estamos ante un nuevo orden mundial a nivel de las actividades locales y globales Somos expertos en Inteligencia Artificial a [&hellip;]<\/p>\n","protected":false},"author":1,"featured_media":0,"parent":0,"menu_order":0,"comment_status":"closed","ping_status":"closed","template":"","meta":{"sfsi_plus_gutenberg_text_before_share":"","sfsi_plus_gutenberg_show_text_before_share":"","sfsi_plus_gutenberg_icon_type":"","sfsi_plus_gutenberg_icon_alignemt":"","sfsi_plus_gutenburg_max_per_row":"","site-sidebar-layout":"no-sidebar","site-content-layout":"","ast-site-content-layout":"full-width-container","site-content-style":"default","site-sidebar-style":"default","ast-global-header-display":"","ast-banner-title-visibility":"","ast-main-header-display":"","ast-hfb-above-header-display":"","ast-hfb-below-header-display":"","ast-hfb-mobile-header-display":"","site-post-title":"disabled","ast-breadcrumbs-content":"","ast-featured-img":"disabled","footer-sml-layout":"","ast-disable-related-posts":"","theme-transparent-header-meta":"","adv-header-id-meta":"","stick-header-meta":"","header-above-stick-meta":"","header-main-stick-meta":"","header-below-stick-meta":"","astra-migrate-meta-layouts":"default","ast-page-background-enabled":"default","ast-page-background-meta":{"desktop":{"background-color":"var(--ast-global-color-5)","background-image":"","background-repeat":"repeat","background-position":"center center","background-size":"auto","background-attachment":"scroll","background-type":"","background-media":"","overlay-type":"","overlay-color":"","overlay-opacity":"","overlay-gradient":""},"tablet":{"background-color":"","background-image":"","background-repeat":"repeat","background-position":"center center","background-size":"auto","background-attachment":"scroll","background-type":"","background-media":"","overlay-type":"","overlay-color":"","overlay-opacity":"","overlay-gradient":""},"mobile":{"background-color":"","background-image":"","background-repeat":"repeat","background-position":"center center","background-size":"auto","background-attachment":"scroll","background-type":"","background-media":"","overlay-type":"","overlay-color":"","overlay-opacity":"","overlay-gradient":""}},"ast-content-background-meta":{"desktop":{"background-color":"var(--ast-global-color-4)","background-image":"","background-repeat":"repeat","background-position":"center center","background-size":"auto","background-attachment":"scroll","background-type":"","background-media":"","overlay-type":"","overlay-color":"","overlay-opacity":"","overlay-gradient":""},"tablet":{"background-color":"var(--ast-global-color-4)","background-image":"","background-repeat":"repeat","background-position":"center center","background-size":"auto","background-attachment":"scroll","background-type":"","background-media":"","overlay-type":"","overlay-color":"","overlay-opacity":"","overlay-gradient":""},"mobile":{"background-color":"var(--ast-global-color-4)","background-image":"","background-repeat":"repeat","background-position":"center center","background-size":"auto","background-attachment":"scroll","background-type":"","background-media":"","overlay-type":"","overlay-color":"","overlay-opacity":"","overlay-gradient":""}},"footnotes":""},"class_list":["post-1330","page","type-page","status-publish","hentry"],"yoast_head":"<!-- This site is optimized with the Yoast SEO plugin v27.4 - https:\/\/yoast.com\/product\/yoast-seo-wordpress\/ -->\n<title>Servicios IA - Vaughan Advisors<\/title>\n<meta name=\"robots\" content=\"index, follow, max-snippet:-1, max-image-preview:large, max-video-preview:-1\" \/>\n<link rel=\"canonical\" href=\"https:\/\/vaughanadvisors.com\/cms\/servicios-ia\/\" \/>\n<meta property=\"og:locale\" content=\"en_US\" \/>\n<meta property=\"og:type\" content=\"article\" \/>\n<meta property=\"og:title\" content=\"Servicios IA - Vaughan Advisors\" \/>\n<meta property=\"og:description\" content=\"Estamos ante un nuevo orden mundial a nivel de las actividades locales y globales Somos expertos en Inteligencia Artificial a [&hellip;]\" \/>\n<meta property=\"og:url\" content=\"https:\/\/vaughanadvisors.com\/cms\/servicios-ia\/\" \/>\n<meta property=\"og:site_name\" content=\"Vaughan Advisors\" \/>\n<meta property=\"article:modified_time\" content=\"2025-09-26T02:21:34+00:00\" \/>\n<meta name=\"twitter:card\" content=\"summary_large_image\" \/>\n<meta name=\"twitter:label1\" content=\"Est. reading time\" \/>\n\t<meta name=\"twitter:data1\" content=\"8 minutes\" \/>\n<script type=\"application\/ld+json\" class=\"yoast-schema-graph\">{\"@context\":\"https:\\\/\\\/schema.org\",\"@graph\":[{\"@type\":\"WebPage\",\"@id\":\"https:\\\/\\\/vaughanadvisors.com\\\/cms\\\/servicios-ia\\\/\",\"url\":\"https:\\\/\\\/vaughanadvisors.com\\\/cms\\\/servicios-ia\\\/\",\"name\":\"Servicios IA - Vaughan Advisors\",\"isPartOf\":{\"@id\":\"https:\\\/\\\/vaughanadvisors.com\\\/cms\\\/#website\"},\"datePublished\":\"2025-07-17T05:51:07+00:00\",\"dateModified\":\"2025-09-26T02:21:34+00:00\",\"breadcrumb\":{\"@id\":\"https:\\\/\\\/vaughanadvisors.com\\\/cms\\\/servicios-ia\\\/#breadcrumb\"},\"inLanguage\":\"en-US\",\"potentialAction\":[{\"@type\":\"ReadAction\",\"target\":[\"https:\\\/\\\/vaughanadvisors.com\\\/cms\\\/servicios-ia\\\/\"]}]},{\"@type\":\"BreadcrumbList\",\"@id\":\"https:\\\/\\\/vaughanadvisors.com\\\/cms\\\/servicios-ia\\\/#breadcrumb\",\"itemListElement\":[{\"@type\":\"ListItem\",\"position\":1,\"name\":\"Home\",\"item\":\"https:\\\/\\\/vaughanadvisors.com\\\/cms\\\/\"},{\"@type\":\"ListItem\",\"position\":2,\"name\":\"Servicios IA\"}]},{\"@type\":\"WebSite\",\"@id\":\"https:\\\/\\\/vaughanadvisors.com\\\/cms\\\/#website\",\"url\":\"https:\\\/\\\/vaughanadvisors.com\\\/cms\\\/\",\"name\":\"Vaughan Advisors\",\"description\":\"Asesores\",\"potentialAction\":[{\"@type\":\"SearchAction\",\"target\":{\"@type\":\"EntryPoint\",\"urlTemplate\":\"https:\\\/\\\/vaughanadvisors.com\\\/cms\\\/?s={search_term_string}\"},\"query-input\":{\"@type\":\"PropertyValueSpecification\",\"valueRequired\":true,\"valueName\":\"search_term_string\"}}],\"inLanguage\":\"en-US\"}]}<\/script>\n<!-- \/ Yoast SEO plugin. -->","yoast_head_json":{"title":"Servicios IA - Vaughan Advisors","robots":{"index":"index","follow":"follow","max-snippet":"max-snippet:-1","max-image-preview":"max-image-preview:large","max-video-preview":"max-video-preview:-1"},"canonical":"https:\/\/vaughanadvisors.com\/cms\/servicios-ia\/","og_locale":"en_US","og_type":"article","og_title":"Servicios IA - Vaughan Advisors","og_description":"Estamos ante un nuevo orden mundial a nivel de las actividades locales y globales Somos expertos en Inteligencia Artificial a [&hellip;]","og_url":"https:\/\/vaughanadvisors.com\/cms\/servicios-ia\/","og_site_name":"Vaughan Advisors","article_modified_time":"2025-09-26T02:21:34+00:00","twitter_card":"summary_large_image","twitter_misc":{"Est. reading time":"8 minutes"},"schema":{"@context":"https:\/\/schema.org","@graph":[{"@type":"WebPage","@id":"https:\/\/vaughanadvisors.com\/cms\/servicios-ia\/","url":"https:\/\/vaughanadvisors.com\/cms\/servicios-ia\/","name":"Servicios IA - Vaughan Advisors","isPartOf":{"@id":"https:\/\/vaughanadvisors.com\/cms\/#website"},"datePublished":"2025-07-17T05:51:07+00:00","dateModified":"2025-09-26T02:21:34+00:00","breadcrumb":{"@id":"https:\/\/vaughanadvisors.com\/cms\/servicios-ia\/#breadcrumb"},"inLanguage":"en-US","potentialAction":[{"@type":"ReadAction","target":["https:\/\/vaughanadvisors.com\/cms\/servicios-ia\/"]}]},{"@type":"BreadcrumbList","@id":"https:\/\/vaughanadvisors.com\/cms\/servicios-ia\/#breadcrumb","itemListElement":[{"@type":"ListItem","position":1,"name":"Home","item":"https:\/\/vaughanadvisors.com\/cms\/"},{"@type":"ListItem","position":2,"name":"Servicios IA"}]},{"@type":"WebSite","@id":"https:\/\/vaughanadvisors.com\/cms\/#website","url":"https:\/\/vaughanadvisors.com\/cms\/","name":"Vaughan Advisors","description":"Asesores","potentialAction":[{"@type":"SearchAction","target":{"@type":"EntryPoint","urlTemplate":"https:\/\/vaughanadvisors.com\/cms\/?s={search_term_string}"},"query-input":{"@type":"PropertyValueSpecification","valueRequired":true,"valueName":"search_term_string"}}],"inLanguage":"en-US"}]}},"_links":{"self":[{"href":"https:\/\/vaughanadvisors.com\/cms\/wp-json\/wp\/v2\/pages\/1330","targetHints":{"allow":["GET"]}}],"collection":[{"href":"https:\/\/vaughanadvisors.com\/cms\/wp-json\/wp\/v2\/pages"}],"about":[{"href":"https:\/\/vaughanadvisors.com\/cms\/wp-json\/wp\/v2\/types\/page"}],"author":[{"embeddable":true,"href":"https:\/\/vaughanadvisors.com\/cms\/wp-json\/wp\/v2\/users\/1"}],"replies":[{"embeddable":true,"href":"https:\/\/vaughanadvisors.com\/cms\/wp-json\/wp\/v2\/comments?post=1330"}],"version-history":[{"count":94,"href":"https:\/\/vaughanadvisors.com\/cms\/wp-json\/wp\/v2\/pages\/1330\/revisions"}],"predecessor-version":[{"id":1748,"href":"https:\/\/vaughanadvisors.com\/cms\/wp-json\/wp\/v2\/pages\/1330\/revisions\/1748"}],"wp:attachment":[{"href":"https:\/\/vaughanadvisors.com\/cms\/wp-json\/wp\/v2\/media?parent=1330"}],"curies":[{"name":"wp","href":"https:\/\/api.w.org\/{rel}","templated":true}]}}